{"id":11873,"date":"2022-12-27T17:13:14","date_gmt":"2022-12-27T09:13:14","guid":{"rendered":"https:\/\/sellersunionagent.com\/?post_type=product&#038;p=11873"},"modified":"2022-12-27T17:13:14","modified_gmt":"2022-12-27T09:13:14","slug":"end-table-side-table-nightstand-storage-shelf-for-bedroomkitchenliving-room-and-office-stable-metal-framewood-top-easy-assembly","status":"publish","type":"product","link":"https:\/\/www.sellersunionagent.com\/pl\/end-table-side-table-nightstand-storage-shelf-for-bedroomkitchenliving-room-and-office-stable-metal-framewood-top-easy-assembly\/","title":{"rendered":"Stolik ko\u0144cowy \/ stolik boczny \/ szafka nocna z p\u00f3\u0142k\u0105 do przechowywania do sypialni, kuchni, salonu i biura, stabilna metalowa rama, drewniany blat, \u0142atwy monta\u017c"},"content":{"rendered":"<h2>Stolik ko\u0144cowy \/ stolik boczny \/ szafka nocna z p\u00f3\u0142k\u0105 do przechowywania do sypialni, kuchni, salonu i biura, stabilna metalowa rama, drewniany blat, \u0142atwy monta\u017c<\/h2>\n<p>&nbsp;<\/p>\n<p>&nbsp;<\/p>\n<ul>\n<li>Materia\u0142 premium<\/li>\n<li>Dobra no\u015bno\u015b\u0107<\/li>\n<li>Trwa\u0142o\u015b\u0107<\/li>\n<li>Wiele zastosowa\u0144<\/li>\n<li>Prosta, stylowa konstrukcja<\/li>\n<li>\u0141atwa instalacja<\/li>\n<\/ul>\n<p>&nbsp;<\/p>\n<p>&nbsp;<\/p>\n<p><strong>Typ<\/strong>: Table<\/p>\n<div class=\"elementor-element elementor-element-c17fac7 elementor-widget elementor-widget-woocommerce-product-short-description\" data-id=\"c17fac7\" data-element_type=\"widget\" data-widget_type=\"woocommerce-product-short-description.default\">\n<div class=\"elementor-widget-container\">\n<div class=\"woocommerce-product-details__short-description\">\n<p><strong>Numer pozycji:<\/strong> JB-05<\/p>\n<p><strong>Rozmiar elementu<\/strong>: 56*35*60cm<\/p>\n<p><strong>Kolory<\/strong>: Czarny<\/p>\n<p><strong>Materia\u0142: <\/strong>\u017celazo<\/p>\n<p><img fetchpriority=\"high\" decoding=\"async\" class=\"aligncenter wp-image-11874\" src=\"https:\/\/www.sellersunionagent.com\/wp-content\/uploads\/2022\/12\/wholesale-shopping-bags-10.jpg\" alt=\"End Table\" width=\"600\" height=\"600\" \/> <img decoding=\"async\" class=\"aligncenter wp-image-11875\" src=\"https:\/\/www.sellersunionagent.com\/wp-content\/uploads\/2022\/12\/wholesale-shopping-bags-9.jpg\" alt=\"End Table\" width=\"600\" height=\"600\" \/> <img decoding=\"async\" class=\"aligncenter wp-image-11876\" src=\"https:\/\/www.sellersunionagent.com\/wp-content\/uploads\/2022\/12\/wholesale-shopping-bags-8.jpg\" alt=\"End Table\" width=\"600\" height=\"601\" \/> <img loading=\"lazy\" decoding=\"async\" class=\"aligncenter wp-image-11877\" src=\"https:\/\/www.sellersunionagent.com\/wp-content\/uploads\/2022\/12\/wholesale-shopping-bags-7.jpg\" alt=\"End Table\" width=\"600\" height=\"601\" \/><\/p>\n<p>&nbsp;<\/p>\n<\/div>\n<\/div>\n<\/div>","protected":false},"excerpt":{"rendered":"<p><strong><b>MOQ<\/b><\/strong>: 100 szt.<br \/>\n<strong><b>Bezp\u0142atna pr\u00f3bka<\/b><\/strong>:  Obs\u0142ugiwane<br \/>\n<strong><b>Personalizacja<\/b><\/strong>:  Rozmiar \/ opakowanie itp.<br \/>\n<strong><b>Zni\u017cka<\/b><\/strong>:  Pierwsze zam\u00f3wienia ju\u017c od 10% taniej.<br \/>\n<strong><b>Wska\u017anik terminowo\u015bci dostaw<\/b><\/strong>:\u00a0 100%<br \/>\n<strong><b>Przesy\u0142ki og\u00f3\u0142em<\/b><\/strong>:  10000 szt.<br \/>\n<strong><b>Wysy\u0142ka<\/b><\/strong>: Fracht morski Fracht l\u0105dowy<\/p>","protected":false},"featured_media":11877,"comment_status":"open","ping_status":"closed","template":"","meta":{"_acf_changed":false},"product_brand":[],"product_cat":[31,187,188,186],"product_tag":[220,73,99],"class_list":{"0":"post-11873","1":"product","2":"type-product","3":"status-publish","4":"has-post-thumbnail","6":"product_cat-home-storage","7":"product_cat-bedroom","8":"product_cat-kitchen","9":"product_cat-living-room","10":"product_tag-end-table","11":"product_tag-home-storagewholesaledurable","12":"product_tag-wholesale-maker-from-china","14":"first","15":"instock","16":"shipping-taxable","17":"product-type-simple","18":"swiper-slide"},"acf":[],"_links":{"self":[{"href":"https:\/\/www.sellersunionagent.com\/pl\/wp-json\/wp\/v2\/product\/11873","targetHints":{"allow":["GET"]}}],"collection":[{"href":"https:\/\/www.sellersunionagent.com\/pl\/wp-json\/wp\/v2\/product"}],"about":[{"href":"https:\/\/www.sellersunionagent.com\/pl\/wp-json\/wp\/v2\/types\/product"}],"replies":[{"embeddable":true,"href":"https:\/\/www.sellersunionagent.com\/pl\/wp-json\/wp\/v2\/comments?post=11873"}],"wp:featuredmedia":[{"embeddable":true,"href":"https:\/\/www.sellersunionagent.com\/pl\/wp-json\/wp\/v2\/media\/11877"}],"wp:attachment":[{"href":"https:\/\/www.sellersunionagent.com\/pl\/wp-json\/wp\/v2\/media?parent=11873"}],"wp:term":[{"taxonomy":"product_brand","embeddable":true,"href":"https:\/\/www.sellersunionagent.com\/pl\/wp-json\/wp\/v2\/product_brand?post=11873"},{"taxonomy":"product_cat","embeddable":true,"href":"https:\/\/www.sellersunionagent.com\/pl\/wp-json\/wp\/v2\/product_cat?post=11873"},{"taxonomy":"product_tag","embeddable":true,"href":"https:\/\/www.sellersunionagent.com\/pl\/wp-json\/wp\/v2\/product_tag?post=11873"}],"curies":[{"name":"wp","href":"https:\/\/api.w.org\/{rel}","templated":true}]}}