{"id":11868,"date":"2022-12-27T16:21:29","date_gmt":"2022-12-27T08:21:29","guid":{"rendered":"https:\/\/sellersunionagent.com\/?post_type=product&#038;p=11868"},"modified":"2022-12-27T16:21:29","modified_gmt":"2022-12-27T08:21:29","slug":"wielofunkcyjna-polka-na-naczynia-kuchenne-kuchenka-mikrofalowa-ksiazka-wazony-owoce-kuchnia-sypialnia-salon-organizer","status":"publish","type":"product","link":"https:\/\/www.sellersunionagent.com\/pl\/multi-functional-shelf-for-dish-kitchenware-microwave-oven-book-vases-fruits-kitchen-bedroom-living-room-organizer\/","title":{"rendered":"Wielofunkcyjna p\u00f3\u0142ka na naczynia, przybory kuchenne, kuchenk\u0119 mikrofalow\u0105, ksi\u0105\u017cki, wazony, owoce, kuchni\u0119, sypialni\u0119, organizer do salonu"},"content":{"rendered":"<h2>Wielofunkcyjna p\u00f3\u0142ka na naczynia, przybory kuchenne, kuchenk\u0119 mikrofalow\u0105, ksi\u0105\u017cki, wazony, owoce, kuchni\u0119, sypialni\u0119, organizer do salonu<\/h2>\n<p>&nbsp;<\/p>\n<p>&nbsp;<\/p>\n<ul>\n<li>Materia\u0142 premium<\/li>\n<li>Dobra no\u015bno\u015b\u0107<\/li>\n<li>Trwa\u0142o\u015b\u0107<\/li>\n<li>Wiele zastosowa\u0144<\/li>\n<li>Prosta, stylowa konstrukcja<\/li>\n<li>\u0141atwa instalacja<\/li>\n<\/ul>\n<p>&nbsp;<\/p>\n<p>&nbsp;<\/p>\n<p><strong>Typ<\/strong>: Rega\u0142 magazynowy<\/p>\n<div class=\"elementor-element elementor-element-c17fac7 elementor-widget elementor-widget-woocommerce-product-short-description\" data-id=\"c17fac7\" data-element_type=\"widget\" data-widget_type=\"woocommerce-product-short-description.default\">\n<div class=\"elementor-widget-container\">\n<div class=\"woocommerce-product-details__short-description\">\n<p><strong>Numer pozycji:<\/strong> JB-04<\/p>\n<p><strong>Rozmiar elementu<\/strong>60*40*83,5 cm<\/p>\n<p><strong>Kolory<\/strong>: Czarny\/bia\u0142y<\/p>\n<p><strong>Materia\u0142: <\/strong>Rura stalowa<\/p>\n<p><img fetchpriority=\"high\" decoding=\"async\" class=\"aligncenter wp-image-11869\" src=\"https:\/\/www.sellersunionagent.com\/wp-content\/uploads\/2022\/12\/wholesale-shopping-bags-14.jpg\" alt=\"Wielofunkcyjna p\u00f3\u0142ka\" width=\"600\" height=\"600\" \/> <img decoding=\"async\" class=\"aligncenter wp-image-11870\" src=\"https:\/\/www.sellersunionagent.com\/wp-content\/uploads\/2022\/12\/wholesale-shopping-bags-13.jpg\" alt=\"Wielofunkcyjna p\u00f3\u0142ka\" width=\"600\" height=\"600\" \/> <img decoding=\"async\" class=\"aligncenter wp-image-11871\" src=\"https:\/\/www.sellersunionagent.com\/wp-content\/uploads\/2022\/12\/wholesale-shopping-bags-12.jpg\" alt=\"Wielofunkcyjna p\u00f3\u0142ka\" width=\"600\" height=\"600\" \/> <img loading=\"lazy\" decoding=\"async\" class=\"aligncenter wp-image-11872\" src=\"https:\/\/www.sellersunionagent.com\/wp-content\/uploads\/2022\/12\/wholesale-shopping-bags-11.jpg\" alt=\"Wielofunkcyjna p\u00f3\u0142ka\" width=\"600\" height=\"600\" \/><\/p>\n<\/div>\n<\/div>\n<\/div>\n<p>&nbsp;<\/p>","protected":false},"excerpt":{"rendered":"<p><strong><b>MOQ<\/b><\/strong>: 100 szt.<br \/>\n<strong><b>Bezp\u0142atna pr\u00f3bka<\/b><\/strong>:  Obs\u0142ugiwane<br \/>\n<strong><b>Personalizacja<\/b><\/strong>:  Rozmiar \/ opakowanie itp.<br \/>\n<strong><b>Zni\u017cka<\/b><\/strong>:  Pierwsze zam\u00f3wienia ju\u017c od 10% taniej.<br \/>\n<strong><b>Wska\u017anik terminowo\u015bci dostaw<\/b><\/strong>:\u00a0 100%<br \/>\n<strong><b>Przesy\u0142ki og\u00f3\u0142em<\/b><\/strong>:  10000 szt.<br \/>\n<strong><b>Wysy\u0142ka<\/b><\/strong>: Fracht morski Fracht l\u0105dowy<\/p>","protected":false},"featured_media":11869,"comment_status":"open","ping_status":"closed","template":"","meta":{"_acf_changed":false},"product_brand":[],"product_cat":[188,31,186],"product_tag":[87,42,70],"class_list":{"0":"post-11868","1":"product","2":"type-product","3":"status-publish","4":"has-post-thumbnail","6":"product_cat-kitchen","7":"product_cat-home-storage","8":"product_cat-living-room","9":"product_tag-bulk-wholesale","10":"product_tag-high-quality","11":"product_tag-home-storage","13":"first","14":"instock","15":"shipping-taxable","16":"product-type-simple","17":"swiper-slide"},"acf":[],"_links":{"self":[{"href":"https:\/\/www.sellersunionagent.com\/pl\/wp-json\/wp\/v2\/product\/11868","targetHints":{"allow":["GET"]}}],"collection":[{"href":"https:\/\/www.sellersunionagent.com\/pl\/wp-json\/wp\/v2\/product"}],"about":[{"href":"https:\/\/www.sellersunionagent.com\/pl\/wp-json\/wp\/v2\/types\/product"}],"replies":[{"embeddable":true,"href":"https:\/\/www.sellersunionagent.com\/pl\/wp-json\/wp\/v2\/comments?post=11868"}],"wp:featuredmedia":[{"embeddable":true,"href":"https:\/\/www.sellersunionagent.com\/pl\/wp-json\/wp\/v2\/media\/11869"}],"wp:attachment":[{"href":"https:\/\/www.sellersunionagent.com\/pl\/wp-json\/wp\/v2\/media?parent=11868"}],"wp:term":[{"taxonomy":"product_brand","embeddable":true,"href":"https:\/\/www.sellersunionagent.com\/pl\/wp-json\/wp\/v2\/product_brand?post=11868"},{"taxonomy":"product_cat","embeddable":true,"href":"https:\/\/www.sellersunionagent.com\/pl\/wp-json\/wp\/v2\/product_cat?post=11868"},{"taxonomy":"product_tag","embeddable":true,"href":"https:\/\/www.sellersunionagent.com\/pl\/wp-json\/wp\/v2\/product_tag?post=11868"}],"curies":[{"name":"wp","href":"https:\/\/api.w.org\/{rel}","templated":true}]}}