{"id":11863,"date":"2022-12-27T15:55:55","date_gmt":"2022-12-27T07:55:55","guid":{"rendered":"https:\/\/sellersunionagent.com\/?post_type=product&#038;p=11863"},"modified":"2022-12-27T15:55:55","modified_gmt":"2022-12-27T07:55:55","slug":"wysokiej-jakosci-metalowy-wieszak-na-ubrania-wieszak-na-ubrania-z-dolnym-pudelkiem","status":"publish","type":"product","link":"https:\/\/www.sellersunionagent.com\/pl\/high-quality-metal-clothing-rack-clothes-garment-coat-rack-with-bottom-box\/","title":{"rendered":"Wysokiej jako\u015bci metalowy wieszak na ubrania Wieszak na ubrania z dolnym pude\u0142kiem"},"content":{"rendered":"<h2>Wysokiej jako\u015bci metalowy wieszak na ubrania Wieszak na ubrania z dolnym pude\u0142kiem<\/h2>\n<p>&nbsp;<\/p>\n<p>&nbsp;<\/p>\n<ul>\n<li>Materia\u0142 premium<\/li>\n<li>Dobra no\u015bno\u015b\u0107<\/li>\n<li>Trwa\u0142o\u015b\u0107<\/li>\n<li>Wiele zastosowa\u0144<\/li>\n<li>Praktyczne projektowanie produkt\u00f3w<\/li>\n<li>Wytrzyma\u0142y na p\u0142askiej powierzchni<\/li>\n<li>\u0141atwy monta\u017c<\/li>\n<\/ul>\n<p>&nbsp;<\/p>\n<p>&nbsp;<\/p>\n<p><strong>Typ<\/strong>: Rega\u0142 magazynowy<\/p>\n<div class=\"elementor-element elementor-element-c17fac7 elementor-widget elementor-widget-woocommerce-product-short-description\" data-id=\"c17fac7\" data-element_type=\"widget\" data-widget_type=\"woocommerce-product-short-description.default\">\n<div class=\"elementor-widget-container\">\n<div class=\"woocommerce-product-details__short-description\">\n<p><strong>Numer pozycji:<\/strong> JB-03<\/p>\n<p><strong>Rozmiar elementu<\/strong>: 40*36*142cm<\/p>\n<p><strong>Kolory<\/strong>: Czarny\/bia\u0142y<\/p>\n<p><strong>Materia\u0142: <\/strong>Rura stalowa<\/p>\n<p><img fetchpriority=\"high\" decoding=\"async\" class=\"aligncenter wp-image-11865\" src=\"https:\/\/www.sellersunionagent.com\/wp-content\/uploads\/2022\/12\/wholesale-shopping-bags-17.jpg\" alt=\"Wysoka jako\u015b\u0107\" width=\"600\" height=\"600\" \/> <img decoding=\"async\" class=\"aligncenter wp-image-11866\" src=\"https:\/\/www.sellersunionagent.com\/wp-content\/uploads\/2022\/12\/wholesale-shopping-bags-16.jpg\" alt=\"Wysoka jako\u015b\u0107\" width=\"600\" height=\"600\" \/> <img decoding=\"async\" class=\"aligncenter wp-image-11867\" src=\"https:\/\/www.sellersunionagent.com\/wp-content\/uploads\/2022\/12\/wholesale-shopping-bags-15.jpg\" alt=\"Wysoka jako\u015b\u0107\" width=\"600\" height=\"600\" \/><\/p>\n<p>&nbsp;<\/p>\n<\/div>\n<\/div>\n<\/div>","protected":false},"excerpt":{"rendered":"<p><strong><b>MOQ<\/b><\/strong>: 100 szt.<br \/>\n<strong><b>Bezp\u0142atna pr\u00f3bka<\/b><\/strong>:  Obs\u0142ugiwane<br \/>\n<strong><b>Personalizacja<\/b><\/strong>:  Rozmiar \/ opakowanie itp.<br \/>\n<strong><b>Zni\u017cka<\/b><\/strong>:  Pierwsze zam\u00f3wienia ju\u017c od 10% taniej.<br \/>\n<strong><b>Wska\u017anik terminowo\u015bci dostaw<\/b><\/strong>:\u00a0 100%<br \/>\n<strong><b>Przesy\u0142ki og\u00f3\u0142em<\/b><\/strong>:  10000 szt.<br \/>\n<strong><b>Wysy\u0142ka<\/b><\/strong>: Fracht morski Fracht l\u0105dowy<\/p>","protected":false},"featured_media":11866,"comment_status":"open","ping_status":"closed","template":"","meta":{"_acf_changed":false},"product_brand":[],"product_cat":[31,187],"product_tag":[87,93,99],"class_list":{"0":"post-11863","1":"product","2":"type-product","3":"status-publish","4":"has-post-thumbnail","6":"product_cat-home-storage","7":"product_cat-bedroom","8":"product_tag-bulk-wholesale","9":"product_tag-storage","10":"product_tag-wholesale-maker-from-china","12":"first","13":"instock","14":"shipping-taxable","15":"product-type-simple","16":"swiper-slide"},"acf":[],"_links":{"self":[{"href":"https:\/\/www.sellersunionagent.com\/pl\/wp-json\/wp\/v2\/product\/11863","targetHints":{"allow":["GET"]}}],"collection":[{"href":"https:\/\/www.sellersunionagent.com\/pl\/wp-json\/wp\/v2\/product"}],"about":[{"href":"https:\/\/www.sellersunionagent.com\/pl\/wp-json\/wp\/v2\/types\/product"}],"replies":[{"embeddable":true,"href":"https:\/\/www.sellersunionagent.com\/pl\/wp-json\/wp\/v2\/comments?post=11863"}],"wp:featuredmedia":[{"embeddable":true,"href":"https:\/\/www.sellersunionagent.com\/pl\/wp-json\/wp\/v2\/media\/11866"}],"wp:attachment":[{"href":"https:\/\/www.sellersunionagent.com\/pl\/wp-json\/wp\/v2\/media?parent=11863"}],"wp:term":[{"taxonomy":"product_brand","embeddable":true,"href":"https:\/\/www.sellersunionagent.com\/pl\/wp-json\/wp\/v2\/product_brand?post=11863"},{"taxonomy":"product_cat","embeddable":true,"href":"https:\/\/www.sellersunionagent.com\/pl\/wp-json\/wp\/v2\/product_cat?post=11863"},{"taxonomy":"product_tag","embeddable":true,"href":"https:\/\/www.sellersunionagent.com\/pl\/wp-json\/wp\/v2\/product_tag?post=11863"}],"curies":[{"name":"wp","href":"https:\/\/api.w.org\/{rel}","templated":true}]}}