{"id":11844,"date":"2022-12-26T16:52:31","date_gmt":"2022-12-26T08:52:31","guid":{"rendered":"https:\/\/sellersunionagent.com\/?post_type=product&#038;p=11844"},"modified":"2022-12-26T16:52:32","modified_gmt":"2022-12-26T08:52:32","slug":"china-wholesale-2-tier-round-coffee-table","status":"publish","type":"product","link":"https:\/\/www.sellersunionagent.com\/pl\/china-wholesale-2-tier-round-coffee-table\/","title":{"rendered":"Chiny Hurtownia 2-poziomowy okr\u0105g\u0142y stolik kawowy"},"content":{"rendered":"<h2>Sprzeda\u017c hurtowa w Chinach <span id=\"productTitle\" class=\"a-size-large product-title-word-break\">2-Tier <\/span>Round Coffee Table<\/h2>\n<p>Simple Style Design: enhances the vintage natural beauty of the table, which refined and functional, it gives your living room a homely, cozy flair.<\/p>\n<p>&nbsp;<\/p>\n<p>&nbsp;<\/p>\n<p>2-Tier Coffee Table with Storage Shelf: wide table top and second layer shelf provide spacious space for living room supplies, keep your daily essentials nearby, make your room neat and tidy.<\/p>\n<p>&nbsp;<\/p>\n<p>&nbsp;<\/p>\n<p>Sturdy Metal Frame: supports heavy objests.<\/p>\n<p>&nbsp;<\/p>\n<p>&nbsp;<\/p>\n<p>Easy to Put Together: Coffee table comes with step-by-step instructions and tools, you can assemble it\u00a0 easily.<\/p>\n<p>&nbsp;<\/p>\n<p>&nbsp;<\/p>\n<p><strong>Typ<\/strong>: Coffee Table<\/p>\n<div class=\"elementor-element elementor-element-c17fac7 elementor-widget elementor-widget-woocommerce-product-short-description\" data-id=\"c17fac7\" data-element_type=\"widget\" data-widget_type=\"woocommerce-product-short-description.default\">\n<div class=\"elementor-widget-container\">\n<div class=\"woocommerce-product-details__short-description\">\n<p><strong>Numer pozycji:<\/strong> JB-01<\/p>\n<p><strong>Rozmiar elementu<\/strong>: 44*44*52cm<\/p>\n<p><strong>Kolory<\/strong>: Grey\/black\/white<\/p>\n<p><strong>Materia\u0142: <\/strong>\u017belazo<\/p>\n<p><img fetchpriority=\"high\" decoding=\"async\" class=\"aligncenter wp-image-11854\" src=\"https:\/\/www.sellersunionagent.com\/wp-content\/uploads\/2022\/12\/china-wholesale-2-tier-round-coffee-table.jpg\" alt=\"Sprzeda\u017c hurtowa w Chinach\" width=\"600\" height=\"600\" \/> <img decoding=\"async\" class=\"aligncenter wp-image-11853\" src=\"https:\/\/www.sellersunionagent.com\/wp-content\/uploads\/2022\/12\/china-wholesale-2-tier-round-coffee-table-1.jpg\" alt=\"Sprzeda\u017c hurtowa w Chinach\" width=\"600\" height=\"600\" \/> <img decoding=\"async\" class=\"aligncenter wp-image-11852\" src=\"https:\/\/www.sellersunionagent.com\/wp-content\/uploads\/2022\/12\/china-wholesale-2-tier-round-coffee-table-2.jpg\" alt=\"Sprzeda\u017c hurtowa w Chinach\" width=\"600\" height=\"600\" \/><\/p>\n<p><img loading=\"lazy\" decoding=\"async\" class=\"aligncenter wp-image-11850\" src=\"https:\/\/www.sellersunionagent.com\/wp-content\/uploads\/2022\/12\/china-wholesale-2-tier-round-coffee-table-3.jpg\" alt=\"Sprzeda\u017c hurtowa w Chinach\" width=\"600\" height=\"600\" \/><\/p>\n<\/div>\n<\/div>\n<\/div>","protected":false},"excerpt":{"rendered":"<p><strong><b>MOQ<\/b><\/strong>: 10 pieces<br \/>\n<strong><b>Bezp\u0142atna pr\u00f3bka<\/b><\/strong>:  Obs\u0142ugiwane<br \/>\n<strong><b>Personalizacja<\/b><\/strong>:  Rozmiar \/ opakowanie itp.<br \/>\n<strong><b>Zni\u017cka<\/b><\/strong>:  Pierwsze zam\u00f3wienia ju\u017c od 10% taniej.<br \/>\n<strong><b>Wska\u017anik terminowo\u015bci dostaw<\/b><\/strong>:\u00a0 100%<br \/>\n<strong><b>Przesy\u0142ki og\u00f3\u0142em<\/b><\/strong>:  10000 szt.<br \/>\n<strong><b>Wysy\u0142ka<\/b><\/strong>: Fracht morski Fracht l\u0105dowy<\/p>","protected":false},"featured_media":11852,"comment_status":"open","ping_status":"closed","template":"","meta":{"_acf_changed":false},"product_brand":[],"product_cat":[31,186],"product_tag":[204,73,44],"class_list":{"0":"post-11844","1":"product","2":"type-product","3":"status-publish","4":"has-post-thumbnail","6":"product_cat-home-storage","7":"product_cat-living-room","8":"product_tag-china-wholesale","9":"product_tag-home-storagewholesaledurable","10":"product_tag-hot-selling","12":"first","13":"instock","14":"shipping-taxable","15":"product-type-simple","16":"swiper-slide"},"acf":[],"_links":{"self":[{"href":"https:\/\/www.sellersunionagent.com\/pl\/wp-json\/wp\/v2\/product\/11844","targetHints":{"allow":["GET"]}}],"collection":[{"href":"https:\/\/www.sellersunionagent.com\/pl\/wp-json\/wp\/v2\/product"}],"about":[{"href":"https:\/\/www.sellersunionagent.com\/pl\/wp-json\/wp\/v2\/types\/product"}],"replies":[{"embeddable":true,"href":"https:\/\/www.sellersunionagent.com\/pl\/wp-json\/wp\/v2\/comments?post=11844"}],"wp:featuredmedia":[{"embeddable":true,"href":"https:\/\/www.sellersunionagent.com\/pl\/wp-json\/wp\/v2\/media\/11852"}],"wp:attachment":[{"href":"https:\/\/www.sellersunionagent.com\/pl\/wp-json\/wp\/v2\/media?parent=11844"}],"wp:term":[{"taxonomy":"product_brand","embeddable":true,"href":"https:\/\/www.sellersunionagent.com\/pl\/wp-json\/wp\/v2\/product_brand?post=11844"},{"taxonomy":"product_cat","embeddable":true,"href":"https:\/\/www.sellersunionagent.com\/pl\/wp-json\/wp\/v2\/product_cat?post=11844"},{"taxonomy":"product_tag","embeddable":true,"href":"https:\/\/www.sellersunionagent.com\/pl\/wp-json\/wp\/v2\/product_tag?post=11844"}],"curies":[{"name":"wp","href":"https:\/\/api.w.org\/{rel}","templated":true}]}}