{"id":11658,"date":"2022-12-09T17:04:03","date_gmt":"2022-12-09T09:04:03","guid":{"rendered":"https:\/\/sellersunionagent.com\/?post_type=product&#038;p=11658"},"modified":"2022-12-09T17:04:03","modified_gmt":"2022-12-09T09:04:03","slug":"hurtowe-pudelko-do-przechowywania-z-pokrywka-do-organizowania-pudelka-do-przechowywania-w-stosie","status":"publish","type":"product","link":"https:\/\/www.sellersunionagent.com\/pl\/wholesale-storage-box-with-lid-for-organizing-stackable-storage-box\/","title":{"rendered":"Hurtowe pude\u0142ko do przechowywania z pokrywk\u0105 do organizowania pi\u0119trowego pude\u0142ka do przechowywania"},"content":{"rendered":"<h2 id=\"title\" class=\"a-size-large a-spacing-none\"><span id=\"productTitle\" class=\"a-size-large product-title-word-break\">Pojemniki do przechowywania z pokrywkami Plastikowe pojemniki do przechowywania do organizowania Pude\u0142ko do przechowywania z uchwytem<\/span><\/h2>\n<ul class=\"a-unordered-list a-vertical a-spacing-mini\">\n<li><span class=\"a-list-item\">Po\u0142\u0105czenie naturalnego stylu i praktyczno\u015bci\u3011<\/span><\/li>\n<li><span class=\"a-list-item\">Przemy\u015blany rozmiar\u3011<\/span><\/li>\n<li><span class=\"a-list-item\">Etykiety i markery\u3011<\/span><\/li>\n<li><span class=\"a-list-item\">\u3010 Zintegrowane uchwyty z mo\u017cliwo\u015bci\u0105 uk\u0142adania w stos\u3011<\/span><\/li>\n<li><span class=\"a-list-item\">Trwa\u0142o\u015b\u0107 i wytrzyma\u0142o\u015b\u0107\u3011<\/span><\/li>\n<\/ul>\n<p style=\"text-align: center\"><strong><b>Typ<\/b><\/strong>: Przechowywanie w domu<\/p>\n<p style=\"text-align: center\"><strong><b>Numer pozycji:<\/b><\/strong> OX-04<\/p>\n<p style=\"text-align: center\"><strong><b>Rozmiar elementu<\/b><\/strong>:<\/p>\n<p style=\"text-align: center\">24L\uff0c16L\uff0c8L\uff0c4L<\/p>\n<p style=\"text-align: center\"><strong><b>Waga przedmiotu<\/b><\/strong>: 3,3g\/4,8g\/8,5g\/9,5g<\/p>\n<p style=\"text-align: center\"><strong><b>Kolory<\/b><\/strong>: Zielony\/Niebieski\/\u017b\u00f3\u0142ty\/Pomara\u0144czowy<\/p>\n<p><img fetchpriority=\"high\" decoding=\"async\" class=\"aligncenter wp-image-11663\" src=\"https:\/\/www.sellersunionagent.com\/wp-content\/uploads\/2022\/12\/wholesale-double-shelf-organizers-and-storage-5.jpg\" alt=\"hurtowy\" width=\"600\" height=\"600\" \/> <img decoding=\"async\" class=\"aligncenter wp-image-11662\" src=\"https:\/\/www.sellersunionagent.com\/wp-content\/uploads\/2022\/12\/wholesale-storage-box.jpg\" alt=\"hurtowy\" width=\"600\" height=\"600\" \/> <img decoding=\"async\" class=\"aligncenter wp-image-11660\" src=\"https:\/\/www.sellersunionagent.com\/wp-content\/uploads\/2022\/12\/wholesale-storage-box-2.jpg\" alt=\"hurtowy\" width=\"600\" height=\"600\" \/> <img loading=\"lazy\" decoding=\"async\" class=\"aligncenter wp-image-11659\" src=\"https:\/\/www.sellersunionagent.com\/wp-content\/uploads\/2022\/12\/wholesale-storage-box-3.jpg\" alt=\"hurtowy\" width=\"600\" height=\"600\" \/><\/p>\n<p style=\"text-align: center\">","protected":false},"excerpt":{"rendered":"<p><strong><b>MOQ<\/b><\/strong>:  1000 szt.<br \/>\n<strong><b>Bezp\u0142atna pr\u00f3bka<\/b><\/strong>:  Obs\u0142ugiwane<br \/>\n<strong><b>Personalizacja<\/b><\/strong>logo \/ kolor \/ materia\u0142y \/ opakowanie itp.<br \/>\n<strong><b>Zni\u017cka<\/b><\/strong>:  Pierwsze zam\u00f3wienia ju\u017c od 10% taniej.<br \/>\n<strong><b>Wska\u017anik terminowo\u015bci dostaw<\/b><\/strong>:\u00a0 100%<br \/>\n<strong><b>Przesy\u0142ki og\u00f3\u0142em<\/b><\/strong>:  10000 szt.<br \/>\n<strong><b>Wysy\u0142ka<\/b><\/strong>: Fracht morski Fracht l\u0105dowy<\/p>","protected":false},"featured_media":11661,"comment_status":"open","ping_status":"closed","template":"","meta":{"_acf_changed":false},"product_brand":[],"product_cat":[31],"product_tag":[87,46,73],"class_list":{"0":"post-11658","1":"product","2":"type-product","3":"status-publish","4":"has-post-thumbnail","6":"product_cat-home-storage","7":"product_tag-bulk-wholesale","8":"product_tag-customization","9":"product_tag-home-storagewholesaledurable","11":"first","12":"instock","13":"shipping-taxable","14":"product-type-simple","15":"swiper-slide"},"acf":[],"_links":{"self":[{"href":"https:\/\/www.sellersunionagent.com\/pl\/wp-json\/wp\/v2\/product\/11658","targetHints":{"allow":["GET"]}}],"collection":[{"href":"https:\/\/www.sellersunionagent.com\/pl\/wp-json\/wp\/v2\/product"}],"about":[{"href":"https:\/\/www.sellersunionagent.com\/pl\/wp-json\/wp\/v2\/types\/product"}],"replies":[{"embeddable":true,"href":"https:\/\/www.sellersunionagent.com\/pl\/wp-json\/wp\/v2\/comments?post=11658"}],"wp:featuredmedia":[{"embeddable":true,"href":"https:\/\/www.sellersunionagent.com\/pl\/wp-json\/wp\/v2\/media\/11661"}],"wp:attachment":[{"href":"https:\/\/www.sellersunionagent.com\/pl\/wp-json\/wp\/v2\/media?parent=11658"}],"wp:term":[{"taxonomy":"product_brand","embeddable":true,"href":"https:\/\/www.sellersunionagent.com\/pl\/wp-json\/wp\/v2\/product_brand?post=11658"},{"taxonomy":"product_cat","embeddable":true,"href":"https:\/\/www.sellersunionagent.com\/pl\/wp-json\/wp\/v2\/product_cat?post=11658"},{"taxonomy":"product_tag","embeddable":true,"href":"https:\/\/www.sellersunionagent.com\/pl\/wp-json\/wp\/v2\/product_tag?post=11658"}],"curies":[{"name":"wp","href":"https:\/\/api.w.org\/{rel}","templated":true}]}}