{"id":11640,"date":"2022-12-08T18:11:15","date_gmt":"2022-12-08T10:11:15","guid":{"rendered":"https:\/\/sellersunionagent.com\/?post_type=product&#038;p=11640"},"modified":"2022-12-09T17:29:46","modified_gmt":"2022-12-09T09:29:46","slug":"bulk-wholesale-cotton-rope-basket-tassel-woven-storage-basket-for-toy-laundry-and-blanket-organizer","status":"publish","type":"product","link":"https:\/\/www.sellersunionagent.com\/pl\/bulk-wholesale-cotton-rope-basket-tassel-woven-storage-basket-for-toy-laundry-and-blanket-organizer\/","title":{"rendered":"Hurtowy kosz z bawe\u0142nianego sznurka, pleciony kosz do przechowywania zabawek, prania i koc\u00f3w"},"content":{"rendered":"<h2>\u00a0Hurtowy kosz z bawe\u0142nianego sznurka, pleciony kosz do przechowywania zabawek, prania i koc\u00f3w<\/h2>\n<p><strong>Typ<\/strong>: Kosz z bawe\u0142nianej liny<\/p>\n<div class=\"elementor-element elementor-element-c17fac7 elementor-widget elementor-widget-woocommerce-product-short-description\" data-id=\"c17fac7\" data-element_type=\"widget\" data-widget_type=\"woocommerce-product-short-description.default\">\n<div class=\"elementor-widget-container\">\n<div class=\"woocommerce-product-details__short-description\">\n<p><strong>Numer pozycji:<\/strong> NA022<\/p>\n<p><strong>Rozmiar elementu<\/strong>:<\/p>\n<p>S\uff1a17.5*15*8.5CM, 130G<\/p>\n<p>M\uff1a21.5*19*9.5CM,200G<\/p>\n<p>L\uff1a27.5*26*11CM,320G<\/p>\n<p><strong>Kolory<\/strong>: Szary\/bia\u0142y\/br\u0105zowy<\/p>\n<p><strong>Materia\u0142: <\/strong>Lina bawe\u0142niana<\/p>\n<\/div>\n<\/div>\n<\/div>\n<p>&nbsp;<\/p>\n<ul>\n<li>R\u0119cznie wykonane<\/li>\n<li>Mi\u0119kki, trwa\u0142y i bezpieczny<\/li>\n<li>Neutralna kolorystyka<\/li>\n<li>Delikatny i naturalny wygl\u0105d<img fetchpriority=\"high\" decoding=\"async\" class=\"aligncenter wp-image-11641\" src=\"https:\/\/www.sellersunionagent.com\/wp-content\/uploads\/2022\/12\/O1CN01dGrfJZ1vpj3tmjDlq_3017326222-0-cib.jpg\" alt=\"Lina bawe\u0142niana \" width=\"600\" height=\"600\" \/> <img decoding=\"async\" class=\"aligncenter wp-image-11642\" src=\"https:\/\/www.sellersunionagent.com\/wp-content\/uploads\/2022\/12\/O1CN01dTECqE1vpj3zzxeFb_3017326222-0-cib.jpg\" alt=\"Lina bawe\u0142niana \" width=\"600\" height=\"600\" \/> <img decoding=\"async\" class=\"aligncenter wp-image-11643\" src=\"https:\/\/www.sellersunionagent.com\/wp-content\/uploads\/2022\/12\/O1CN01O1fZ4s1vpj3tmi56G_3017326222-0-cib.jpg\" alt=\"Lina bawe\u0142niana \" width=\"600\" height=\"600\" \/> <img loading=\"lazy\" decoding=\"async\" class=\"aligncenter wp-image-11644\" src=\"https:\/\/www.sellersunionagent.com\/wp-content\/uploads\/2022\/12\/O1CN019XcXKu1vpj3xNEc9x_3017326222-0-cib.jpg\" alt=\"Lina bawe\u0142niana \" width=\"600\" height=\"600\" \/><\/li>\n<\/ul>","protected":false},"excerpt":{"rendered":"<p><strong><b>MOQ<\/b><\/strong>200 sztuk<br \/>\n<strong><b>Bezp\u0142atna pr\u00f3bka<\/b><\/strong>:  Obs\u0142ugiwane<br \/>\n<strong><b>Personalizacja<\/b><\/strong>:  Rozmiar \/ opakowanie itp.<br \/>\n<strong><b>Zni\u017cka<\/b><\/strong>:  Pierwsze zam\u00f3wienia ju\u017c od 10% taniej.<br \/>\n<strong><b>Wska\u017anik terminowo\u015bci dostaw<\/b><\/strong>:\u00a0 100%<br \/>\n<strong><b>Przesy\u0142ki og\u00f3\u0142em<\/b><\/strong>:  10000 szt.<br \/>\n<strong><b>Wysy\u0142ka<\/b><\/strong>: Fracht morski Fracht l\u0105dowy<\/p>","protected":false},"featured_media":11642,"comment_status":"open","ping_status":"closed","template":"","meta":{"_acf_changed":false},"product_brand":[],"product_cat":[208],"product_tag":[219,42,50],"class_list":{"0":"post-11640","1":"product","2":"type-product","3":"status-publish","4":"has-post-thumbnail","6":"product_cat-cotton-rope-basket","7":"product_tag-cotton-rope","8":"product_tag-high-quality","9":"product_tag-wholesale","11":"first","12":"instock","13":"shipping-taxable","14":"product-type-simple","15":"swiper-slide"},"acf":[],"_links":{"self":[{"href":"https:\/\/www.sellersunionagent.com\/pl\/wp-json\/wp\/v2\/product\/11640","targetHints":{"allow":["GET"]}}],"collection":[{"href":"https:\/\/www.sellersunionagent.com\/pl\/wp-json\/wp\/v2\/product"}],"about":[{"href":"https:\/\/www.sellersunionagent.com\/pl\/wp-json\/wp\/v2\/types\/product"}],"replies":[{"embeddable":true,"href":"https:\/\/www.sellersunionagent.com\/pl\/wp-json\/wp\/v2\/comments?post=11640"}],"wp:featuredmedia":[{"embeddable":true,"href":"https:\/\/www.sellersunionagent.com\/pl\/wp-json\/wp\/v2\/media\/11642"}],"wp:attachment":[{"href":"https:\/\/www.sellersunionagent.com\/pl\/wp-json\/wp\/v2\/media?parent=11640"}],"wp:term":[{"taxonomy":"product_brand","embeddable":true,"href":"https:\/\/www.sellersunionagent.com\/pl\/wp-json\/wp\/v2\/product_brand?post=11640"},{"taxonomy":"product_cat","embeddable":true,"href":"https:\/\/www.sellersunionagent.com\/pl\/wp-json\/wp\/v2\/product_cat?post=11640"},{"taxonomy":"product_tag","embeddable":true,"href":"https:\/\/www.sellersunionagent.com\/pl\/wp-json\/wp\/v2\/product_tag?post=11640"}],"curies":[{"name":"wp","href":"https:\/\/api.w.org\/{rel}","templated":true}]}}