{"id":11624,"date":"2022-12-08T17:55:55","date_gmt":"2022-12-08T09:55:55","guid":{"rendered":"https:\/\/sellersunionagent.com\/?post_type=product&#038;p=11624"},"modified":"2022-12-08T17:55:55","modified_gmt":"2022-12-08T09:55:55","slug":"dekoracyjny-kosz-z-bawelnianej-liny-boho-wystroj-pokoju-dzieciecego-zabawkimagazyny-rosliny-doniczkowe-pokrowiec-salonsypialnia","status":"publish","type":"product","link":"https:\/\/www.sellersunionagent.com\/pl\/decorative-cotton-rope-basket-boho-nursery-decor-for-baby-toysmagazinespotted-plants-coverliving-roombedroom\/","title":{"rendered":"Dekoracyjny bawe\u0142niany kosz Boho Nursery Decor na zabawki dla niemowl\u0105t, czasopisma, ro\u015bliny doniczkowe, salon, sypialni\u0119"},"content":{"rendered":"<h2>Dekoracyjny bawe\u0142niany kosz Boho Nursery Decor na zabawki dla niemowl\u0105t, czasopisma, ro\u015bliny doniczkowe, salon, sypialni\u0119<\/h2>\n<p><strong>Typ<\/strong>: Kosz z bawe\u0142nianej liny<\/p>\n<div class=\"elementor-element elementor-element-c17fac7 elementor-widget elementor-widget-woocommerce-product-short-description\" data-id=\"c17fac7\" data-element_type=\"widget\" data-widget_type=\"woocommerce-product-short-description.default\">\n<div class=\"elementor-widget-container\">\n<div class=\"woocommerce-product-details__short-description\">\n<p><strong>Numer pozycji:<\/strong> NA020<\/p>\n<p><strong>Rozmiar elementu<\/strong>\u015br. 19 cm * 5 cm<\/p>\n<p><strong>Kolory<\/strong>: Szary\/ br\u0105zowy\/ \u017c\u00f3\u0142ty\/ zielony\/ granatowy\/ r\u00f3\u017cowy<\/p>\n<p><strong>Materia\u0142: <\/strong>Lina bawe\u0142niana<\/p>\n<\/div>\n<\/div>\n<\/div>\n<p>&nbsp;<\/p>\n<ul>\n<li>R\u0119cznie wykonane<\/li>\n<li>Mi\u0119kki, trwa\u0142y i bezpieczny<\/li>\n<li>Neutralna kolorystyka<\/li>\n<li>Delikatny i naturalny wygl\u0105d<img fetchpriority=\"high\" decoding=\"async\" class=\"aligncenter wp-image-11625\" src=\"https:\/\/www.sellersunionagent.com\/wp-content\/uploads\/2022\/12\/15445728533_743064173.jpg\" alt=\"Dekoracyjny koszyk z bawe\u0142nianego sznurka\" width=\"600\" height=\"600\" \/> <img decoding=\"async\" class=\"aligncenter wp-image-11627\" src=\"https:\/\/www.sellersunionagent.com\/wp-content\/uploads\/2022\/12\/15446379471_743064173.jpg\" alt=\"Dekoracyjny koszyk z bawe\u0142nianego sznurka\" width=\"600\" height=\"600\" \/> <img decoding=\"async\" class=\"aligncenter wp-image-11628\" src=\"https:\/\/www.sellersunionagent.com\/wp-content\/uploads\/2022\/12\/15493828125_743064173.jpg\" alt=\"Dekoracyjny koszyk z bawe\u0142nianego sznurka\" width=\"600\" height=\"600\" \/> <img loading=\"lazy\" decoding=\"async\" class=\"aligncenter wp-image-11630\" src=\"https:\/\/www.sellersunionagent.com\/wp-content\/uploads\/2022\/12\/15553658103_743064173.jpg\" alt=\"Dekoracyjny koszyk z bawe\u0142nianego sznurka\" width=\"600\" height=\"600\" \/> <img loading=\"lazy\" decoding=\"async\" class=\"aligncenter wp-image-11631\" src=\"https:\/\/www.sellersunionagent.com\/wp-content\/uploads\/2022\/12\/15554462890_743064173-1.jpg\" alt=\"Dekoracyjny koszyk z bawe\u0142nianego sznurka\" width=\"600\" height=\"600\" \/><\/li>\n<\/ul>","protected":false},"excerpt":{"rendered":"<p><strong><b>MOQ<\/b><\/strong>200 sztuk<br \/>\n<strong><b>Bezp\u0142atna pr\u00f3bka<\/b><\/strong>:  Obs\u0142ugiwane<br \/>\n<strong><b>Personalizacja<\/b><\/strong>:  Rozmiar \/ opakowanie itp.<br \/>\n<strong><b>Zni\u017cka<\/b><\/strong>:  Pierwsze zam\u00f3wienia ju\u017c od 10% taniej.<br \/>\n<strong><b>Wska\u017anik terminowo\u015bci dostaw<\/b><\/strong>:\u00a0 100%<br \/>\n<strong><b>Przesy\u0142ki og\u00f3\u0142em<\/b><\/strong>:  10000 szt.<br \/>\n<strong><b>Wysy\u0142ka<\/b><\/strong>: Fracht morski Fracht l\u0105dowy<\/p>","protected":false},"featured_media":11626,"comment_status":"open","ping_status":"closed","template":"","meta":{"_acf_changed":false},"product_brand":[],"product_cat":[208],"product_tag":[218,50,99],"class_list":{"0":"post-11624","1":"product","2":"type-product","3":"status-publish","4":"has-post-thumbnail","6":"product_cat-cotton-rope-basket","7":"product_tag-decorative-cotton-rope-basket","8":"product_tag-wholesale","9":"product_tag-wholesale-maker-from-china","11":"first","12":"instock","13":"shipping-taxable","14":"product-type-simple","15":"swiper-slide"},"acf":[],"_links":{"self":[{"href":"https:\/\/www.sellersunionagent.com\/pl\/wp-json\/wp\/v2\/product\/11624","targetHints":{"allow":["GET"]}}],"collection":[{"href":"https:\/\/www.sellersunionagent.com\/pl\/wp-json\/wp\/v2\/product"}],"about":[{"href":"https:\/\/www.sellersunionagent.com\/pl\/wp-json\/wp\/v2\/types\/product"}],"replies":[{"embeddable":true,"href":"https:\/\/www.sellersunionagent.com\/pl\/wp-json\/wp\/v2\/comments?post=11624"}],"wp:featuredmedia":[{"embeddable":true,"href":"https:\/\/www.sellersunionagent.com\/pl\/wp-json\/wp\/v2\/media\/11626"}],"wp:attachment":[{"href":"https:\/\/www.sellersunionagent.com\/pl\/wp-json\/wp\/v2\/media?parent=11624"}],"wp:term":[{"taxonomy":"product_brand","embeddable":true,"href":"https:\/\/www.sellersunionagent.com\/pl\/wp-json\/wp\/v2\/product_brand?post=11624"},{"taxonomy":"product_cat","embeddable":true,"href":"https:\/\/www.sellersunionagent.com\/pl\/wp-json\/wp\/v2\/product_cat?post=11624"},{"taxonomy":"product_tag","embeddable":true,"href":"https:\/\/www.sellersunionagent.com\/pl\/wp-json\/wp\/v2\/product_tag?post=11624"}],"curies":[{"name":"wp","href":"https:\/\/api.w.org\/{rel}","templated":true}]}}