{"id":11601,"date":"2022-12-08T17:23:09","date_gmt":"2022-12-08T09:23:09","guid":{"rendered":"https:\/\/sellersunionagent.com\/?post_type=product&#038;p=11601"},"modified":"2022-12-08T17:23:09","modified_gmt":"2022-12-08T09:23:09","slug":"goraco-sprzedajacy-sie-bawelniany-kosz-pleciony-z-chinskiej-fabryki","status":"publish","type":"product","link":"https:\/\/www.sellersunionagent.com\/pl\/hot-selling-cotton-rope-woven-stoage-basket-from-china-factory\/","title":{"rendered":"Gor\u0105co sprzedaj\u0105cy si\u0119 bawe\u0142niany kosz tkany z chi\u0144skiej fabryki"},"content":{"rendered":"<h2>Gor\u0105co sprzedaj\u0105cy si\u0119 bawe\u0142niany kosz tkany z chi\u0144skiej fabryki<\/h2>\n<p><strong>Typ<\/strong>: Kosz z bawe\u0142nianej liny<\/p>\n<div class=\"elementor-element elementor-element-c17fac7 elementor-widget elementor-widget-woocommerce-product-short-description\" data-id=\"c17fac7\" data-element_type=\"widget\" data-widget_type=\"woocommerce-product-short-description.default\">\n<div class=\"elementor-widget-container\">\n<div class=\"woocommerce-product-details__short-description\">\n<p><strong>Numer pozycji:<\/strong> NA017<\/p>\n<p><strong>Rozmiar elementu<\/strong>\u015br. 30 cm * wys. 24 cm<\/p>\n<p><strong>Kolory<\/strong>: Szary\/\u017c\u00f3\u0142ty\/r\u00f3\u017cowy<\/p>\n<p><strong>Materia\u0142: <\/strong>Lina bawe\u0142niana<\/p>\n<\/div>\n<\/div>\n<\/div>\n<p>&nbsp;<\/p>\n<ul>\n<li>R\u0119cznie wykonane<\/li>\n<li>Mi\u0119kki, trwa\u0142y i bezpieczny<\/li>\n<li>Neutralna kolorystyka<\/li>\n<li>Delikatny i naturalny wygl\u0105d<img fetchpriority=\"high\" decoding=\"async\" class=\"aligncenter wp-image-11603\" src=\"https:\/\/www.sellersunionagent.com\/wp-content\/uploads\/2022\/12\/14095318985_743064173.jpg\" alt=\"z chi\u0144skiej fabryki\" width=\"600\" height=\"600\" \/> <img decoding=\"async\" class=\"aligncenter wp-image-11604\" src=\"https:\/\/www.sellersunionagent.com\/wp-content\/uploads\/2022\/12\/14143874734_743064173.jpg\" alt=\"z chi\u0144skiej fabryki\" width=\"600\" height=\"600\" \/><img decoding=\"async\" class=\"aligncenter wp-image-11607\" src=\"https:\/\/www.sellersunionagent.com\/wp-content\/uploads\/2022\/12\/14144225769_743064173.jpg\" alt=\"z chi\u0144skiej fabryki\" width=\"600\" height=\"600\" \/><img loading=\"lazy\" decoding=\"async\" class=\"aligncenter wp-image-11605\" src=\"https:\/\/www.sellersunionagent.com\/wp-content\/uploads\/2022\/12\/14143883892_743064173.jpg\" alt=\"z chi\u0144skiej fabryki\" width=\"600\" height=\"600\" \/><img loading=\"lazy\" decoding=\"async\" class=\"aligncenter wp-image-11602\" src=\"https:\/\/www.sellersunionagent.com\/wp-content\/uploads\/2022\/12\/14094997767_743064173.jpg\" alt=\"z chi\u0144skiej fabryki\" width=\"600\" height=\"600\" \/><\/li>\n<li><img loading=\"lazy\" decoding=\"async\" class=\"aligncenter wp-image-11606\" src=\"https:\/\/www.sellersunionagent.com\/wp-content\/uploads\/2022\/12\/14143889568_743064173.jpg\" alt=\"z chi\u0144skiej fabryki\" width=\"600\" height=\"600\" \/><\/li>\n<\/ul>","protected":false},"excerpt":{"rendered":"<p><strong><b>MOQ<\/b><\/strong>200 sztuk<br \/>\n<strong><b>Bezp\u0142atna pr\u00f3bka<\/b><\/strong>:  Obs\u0142ugiwane<br \/>\n<strong><b>Personalizacja<\/b><\/strong>:  Rozmiar \/ opakowanie itp.<br \/>\n<strong><b>Zni\u017cka<\/b><\/strong>:  Pierwsze zam\u00f3wienia ju\u017c od 10% taniej.<br \/>\n<strong><b>Wska\u017anik terminowo\u015bci dostaw<\/b><\/strong>:\u00a0 100%<br \/>\n<strong><b>Przesy\u0142ki og\u00f3\u0142em<\/b><\/strong>:  10000 szt.<br \/>\n<strong><b>Wysy\u0142ka<\/b><\/strong>: Fracht morski Fracht l\u0105dowy<\/p>","protected":false},"featured_media":11602,"comment_status":"open","ping_status":"closed","template":"","meta":{"_acf_changed":false},"product_brand":[],"product_cat":[208],"product_tag":[216,44,50],"class_list":{"0":"post-11601","1":"product","2":"type-product","3":"status-publish","4":"has-post-thumbnail","6":"product_cat-cotton-rope-basket","7":"product_tag-decoration","8":"product_tag-hot-selling","9":"product_tag-wholesale","11":"first","12":"instock","13":"shipping-taxable","14":"product-type-simple","15":"swiper-slide"},"acf":[],"_links":{"self":[{"href":"https:\/\/www.sellersunionagent.com\/pl\/wp-json\/wp\/v2\/product\/11601","targetHints":{"allow":["GET"]}}],"collection":[{"href":"https:\/\/www.sellersunionagent.com\/pl\/wp-json\/wp\/v2\/product"}],"about":[{"href":"https:\/\/www.sellersunionagent.com\/pl\/wp-json\/wp\/v2\/types\/product"}],"replies":[{"embeddable":true,"href":"https:\/\/www.sellersunionagent.com\/pl\/wp-json\/wp\/v2\/comments?post=11601"}],"wp:featuredmedia":[{"embeddable":true,"href":"https:\/\/www.sellersunionagent.com\/pl\/wp-json\/wp\/v2\/media\/11602"}],"wp:attachment":[{"href":"https:\/\/www.sellersunionagent.com\/pl\/wp-json\/wp\/v2\/media?parent=11601"}],"wp:term":[{"taxonomy":"product_brand","embeddable":true,"href":"https:\/\/www.sellersunionagent.com\/pl\/wp-json\/wp\/v2\/product_brand?post=11601"},{"taxonomy":"product_cat","embeddable":true,"href":"https:\/\/www.sellersunionagent.com\/pl\/wp-json\/wp\/v2\/product_cat?post=11601"},{"taxonomy":"product_tag","embeddable":true,"href":"https:\/\/www.sellersunionagent.com\/pl\/wp-json\/wp\/v2\/product_tag?post=11601"}],"curies":[{"name":"wp","href":"https:\/\/api.w.org\/{rel}","templated":true}]}}