{"id":11575,"date":"2022-12-08T17:06:22","date_gmt":"2022-12-08T09:06:22","guid":{"rendered":"https:\/\/sellersunionagent.com\/?post_type=product&#038;p=11575"},"modified":"2022-12-08T17:06:23","modified_gmt":"2022-12-08T09:06:23","slug":"hurtowy-4-komorowy-schowek-do-przechowywania-i-organizacji","status":"publish","type":"product","link":"https:\/\/www.sellersunionagent.com\/pl\/wholesale-4-compartment-storage-box-for-storage-for-organization\/","title":{"rendered":"Hurtownia 4-komorowych pude\u0142ek do przechowywania i organizacji"},"content":{"rendered":"<h2 id=\"title\" class=\"a-size-large a-spacing-none\"><span id=\"productTitle\" class=\"a-size-large product-title-word-break\">Wielofunkcyjne plastikowe pude\u0142ka do przechowywania do organizacji p\u00f3\u0142ek kuchennych w \u0142azience<\/span><\/h2>\n<p>Prosta konstrukcja\u3011<br \/>\n\u3010 Mo\u017cliwo\u015b\u0107 uk\u0142adania w stosy dla oszcz\u0119dno\u015bci miejsca\u3011<br \/>\nIdealny organizer do przechowywania w domu\u3011<br \/>\n\u3010Dbaj o czysto\u015b\u0107 i porz\u0105dek\u3011<\/p>\n<p style=\"text-align: center\"><strong><b>Typ<\/b><\/strong>: Przechowywanie w domu<\/p>\n<p style=\"text-align: center\"><strong><b>Numer pozycji:<\/b><\/strong> OX-06<\/p>\n<p style=\"text-align: center\"><strong><b>Waga przedmiotu<\/b><\/strong>: 150g<\/p>\n<p style=\"text-align: center\"><strong><b>Kolory<\/b><\/strong>: Niebieski\/\u017c\u00f3\u0142ty\/g\u0142\u0119boki cielisty\/r\u00f3\u017cowy<\/p>\n<p style=\"text-align: center\"><img fetchpriority=\"high\" decoding=\"async\" class=\"aligncenter wp-image-11586\" src=\"https:\/\/www.sellersunionagent.com\/wp-content\/uploads\/2022\/12\/16514390120_256440348.jpg\" alt=\"hurtowy\" width=\"600\" height=\"600\" \/> <img decoding=\"async\" class=\"wp-image-11584 aligncenter\" src=\"https:\/\/www.sellersunionagent.com\/wp-content\/uploads\/2022\/12\/16514381588_256440348.jpg\" alt=\"hurtowy\" width=\"600\" height=\"600\" \/> <img decoding=\"async\" class=\"alignnone wp-image-11583\" src=\"https:\/\/www.sellersunionagent.com\/wp-content\/uploads\/2022\/12\/16448197588_256440348.jpg\" alt=\"hurtowy\" width=\"600\" height=\"600\" \/><\/p>","protected":false},"excerpt":{"rendered":"<p><strong><b>MOQ<\/b><\/strong>:  1000 szt.<br \/>\n<strong><b>Bezp\u0142atna pr\u00f3bka<\/b><\/strong>:  Obs\u0142ugiwane<br \/>\n<strong><b>Personalizacja<\/b><\/strong>logo \/ kolor \/ materia\u0142y \/ opakowanie itp.<br \/>\n<strong><b>Zni\u017cka<\/b><\/strong>:  Pierwsze zam\u00f3wienia ju\u017c od 10% taniej.<br \/>\n<strong><b>Wska\u017anik terminowo\u015bci dostaw<\/b><\/strong>:\u00a0 100%<br \/>\n<strong><b>Przesy\u0142ki og\u00f3\u0142em<\/b><\/strong>:  10000 szt.<br \/>\n<strong><b>Wysy\u0142ka<\/b><\/strong>: Fracht morski Fracht l\u0105dowy<\/p>","protected":false},"featured_media":11585,"comment_status":"open","ping_status":"closed","template":"","meta":{"_acf_changed":false},"product_brand":[],"product_cat":[31],"product_tag":[87,73],"class_list":{"0":"post-11575","1":"product","2":"type-product","3":"status-publish","4":"has-post-thumbnail","6":"product_cat-home-storage","7":"product_tag-bulk-wholesale","8":"product_tag-home-storagewholesaledurable","10":"first","11":"instock","12":"shipping-taxable","13":"product-type-simple","14":"swiper-slide"},"acf":[],"_links":{"self":[{"href":"https:\/\/www.sellersunionagent.com\/pl\/wp-json\/wp\/v2\/product\/11575","targetHints":{"allow":["GET"]}}],"collection":[{"href":"https:\/\/www.sellersunionagent.com\/pl\/wp-json\/wp\/v2\/product"}],"about":[{"href":"https:\/\/www.sellersunionagent.com\/pl\/wp-json\/wp\/v2\/types\/product"}],"replies":[{"embeddable":true,"href":"https:\/\/www.sellersunionagent.com\/pl\/wp-json\/wp\/v2\/comments?post=11575"}],"wp:featuredmedia":[{"embeddable":true,"href":"https:\/\/www.sellersunionagent.com\/pl\/wp-json\/wp\/v2\/media\/11585"}],"wp:attachment":[{"href":"https:\/\/www.sellersunionagent.com\/pl\/wp-json\/wp\/v2\/media?parent=11575"}],"wp:term":[{"taxonomy":"product_brand","embeddable":true,"href":"https:\/\/www.sellersunionagent.com\/pl\/wp-json\/wp\/v2\/product_brand?post=11575"},{"taxonomy":"product_cat","embeddable":true,"href":"https:\/\/www.sellersunionagent.com\/pl\/wp-json\/wp\/v2\/product_cat?post=11575"},{"taxonomy":"product_tag","embeddable":true,"href":"https:\/\/www.sellersunionagent.com\/pl\/wp-json\/wp\/v2\/product_tag?post=11575"}],"curies":[{"name":"wp","href":"https:\/\/api.w.org\/{rel}","templated":true}]}}