{"id":11574,"date":"2022-12-08T17:00:16","date_gmt":"2022-12-08T09:00:16","guid":{"rendered":"https:\/\/sellersunionagent.com\/?post_type=product&#038;p=11574"},"modified":"2022-12-08T17:00:16","modified_gmt":"2022-12-08T09:00:16","slug":"chiny-duzy-kolorowy-kosz-z-bawelnianej-liny-do-salonu-sypialnia-lazienka-kuchnia-organizer","status":"publish","type":"product","link":"https:\/\/www.sellersunionagent.com\/pl\/china-large-colorful-cotton-rope-basket-for-livingroom-bedroom-bathroom-kitchen-organizer\/","title":{"rendered":"Chiny Du\u017cy, kolorowy, bawe\u0142niany kosz do salonu, sypialni, \u0142azienki, organizer kuchenny"},"content":{"rendered":"<h2>Chiny Du\u017cy, kolorowy, bawe\u0142niany kosz do salonu, sypialni, \u0142azienki, organizer kuchenny<\/h2>\n<p><strong>Typ<\/strong>: Kosz z bawe\u0142nianej liny<\/p>\n<div class=\"elementor-element elementor-element-c17fac7 elementor-widget elementor-widget-woocommerce-product-short-description\" data-id=\"c17fac7\" data-element_type=\"widget\" data-widget_type=\"woocommerce-product-short-description.default\">\n<div class=\"elementor-widget-container\">\n<div class=\"woocommerce-product-details__short-description\">\n<p><strong>Numer pozycji:<\/strong> NA014<\/p>\n<p><strong>Rozmiar elementu<\/strong>\u015br. 30cm*H35cm<\/p>\n<p><strong>Kolory<\/strong>: Szary\/r\u00f3\u017cowy\/\u017c\u00f3\u0142ty<\/p>\n<p><strong>Materia\u0142: <\/strong>Lina bawe\u0142niana<\/p>\n<\/div>\n<\/div>\n<\/div>\n<p>&nbsp;<\/p>\n<ul>\n<li>R\u0119cznie wykonane<\/li>\n<li>Mi\u0119kki, trwa\u0142y i bezpieczny<\/li>\n<li>Neutralna kolorystyka<\/li>\n<li>Delikatny i naturalny wygl\u0105d<img fetchpriority=\"high\" decoding=\"async\" class=\"aligncenter wp-image-11576\" src=\"https:\/\/www.sellersunionagent.com\/wp-content\/uploads\/2022\/12\/13918513796_743064173.jpg\" alt=\"Koszyk z bawe\u0142nianego sznurka\" width=\"600\" height=\"600\" \/> <img decoding=\"async\" class=\"aligncenter wp-image-11577\" src=\"https:\/\/www.sellersunionagent.com\/wp-content\/uploads\/2022\/12\/13919032084_743064173.jpg\" alt=\"Koszyk z bawe\u0142nianego sznurka\" width=\"600\" height=\"600\" \/> <img decoding=\"async\" class=\"aligncenter wp-image-11578\" src=\"https:\/\/www.sellersunionagent.com\/wp-content\/uploads\/2022\/12\/13966442936_743064173.jpg\" alt=\"Koszyk z bawe\u0142nianego sznurka\" width=\"600\" height=\"600\" \/> <img loading=\"lazy\" decoding=\"async\" class=\"aligncenter wp-image-11579\" src=\"https:\/\/www.sellersunionagent.com\/wp-content\/uploads\/2022\/12\/13966451970_743064173.jpg\" alt=\"Koszyk z bawe\u0142nianego sznurka\" width=\"600\" height=\"600\" \/> <img loading=\"lazy\" decoding=\"async\" class=\"aligncenter wp-image-11580\" src=\"https:\/\/www.sellersunionagent.com\/wp-content\/uploads\/2022\/12\/13881993251_743064173.jpg\" alt=\"Koszyk z bawe\u0142nianego sznurka\" width=\"600\" height=\"600\" \/> <img loading=\"lazy\" decoding=\"async\" class=\"aligncenter wp-image-11581\" src=\"https:\/\/www.sellersunionagent.com\/wp-content\/uploads\/2022\/12\/13882053043_743064173.jpg\" alt=\"Koszyk z bawe\u0142nianego sznurka\" width=\"600\" height=\"600\" \/><\/li>\n<\/ul>","protected":false},"excerpt":{"rendered":"<p><strong><b>MOQ<\/b><\/strong>200 sztuk<br \/>\n<strong><b>Bezp\u0142atna pr\u00f3bka<\/b><\/strong>:  Obs\u0142ugiwane<br \/>\n<strong><b>Personalizacja<\/b><\/strong>:  Rozmiar \/ opakowanie itp.<br \/>\n<strong><b>Zni\u017cka<\/b><\/strong>:  Pierwsze zam\u00f3wienia ju\u017c od 10% taniej.<br \/>\n<strong><b>Wska\u017anik terminowo\u015bci dostaw<\/b><\/strong>:\u00a0 100%<br \/>\n<strong><b>Przesy\u0142ki og\u00f3\u0142em<\/b><\/strong>:  10000 szt.<br \/>\n<strong><b>Wysy\u0142ka<\/b><\/strong>: Fracht morski Fracht l\u0105dowy<\/p>","protected":false},"featured_media":11577,"comment_status":"open","ping_status":"closed","template":"","meta":{"_acf_changed":false},"product_brand":[],"product_cat":[208],"product_tag":[87,206,93],"class_list":{"0":"post-11574","1":"product","2":"type-product","3":"status-publish","4":"has-post-thumbnail","6":"product_cat-cotton-rope-basket","7":"product_tag-bulk-wholesale","8":"product_tag-cotton-rope-basket","9":"product_tag-storage","11":"first","12":"instock","13":"shipping-taxable","14":"product-type-simple","15":"swiper-slide"},"acf":[],"_links":{"self":[{"href":"https:\/\/www.sellersunionagent.com\/pl\/wp-json\/wp\/v2\/product\/11574","targetHints":{"allow":["GET"]}}],"collection":[{"href":"https:\/\/www.sellersunionagent.com\/pl\/wp-json\/wp\/v2\/product"}],"about":[{"href":"https:\/\/www.sellersunionagent.com\/pl\/wp-json\/wp\/v2\/types\/product"}],"replies":[{"embeddable":true,"href":"https:\/\/www.sellersunionagent.com\/pl\/wp-json\/wp\/v2\/comments?post=11574"}],"wp:featuredmedia":[{"embeddable":true,"href":"https:\/\/www.sellersunionagent.com\/pl\/wp-json\/wp\/v2\/media\/11577"}],"wp:attachment":[{"href":"https:\/\/www.sellersunionagent.com\/pl\/wp-json\/wp\/v2\/media?parent=11574"}],"wp:term":[{"taxonomy":"product_brand","embeddable":true,"href":"https:\/\/www.sellersunionagent.com\/pl\/wp-json\/wp\/v2\/product_brand?post=11574"},{"taxonomy":"product_cat","embeddable":true,"href":"https:\/\/www.sellersunionagent.com\/pl\/wp-json\/wp\/v2\/product_cat?post=11574"},{"taxonomy":"product_tag","embeddable":true,"href":"https:\/\/www.sellersunionagent.com\/pl\/wp-json\/wp\/v2\/product_tag?post=11574"}],"curies":[{"name":"wp","href":"https:\/\/api.w.org\/{rel}","templated":true}]}}