{"id":11528,"date":"2022-12-08T16:53:49","date_gmt":"2022-12-08T08:53:49","guid":{"rendered":"https:\/\/sellersunionagent.com\/?post_type=product&#038;p=11528"},"modified":"2022-12-08T16:53:49","modified_gmt":"2022-12-08T08:53:49","slug":"wholesale-foldable-storage-basket-for-home-kitchen-bedroom-bathroom-office","status":"publish","type":"product","link":"https:\/\/www.sellersunionagent.com\/pl\/wholesale-foldable-storage-basket-for-home-kitchen-bedroom-bathroom-office\/","title":{"rendered":"Wholesale Foldable Storage Basket for Home Kitchen Bedroom Bathroom Office"},"content":{"rendered":"<h2>Mini Plastic Baskets for Office Organization, Collapsible Crate Stacking Folding Storage Baskets for Home Kitchen Bedroom Bathroom Office<\/h2>\n<ul class=\"a-unordered-list a-vertical a-spacing-mini\">\n<li><span class=\"a-list-item\">\u3010Compact &amp; Portable\u3011<\/span><\/li>\n<li><span class=\"a-list-item\">\u3010Colorful Baskets\u3011<\/span><\/li>\n<li><span class=\"a-list-item\">\u3010Durable Material\u3011<\/span><\/li>\n<li><span class=\"a-list-item\">\u3010Widely Used\u3011<\/span><\/li>\n<li><span class=\"a-list-item\">\u3010Plastic Storage Basket\u3011<\/span><\/li>\n<\/ul>\n<p style=\"text-align: center\"><strong><b>Typ<\/b><\/strong>: Przechowywanie w domu<\/p>\n<p style=\"text-align: center\"><strong><b>Numer pozycji: <\/b><\/strong>OX-25<\/p>\n<p style=\"text-align: center\"><strong><b>Waga przedmiotu<\/b><\/strong>: 170g\/52g<\/p>\n<p style=\"text-align: center\"><strong><b>Kolory<\/b><\/strong>: Pink\/green\/beige\/light blue<\/p>\n<p><img fetchpriority=\"high\" decoding=\"async\" class=\"aligncenter wp-image-11534\" src=\"https:\/\/www.sellersunionagent.com\/wp-content\/uploads\/2022\/12\/21317216221_256440348.jpg\" alt=\"hurtowy\" width=\"600\" height=\"600\" \/> <img decoding=\"async\" class=\"aligncenter wp-image-11533\" src=\"https:\/\/www.sellersunionagent.com\/wp-content\/uploads\/2022\/12\/21317210337_256440348.jpg\" alt=\"hurtowy\" width=\"600\" height=\"600\" \/> <img decoding=\"async\" class=\"aligncenter wp-image-11531\" src=\"https:\/\/www.sellersunionagent.com\/wp-content\/uploads\/2022\/12\/21317189729_256440348.jpg\" alt=\"hurtowy\" width=\"600\" height=\"600\" \/> <img loading=\"lazy\" decoding=\"async\" class=\"aligncenter wp-image-11530\" src=\"https:\/\/www.sellersunionagent.com\/wp-content\/uploads\/2022\/12\/21156489896_256440348.jpg\" alt=\"hurtowy\" width=\"600\" height=\"600\" \/><\/p>","protected":false},"excerpt":{"rendered":"<p><strong><b>MOQ<\/b><\/strong>:  1000 szt.<br \/>\n<strong><b>Bezp\u0142atna pr\u00f3bka<\/b><\/strong>:  Obs\u0142ugiwane<br \/>\n<strong><b>Personalizacja<\/b><\/strong>logo \/ kolor \/ materia\u0142y \/ opakowanie itp.<br \/>\n<strong><b>Zni\u017cka<\/b><\/strong>:  Pierwsze zam\u00f3wienia ju\u017c od 10% taniej.<br \/>\n<strong><b>Wska\u017anik terminowo\u015bci dostaw<\/b><\/strong>:\u00a0 100%<br \/>\n<strong><b>Przesy\u0142ki og\u00f3\u0142em<\/b><\/strong>:  10000 szt.<br \/>\n<strong><b>Wysy\u0142ka<\/b><\/strong>: Fracht morski Fracht l\u0105dowy<\/p>","protected":false},"featured_media":11532,"comment_status":"open","ping_status":"closed","template":"","meta":{"_acf_changed":false},"product_brand":[],"product_cat":[31],"product_tag":[87,73],"class_list":{"0":"post-11528","1":"product","2":"type-product","3":"status-publish","4":"has-post-thumbnail","6":"product_cat-home-storage","7":"product_tag-bulk-wholesale","8":"product_tag-home-storagewholesaledurable","10":"first","11":"instock","12":"shipping-taxable","13":"product-type-simple","14":"swiper-slide"},"acf":[],"_links":{"self":[{"href":"https:\/\/www.sellersunionagent.com\/pl\/wp-json\/wp\/v2\/product\/11528","targetHints":{"allow":["GET"]}}],"collection":[{"href":"https:\/\/www.sellersunionagent.com\/pl\/wp-json\/wp\/v2\/product"}],"about":[{"href":"https:\/\/www.sellersunionagent.com\/pl\/wp-json\/wp\/v2\/types\/product"}],"replies":[{"embeddable":true,"href":"https:\/\/www.sellersunionagent.com\/pl\/wp-json\/wp\/v2\/comments?post=11528"}],"wp:featuredmedia":[{"embeddable":true,"href":"https:\/\/www.sellersunionagent.com\/pl\/wp-json\/wp\/v2\/media\/11532"}],"wp:attachment":[{"href":"https:\/\/www.sellersunionagent.com\/pl\/wp-json\/wp\/v2\/media?parent=11528"}],"wp:term":[{"taxonomy":"product_brand","embeddable":true,"href":"https:\/\/www.sellersunionagent.com\/pl\/wp-json\/wp\/v2\/product_brand?post=11528"},{"taxonomy":"product_cat","embeddable":true,"href":"https:\/\/www.sellersunionagent.com\/pl\/wp-json\/wp\/v2\/product_cat?post=11528"},{"taxonomy":"product_tag","embeddable":true,"href":"https:\/\/www.sellersunionagent.com\/pl\/wp-json\/wp\/v2\/product_tag?post=11528"}],"curies":[{"name":"wp","href":"https:\/\/api.w.org\/{rel}","templated":true}]}}