{"id":11509,"date":"2022-12-08T14:51:18","date_gmt":"2022-12-08T06:51:18","guid":{"rendered":"https:\/\/sellersunionagent.com\/?post_type=product&#038;p=11509"},"modified":"2022-12-08T14:51:18","modified_gmt":"2022-12-08T06:51:18","slug":"hurtowy-stojak-na-buty-bezplatny-kombinowany-organizer-na-buty-do-szafy","status":"publish","type":"product","link":"https:\/\/www.sellersunionagent.com\/pl\/wholesale-shoe-rack-free-combination-shoe-organizer-for-closet\/","title":{"rendered":"Hurtowy stojak na buty Bezp\u0142atny kombinowany organizer na buty do szafy"},"content":{"rendered":"<h2>Plastikowa p\u00f3\u0142ka na buty, kt\u00f3r\u0105 mo\u017cna uk\u0142ada\u0107 w stosy, do przedpokoju, mini p\u00f3\u0142ka na buty do przedpokoju<\/h2>\n<p>\u3010Trwa\u0142a jako\u015b\u0107 premium\u3011<br \/>\n\u3010Darmowa kombinacja\u3011<br \/>\n\u3010 Wytrzyma\u0142y i trwa\u0142y\u3011<br \/>\n\u3010Oszcz\u0119dno\u015b\u0107 miejsca\u3011<br \/>\n\u3010Zadowolenie\u3011<\/p>\n<p style=\"text-align: center\"><strong><b>Typ<\/b><\/strong>: Przechowywanie w domu<\/p>\n<p style=\"text-align: center\"><strong><b>Numer pozycji:<\/b><\/strong> OX-21<\/p>\n<p style=\"text-align: center\"><strong><b>Waga przedmiotu<\/b><\/strong>: 98g<\/p>\n<p style=\"text-align: center\"><strong><b>Kolory<\/b><\/strong>: Bia\u0142y\/r\u00f3\u017cowy\/zielony\/niebieski\/be\u017cowy\/czarny<\/p>\n<p style=\"text-align: center\"><img fetchpriority=\"high\" decoding=\"async\" class=\"alignnone wp-image-11525\" src=\"https:\/\/www.sellersunionagent.com\/wp-content\/uploads\/2022\/12\/16681625712_256440348.jpg\" alt=\"hurtowy\" width=\"600\" height=\"600\" \/> <img decoding=\"async\" class=\"aligncenter wp-image-11524\" src=\"https:\/\/www.sellersunionagent.com\/wp-content\/uploads\/2022\/12\/16613563762_256440348.jpg\" alt=\"hurtowy\" width=\"600\" height=\"600\" \/> <img decoding=\"async\" class=\"aligncenter wp-image-11523\" src=\"https:\/\/www.sellersunionagent.com\/wp-content\/uploads\/2022\/12\/16560663147_256440348.jpg\" alt=\"hurtowy\" width=\"600\" height=\"600\" \/> <img loading=\"lazy\" decoding=\"async\" class=\"aligncenter wp-image-11522\" src=\"https:\/\/www.sellersunionagent.com\/wp-content\/uploads\/2022\/12\/16560609851_256440348.jpg\" alt=\"hurtowy\" width=\"600\" height=\"600\" \/><\/p>","protected":false},"excerpt":{"rendered":"<p><strong><b>MOQ<\/b><\/strong>:  1000 szt.<br \/>\n<strong><b>Bezp\u0142atna pr\u00f3bka<\/b><\/strong>:  Obs\u0142ugiwane<br \/>\n<strong><b>Personalizacja<\/b><\/strong>logo \/ kolor \/ materia\u0142y \/ opakowanie itp.<br \/>\n<strong><b>Zni\u017cka<\/b><\/strong>:  Pierwsze zam\u00f3wienia ju\u017c od 10% taniej.<br \/>\n<strong><b>Wska\u017anik terminowo\u015bci dostaw<\/b><\/strong>:\u00a0 100%<br \/>\n<strong><b>Przesy\u0142ki og\u00f3\u0142em<\/b><\/strong>:  10000 szt.<br \/>\n<strong><b>Wysy\u0142ka<\/b><\/strong>: Fracht morski Fracht l\u0105dowy<\/p>","protected":false},"featured_media":11527,"comment_status":"open","ping_status":"closed","template":"","meta":{"_acf_changed":false},"product_brand":[],"product_cat":[31],"product_tag":[73,47],"class_list":{"0":"post-11509","1":"product","2":"type-product","3":"status-publish","4":"has-post-thumbnail","6":"product_cat-home-storage","7":"product_tag-home-storagewholesaledurable","8":"product_tag-hot-sale","10":"first","11":"instock","12":"shipping-taxable","13":"product-type-simple","14":"swiper-slide"},"acf":[],"_links":{"self":[{"href":"https:\/\/www.sellersunionagent.com\/pl\/wp-json\/wp\/v2\/product\/11509","targetHints":{"allow":["GET"]}}],"collection":[{"href":"https:\/\/www.sellersunionagent.com\/pl\/wp-json\/wp\/v2\/product"}],"about":[{"href":"https:\/\/www.sellersunionagent.com\/pl\/wp-json\/wp\/v2\/types\/product"}],"replies":[{"embeddable":true,"href":"https:\/\/www.sellersunionagent.com\/pl\/wp-json\/wp\/v2\/comments?post=11509"}],"wp:featuredmedia":[{"embeddable":true,"href":"https:\/\/www.sellersunionagent.com\/pl\/wp-json\/wp\/v2\/media\/11527"}],"wp:attachment":[{"href":"https:\/\/www.sellersunionagent.com\/pl\/wp-json\/wp\/v2\/media?parent=11509"}],"wp:term":[{"taxonomy":"product_brand","embeddable":true,"href":"https:\/\/www.sellersunionagent.com\/pl\/wp-json\/wp\/v2\/product_brand?post=11509"},{"taxonomy":"product_cat","embeddable":true,"href":"https:\/\/www.sellersunionagent.com\/pl\/wp-json\/wp\/v2\/product_cat?post=11509"},{"taxonomy":"product_tag","embeddable":true,"href":"https:\/\/www.sellersunionagent.com\/pl\/wp-json\/wp\/v2\/product_tag?post=11509"}],"curies":[{"name":"wp","href":"https:\/\/api.w.org\/{rel}","templated":true}]}}