{"id":11389,"date":"2022-12-01T11:17:56","date_gmt":"2022-12-01T03:17:56","guid":{"rendered":"https:\/\/sellersunionagent.com\/?post_type=product&#038;p=11389"},"modified":"2022-12-01T11:17:56","modified_gmt":"2022-12-01T03:17:56","slug":"prosty-uchwyt-na-chusteczki-higieniczne-z-bawelnianego-sznurka","status":"publish","type":"product","link":"https:\/\/www.sellersunionagent.com\/pl\/simple-cotton-rope-woven-tissue-box-holder\/","title":{"rendered":"Prosty uchwyt na chusteczki higieniczne z bawe\u0142nianego sznurka"},"content":{"rendered":"<h2>Prosty uchwyt na chusteczki higieniczne z bawe\u0142nianego sznurka<\/h2>\n<p><strong>Typ<\/strong>: Uchwyt na chusteczki z bawe\u0142nianego sznurka<\/p>\n<div class=\"elementor-element elementor-element-c17fac7 elementor-widget elementor-widget-woocommerce-product-short-description\" data-id=\"c17fac7\" data-element_type=\"widget\" data-widget_type=\"woocommerce-product-short-description.default\">\n<div class=\"elementor-widget-container\">\n<div class=\"woocommerce-product-details__short-description\">\n<p><strong>Numer pozycji:<\/strong> NA003<\/p>\n<p><strong>Rozmiar elementu<\/strong>: 19*13,5*10cm<\/p>\n<p><strong>Kolory<\/strong>: Szary\/bia\u0142y\/br\u0105zowy<\/p>\n<p><strong>Materia\u0142: <\/strong>Lina bawe\u0142niana<\/p>\n<\/div>\n<\/div>\n<\/div>\n<p>&nbsp;<\/p>\n<ul>\n<li>R\u0119cznie wykonane<\/li>\n<li>Mi\u0119kki, trwa\u0142y i bezpieczny<\/li>\n<li>Neutralna kolorystyka<\/li>\n<li>Delikatny i naturalny wygl\u0105d<\/li>\n<li>Du\u017ca pojemno\u015b\u0107<img fetchpriority=\"high\" decoding=\"async\" class=\"aligncenter wp-image-11394\" src=\"https:\/\/www.sellersunionagent.com\/wp-content\/uploads\/2022\/12\/O1CN019USldO1vpj4BAeSzn_3017326222-0-cib.jpg\" alt=\"Tkany kosz chi\u0144ski\" width=\"600\" height=\"600\" \/> <img decoding=\"async\" class=\"aligncenter wp-image-11393\" src=\"https:\/\/www.sellersunionagent.com\/wp-content\/uploads\/2022\/12\/O1CN01KvFY3m1vpj4GygKyC_3017326222-0-cib.jpg\" alt=\"Tkany kosz chi\u0144ski\" width=\"600\" height=\"600\" \/> <img decoding=\"async\" class=\"aligncenter wp-image-11392\" src=\"https:\/\/www.sellersunionagent.com\/wp-content\/uploads\/2022\/12\/O1CN01gDFtJG1vpj4DbZKax_3017326222-0-cib.jpg\" alt=\"Tkany kosz chi\u0144ski\" width=\"600\" height=\"600\" \/> <img loading=\"lazy\" decoding=\"async\" class=\"aligncenter wp-image-11391\" src=\"https:\/\/www.sellersunionagent.com\/wp-content\/uploads\/2022\/12\/O1CN01cZuo4v1vpj4EEgpdV_3017326222-0-cib.jpg\" alt=\"Tkany kosz chi\u0144ski\" width=\"600\" height=\"600\" \/> <img loading=\"lazy\" decoding=\"async\" class=\"aligncenter wp-image-11390\" src=\"https:\/\/www.sellersunionagent.com\/wp-content\/uploads\/2022\/12\/O1CN01C0KjCU1vpj44876N4_3017326222-0-cib.jpg\" alt=\"Tkany kosz chi\u0144ski\" width=\"600\" height=\"600\" \/><\/li>\n<\/ul>","protected":false},"excerpt":{"rendered":"<p><strong><b>MOQ<\/b><\/strong>200 sztuk<br \/>\n<strong><b>Bezp\u0142atna pr\u00f3bka<\/b><\/strong>:  Obs\u0142ugiwane<br \/>\n<strong><b>Personalizacja<\/b><\/strong>:  Rozmiar \/ opakowanie itp.<br \/>\n<strong><b>Zni\u017cka<\/b><\/strong>:  Pierwsze zam\u00f3wienia ju\u017c od 10% taniej.<br \/>\n<strong><b>Wska\u017anik terminowo\u015bci dostaw<\/b><\/strong>:\u00a0 100%<br \/>\n<strong><b>Przesy\u0142ki og\u00f3\u0142em<\/b><\/strong>:  10000 szt.<br \/>\n<strong><b>Wysy\u0142ka<\/b><\/strong>: Fracht morski Fracht l\u0105dowy<\/p>","protected":false},"featured_media":11391,"comment_status":"open","ping_status":"closed","template":"","meta":{"_acf_changed":false},"product_brand":[],"product_cat":[208],"product_tag":[212,199,42],"class_list":{"0":"post-11389","1":"product","2":"type-product","3":"status-publish","4":"has-post-thumbnail","6":"product_cat-cotton-rope-basket","7":"product_tag-china-woven","8":"product_tag-hand-made","9":"product_tag-high-quality","11":"first","12":"instock","13":"shipping-taxable","14":"product-type-simple","15":"swiper-slide"},"acf":[],"_links":{"self":[{"href":"https:\/\/www.sellersunionagent.com\/pl\/wp-json\/wp\/v2\/product\/11389","targetHints":{"allow":["GET"]}}],"collection":[{"href":"https:\/\/www.sellersunionagent.com\/pl\/wp-json\/wp\/v2\/product"}],"about":[{"href":"https:\/\/www.sellersunionagent.com\/pl\/wp-json\/wp\/v2\/types\/product"}],"replies":[{"embeddable":true,"href":"https:\/\/www.sellersunionagent.com\/pl\/wp-json\/wp\/v2\/comments?post=11389"}],"wp:featuredmedia":[{"embeddable":true,"href":"https:\/\/www.sellersunionagent.com\/pl\/wp-json\/wp\/v2\/media\/11391"}],"wp:attachment":[{"href":"https:\/\/www.sellersunionagent.com\/pl\/wp-json\/wp\/v2\/media?parent=11389"}],"wp:term":[{"taxonomy":"product_brand","embeddable":true,"href":"https:\/\/www.sellersunionagent.com\/pl\/wp-json\/wp\/v2\/product_brand?post=11389"},{"taxonomy":"product_cat","embeddable":true,"href":"https:\/\/www.sellersunionagent.com\/pl\/wp-json\/wp\/v2\/product_cat?post=11389"},{"taxonomy":"product_tag","embeddable":true,"href":"https:\/\/www.sellersunionagent.com\/pl\/wp-json\/wp\/v2\/product_tag?post=11389"}],"curies":[{"name":"wp","href":"https:\/\/api.w.org\/{rel}","templated":true}]}}