{"id":11374,"date":"2022-12-01T10:59:59","date_gmt":"2022-12-01T02:59:59","guid":{"rendered":"https:\/\/sellersunionagent.com\/?post_type=product&#038;p=11374"},"modified":"2022-12-01T11:22:04","modified_gmt":"2022-12-01T03:22:04","slug":"kosze-do-przechowywania-z-bawelnianej-liny-z-pomponem-recznie-tkany-organizer-na-ubrania-z-chinskiej-fabryki","status":"publish","type":"product","link":"https:\/\/www.sellersunionagent.com\/pl\/cotton-rope-storage-baskets-with-pompom-handmade-woven-clothes-organizer-from-china-factory\/","title":{"rendered":"Bawe\u0142niane kosze do przechowywania z pomponem R\u0119cznie tkany organizer na ubrania z chi\u0144skiej fabryki"},"content":{"rendered":"<h2>Bawe\u0142niane kosze do przechowywania z pomponem R\u0119cznie tkany organizer na ubrania z chi\u0144skiej fabryki<\/h2>\n<p><strong>Typ<\/strong>: Kosze z bawe\u0142nianej liny<\/p>\n<div class=\"elementor-element elementor-element-c17fac7 elementor-widget elementor-widget-woocommerce-product-short-description\" data-id=\"c17fac7\" data-element_type=\"widget\" data-widget_type=\"woocommerce-product-short-description.default\">\n<div class=\"elementor-widget-container\">\n<div class=\"woocommerce-product-details__short-description\">\n<p><strong>Numer pozycji:<\/strong> NA003<\/p>\n<p><strong>Rozmiar elementu<\/strong>: S\uff1a18*16*9cm, 150g; L\uff1a27*25*11cm, 320g<\/p>\n<p><strong>Kolory<\/strong>: Szary\/bia\u0142y<\/p>\n<p><strong>Materia\u0142: <\/strong>Lina bawe\u0142niana<\/p>\n<\/div>\n<\/div>\n<\/div>\n<p>&nbsp;<\/p>\n<ul>\n<li>R\u0119cznie wykonane<\/li>\n<li>Mi\u0119kki, trwa\u0142y i bezpieczny<\/li>\n<li>Neutralna kolorystyka<\/li>\n<li>Delikatny i naturalny wygl\u0105d<img fetchpriority=\"high\" decoding=\"async\" class=\"aligncenter wp-image-11375\" src=\"https:\/\/www.sellersunionagent.com\/wp-content\/uploads\/2022\/12\/11056905070_743064173.jpg\" alt=\"Kosze do przechowywania z bawe\u0142nianego sznurka\" width=\"600\" height=\"600\" \/> <img decoding=\"async\" class=\"aligncenter wp-image-11376\" src=\"https:\/\/www.sellersunionagent.com\/wp-content\/uploads\/2022\/12\/11087662139_743064173.jpg\" alt=\"Kosze do przechowywania z bawe\u0142nianego sznurka\" width=\"600\" height=\"600\" \/> <img decoding=\"async\" class=\"aligncenter wp-image-11377\" src=\"https:\/\/www.sellersunionagent.com\/wp-content\/uploads\/2022\/12\/11088178232_743064173.jpg\" alt=\"Kosze do przechowywania z bawe\u0142nianego sznurka\" width=\"600\" height=\"600\" \/> <img loading=\"lazy\" decoding=\"async\" class=\"aligncenter wp-image-11378\" src=\"https:\/\/www.sellersunionagent.com\/wp-content\/uploads\/2022\/12\/11117084689_743064173.jpg\" alt=\"Kosze do przechowywania z bawe\u0142nianego sznurka\" width=\"600\" height=\"600\" \/> <img loading=\"lazy\" decoding=\"async\" class=\"aligncenter wp-image-11379\" src=\"https:\/\/www.sellersunionagent.com\/wp-content\/uploads\/2022\/12\/11117636636_743064173.jpg\" alt=\"Kosze do przechowywania z bawe\u0142nianego sznurka\" width=\"600\" height=\"600\" \/> <img loading=\"lazy\" decoding=\"async\" class=\"aligncenter wp-image-11380\" src=\"https:\/\/www.sellersunionagent.com\/wp-content\/uploads\/2022\/12\/11117879224_743064173.jpg\" alt=\"Kosze do przechowywania z bawe\u0142nianego sznurka\" width=\"600\" height=\"600\" \/> <img loading=\"lazy\" decoding=\"async\" class=\"aligncenter wp-image-11381\" src=\"https:\/\/www.sellersunionagent.com\/wp-content\/uploads\/2022\/12\/11117909382_743064173.jpg\" alt=\"Kosze do przechowywania z bawe\u0142nianego sznurka\" width=\"600\" height=\"600\" \/><\/li>\n<\/ul>","protected":false},"excerpt":{"rendered":"<p><strong><b>MOQ<\/b><\/strong>200 sztuk<br \/>\n<strong><b>Bezp\u0142atna pr\u00f3bka<\/b><\/strong>:  Obs\u0142ugiwane<br \/>\n<strong><b>Personalizacja<\/b><\/strong>:  Rozmiar \/ opakowanie itp.<br \/>\n<strong><b>Zni\u017cka<\/b><\/strong>:  Pierwsze zam\u00f3wienia ju\u017c od 10% taniej.<br \/>\n<strong><b>Wska\u017anik terminowo\u015bci dostaw<\/b><\/strong>:\u00a0 100%<br \/>\n<strong><b>Przesy\u0142ki og\u00f3\u0142em<\/b><\/strong>:  10000 szt.<br \/>\n<strong><b>Wysy\u0142ka<\/b><\/strong>: Fracht morski Fracht l\u0105dowy<\/p>","protected":false},"featured_media":11378,"comment_status":"open","ping_status":"closed","template":"","meta":{"_acf_changed":false},"product_brand":[],"product_cat":[208],"product_tag":[46,71,42],"class_list":{"0":"post-11374","1":"product","2":"type-product","3":"status-publish","4":"has-post-thumbnail","6":"product_cat-cotton-rope-basket","7":"product_tag-customization","8":"product_tag-durable","9":"product_tag-high-quality","11":"first","12":"instock","13":"shipping-taxable","14":"product-type-simple","15":"swiper-slide"},"acf":[],"_links":{"self":[{"href":"https:\/\/www.sellersunionagent.com\/pl\/wp-json\/wp\/v2\/product\/11374","targetHints":{"allow":["GET"]}}],"collection":[{"href":"https:\/\/www.sellersunionagent.com\/pl\/wp-json\/wp\/v2\/product"}],"about":[{"href":"https:\/\/www.sellersunionagent.com\/pl\/wp-json\/wp\/v2\/types\/product"}],"replies":[{"embeddable":true,"href":"https:\/\/www.sellersunionagent.com\/pl\/wp-json\/wp\/v2\/comments?post=11374"}],"wp:featuredmedia":[{"embeddable":true,"href":"https:\/\/www.sellersunionagent.com\/pl\/wp-json\/wp\/v2\/media\/11378"}],"wp:attachment":[{"href":"https:\/\/www.sellersunionagent.com\/pl\/wp-json\/wp\/v2\/media?parent=11374"}],"wp:term":[{"taxonomy":"product_brand","embeddable":true,"href":"https:\/\/www.sellersunionagent.com\/pl\/wp-json\/wp\/v2\/product_brand?post=11374"},{"taxonomy":"product_cat","embeddable":true,"href":"https:\/\/www.sellersunionagent.com\/pl\/wp-json\/wp\/v2\/product_cat?post=11374"},{"taxonomy":"product_tag","embeddable":true,"href":"https:\/\/www.sellersunionagent.com\/pl\/wp-json\/wp\/v2\/product_tag?post=11374"}],"curies":[{"name":"wp","href":"https:\/\/api.w.org\/{rel}","templated":true}]}}