{"id":11368,"date":"2022-12-01T10:55:09","date_gmt":"2022-12-01T02:55:09","guid":{"rendered":"https:\/\/sellersunionagent.com\/?post_type=product&#038;p=11368"},"modified":"2022-12-01T11:22:23","modified_gmt":"2022-12-01T03:22:23","slug":"woven-basket-set-of-3-cotton-rope-basket-with-handle","status":"publish","type":"product","link":"https:\/\/www.sellersunionagent.com\/pl\/woven-basket-set-of-3-cotton-rope-basket-with-handle\/","title":{"rendered":"Tkany koszyk Zestaw 3 koszyk\u00f3w z bawe\u0142nianego sznurka z uchwytem"},"content":{"rendered":"<h2>Tkany koszyk Zestaw 3 koszyk\u00f3w z bawe\u0142nianego sznurka z uchwytem<\/h2>\n<p><strong>Typ<\/strong>: Kosze z bawe\u0142nianej liny<\/p>\n<div class=\"elementor-element elementor-element-c17fac7 elementor-widget elementor-widget-woocommerce-product-short-description\" data-id=\"c17fac7\" data-element_type=\"widget\" data-widget_type=\"woocommerce-product-short-description.default\">\n<div class=\"elementor-widget-container\">\n<div class=\"woocommerce-product-details__short-description\">\n<p><strong>Numer pozycji:<\/strong> NA008<\/p>\n<p><strong>Rozmiar elementu<\/strong>: S\uff1a20*8cm, 160g; M\uff1a23*9cm, 210g; L\uff1a26*10cm, 300g<\/p>\n<p><strong>Kolory<\/strong>: Szary\/bia\u0142y\/br\u0105zowy<\/p>\n<p><strong>Materia\u0142: <\/strong>Lina bawe\u0142niana<\/p>\n<\/div>\n<\/div>\n<\/div>\n<p>&nbsp;<\/p>\n<ul>\n<li>R\u0119cznie wykonane<\/li>\n<li>Mi\u0119kki, trwa\u0142y i bezpieczny<\/li>\n<li>Neutralna kolorystyka<\/li>\n<li>Delikatny i naturalny wygl\u0105d<\/li>\n<li>Du\u017ca pojemno\u015b\u0107<img fetchpriority=\"high\" decoding=\"async\" class=\"aligncenter wp-image-11369\" src=\"https:\/\/www.sellersunionagent.com\/wp-content\/uploads\/2022\/12\/O1CN01Lwui9H1vpj2wkQCgw_3017326222-0-cib.jpg\" alt=\"Tkany kosz\" width=\"600\" height=\"600\" \/> <img decoding=\"async\" class=\"aligncenter wp-image-11370\" src=\"https:\/\/www.sellersunionagent.com\/wp-content\/uploads\/2022\/12\/O1CN01rKs8ZT1vpj33g9752_3017326222-0-cib.jpg\" alt=\"Tkany kosz\" width=\"600\" height=\"600\" srcset=\"https:\/\/www.sellersunionagent.com\/wp-content\/uploads\/2022\/12\/O1CN01rKs8ZT1vpj33g9752_3017326222-0-cib.jpg 1200w, https:\/\/www.sellersunionagent.com\/wp-content\/uploads\/2022\/12\/O1CN01rKs8ZT1vpj33g9752_3017326222-0-cib-100x100.jpg 100w\" sizes=\"(max-width: 600px) 100vw, 600px\" \/> <img decoding=\"async\" class=\"aligncenter wp-image-11371\" src=\"https:\/\/www.sellersunionagent.com\/wp-content\/uploads\/2022\/12\/O1CN01zo17m11vpj2uWUgYy_3017326222-0-cib.jpg\" alt=\"Tkany kosz\" width=\"600\" height=\"600\" \/> <img loading=\"lazy\" decoding=\"async\" class=\"aligncenter wp-image-11372\" src=\"https:\/\/www.sellersunionagent.com\/wp-content\/uploads\/2022\/12\/O1CN011oBPyt1vpj2yrPqwu_3017326222-0-cib.jpg\" alt=\"Tkany kosz\" width=\"600\" height=\"600\" \/><\/li>\n<\/ul>","protected":false},"excerpt":{"rendered":"<p><strong><b>MOQ<\/b><\/strong>200 sztuk<br \/>\n<strong><b>Bezp\u0142atna pr\u00f3bka<\/b><\/strong>:  Obs\u0142ugiwane<br \/>\n<strong><b>Personalizacja<\/b><\/strong>:  Rozmiar \/ opakowanie itp.<br \/>\n<strong><b>Zni\u017cka<\/b><\/strong>:  Pierwsze zam\u00f3wienia ju\u017c od 10% taniej.<br \/>\n<strong><b>Wska\u017anik terminowo\u015bci dostaw<\/b><\/strong>:\u00a0 100%<br \/>\n<strong><b>Przesy\u0142ki og\u00f3\u0142em<\/b><\/strong>:  10000 szt.<br \/>\n<strong><b>Wysy\u0142ka<\/b><\/strong>: Fracht morski Fracht l\u0105dowy<\/p>","protected":false},"featured_media":11371,"comment_status":"open","ping_status":"closed","template":"","meta":{"_acf_changed":false},"product_brand":[],"product_cat":[208],"product_tag":[87,70,207],"class_list":{"0":"post-11368","1":"product","2":"type-product","3":"status-publish","4":"has-post-thumbnail","6":"product_cat-cotton-rope-basket","7":"product_tag-bulk-wholesale","8":"product_tag-home-storage","9":"product_tag-woven-basket","11":"first","12":"instock","13":"shipping-taxable","14":"product-type-simple","15":"swiper-slide"},"acf":[],"_links":{"self":[{"href":"https:\/\/www.sellersunionagent.com\/pl\/wp-json\/wp\/v2\/product\/11368","targetHints":{"allow":["GET"]}}],"collection":[{"href":"https:\/\/www.sellersunionagent.com\/pl\/wp-json\/wp\/v2\/product"}],"about":[{"href":"https:\/\/www.sellersunionagent.com\/pl\/wp-json\/wp\/v2\/types\/product"}],"replies":[{"embeddable":true,"href":"https:\/\/www.sellersunionagent.com\/pl\/wp-json\/wp\/v2\/comments?post=11368"}],"wp:featuredmedia":[{"embeddable":true,"href":"https:\/\/www.sellersunionagent.com\/pl\/wp-json\/wp\/v2\/media\/11371"}],"wp:attachment":[{"href":"https:\/\/www.sellersunionagent.com\/pl\/wp-json\/wp\/v2\/media?parent=11368"}],"wp:term":[{"taxonomy":"product_brand","embeddable":true,"href":"https:\/\/www.sellersunionagent.com\/pl\/wp-json\/wp\/v2\/product_brand?post=11368"},{"taxonomy":"product_cat","embeddable":true,"href":"https:\/\/www.sellersunionagent.com\/pl\/wp-json\/wp\/v2\/product_cat?post=11368"},{"taxonomy":"product_tag","embeddable":true,"href":"https:\/\/www.sellersunionagent.com\/pl\/wp-json\/wp\/v2\/product_tag?post=11368"}],"curies":[{"name":"wp","href":"https:\/\/api.w.org\/{rel}","templated":true}]}}