{"id":11342,"date":"2022-12-01T10:24:28","date_gmt":"2022-12-01T02:24:28","guid":{"rendered":"https:\/\/sellersunionagent.com\/?post_type=product&#038;p=11342"},"modified":"2022-12-01T11:23:12","modified_gmt":"2022-12-01T03:23:12","slug":"okragly-pleciony-kosz-z-bawelnianej-liny-dla-dziewczynki-i-malucha-kosz-na-prezent-dla-dziecka-kosz-do-przechowywania-zabawek-sypialnia-organizer-do-domu","status":"publish","type":"product","link":"https:\/\/www.sellersunionagent.com\/pl\/round-woven-cute-animal-cotton-rope-basket-for-baby-girl-and-toddler-nursery-hamper-baby-gift-basket-storage-bin-for-toys-bedroom-home-organizer\/","title":{"rendered":"Okr\u0105g\u0142y, tkany, bawe\u0142niany koszyk na sznurku dla dziewczynki i malucha, kosz do przedszkola, kosz na prezenty dla dziecka, pojemnik na zabawki \/ sypialnia \/ organizer domowy"},"content":{"rendered":"<h2>Okr\u0105g\u0142y, tkany, bawe\u0142niany koszyk na sznurku dla dziewczynki i malucha, kosz do przedszkola, kosz na prezenty dla dziecka, pojemnik na zabawki \/ sypialnia \/ organizer domowy<\/h2>\n<p><strong>Typ<\/strong>: Kosze z bawe\u0142nianej liny<\/p>\n<div class=\"elementor-element elementor-element-c17fac7 elementor-widget elementor-widget-woocommerce-product-short-description\" data-id=\"c17fac7\" data-element_type=\"widget\" data-widget_type=\"woocommerce-product-short-description.default\">\n<div class=\"elementor-widget-container\">\n<div class=\"woocommerce-product-details__short-description\">\n<p><strong>Numer pozycji:<\/strong> NA005<\/p>\n<p><strong>Rozmiar elementu<\/strong>21,5*16,5 cm<\/p>\n<p><strong>Kolory<\/strong>: Granatowy\/niebieski\/\u017c\u00f3\u0142ty\/zielony\/czerwony\/fioletowy\/r\u00f3\u017cowy<\/p>\n<p><strong>Materia\u0142: <\/strong>Lina bawe\u0142niana<\/p>\n<\/div>\n<\/div>\n<\/div>\n<p>&nbsp;<\/p>\n<ul>\n<li>R\u0119cznie wykonane<\/li>\n<li>Mi\u0119kki, trwa\u0142y i bezpieczny<\/li>\n<li>Neutralna kolorystyka<\/li>\n<li>Delikatny i naturalny wygl\u0105d<\/li>\n<li>Du\u017ca pojemno\u015b\u0107<\/li>\n<li><img fetchpriority=\"high\" decoding=\"async\" class=\"aligncenter wp-image-11349\" src=\"https:\/\/www.sellersunionagent.com\/wp-content\/uploads\/2022\/12\/O1CN01zJzQFp1vpj2ZNtX9z_3017326222-0-cib.jpg\" alt=\" Koszyk z bawe\u0142nianego sznurka\" width=\"600\" height=\"600\" \/><\/li>\n<li><img decoding=\"async\" class=\"aligncenter wp-image-11343\" src=\"https:\/\/www.sellersunionagent.com\/wp-content\/uploads\/2022\/12\/O1CN01fnljMJ1vpj3EIaOdL_3017326222-0-cib.jpg\" alt=\" Koszyk z bawe\u0142nianego sznurka\" width=\"600\" height=\"600\" \/> <img decoding=\"async\" class=\"aligncenter wp-image-11344\" src=\"https:\/\/www.sellersunionagent.com\/wp-content\/uploads\/2022\/12\/O1CN01hBN4b51vpj0KFbapM_3017326222-0-cib.jpg\" alt=\" Koszyk z bawe\u0142nianego sznurka\" width=\"600\" height=\"600\" \/> <img loading=\"lazy\" decoding=\"async\" class=\"aligncenter wp-image-11345\" src=\"https:\/\/www.sellersunionagent.com\/wp-content\/uploads\/2022\/12\/O1CN01J5a2L01vpj0FmRFcu_3017326222-0-cib.jpg\" alt=\" Koszyk z bawe\u0142nianego sznurka\" width=\"600\" height=\"600\" \/> <img loading=\"lazy\" decoding=\"async\" class=\"aligncenter wp-image-11346\" src=\"https:\/\/www.sellersunionagent.com\/wp-content\/uploads\/2022\/12\/O1CN01RWAtxK1vpj1GwKlsR_3017326222-0-cib.jpg\" alt=\" Koszyk z bawe\u0142nianego sznurka\" width=\"600\" height=\"600\" srcset=\"https:\/\/www.sellersunionagent.com\/wp-content\/uploads\/2022\/12\/O1CN01RWAtxK1vpj1GwKlsR_3017326222-0-cib.jpg 1200w, https:\/\/www.sellersunionagent.com\/wp-content\/uploads\/2022\/12\/O1CN01RWAtxK1vpj1GwKlsR_3017326222-0-cib-100x100.jpg 100w\" sizes=\"(max-width: 600px) 100vw, 600px\" \/> <img loading=\"lazy\" decoding=\"async\" class=\"aligncenter wp-image-11347\" src=\"https:\/\/www.sellersunionagent.com\/wp-content\/uploads\/2022\/12\/O1CN01tDZuia1vpj0F3UheM_3017326222-0-cib.jpg\" alt=\" Koszyk z bawe\u0142nianego sznurka\" width=\"600\" height=\"600\" \/> <img loading=\"lazy\" decoding=\"async\" class=\"aligncenter wp-image-11350\" src=\"https:\/\/www.sellersunionagent.com\/wp-content\/uploads\/2022\/12\/O1CN014k90Ye1vpj05rrZAM_3017326222-0-cib.jpg\" alt=\" Koszyk z bawe\u0142nianego sznurka\" width=\"600\" height=\"600\" \/><\/li>\n<\/ul>","protected":false},"excerpt":{"rendered":"<p><strong><b>MOQ<\/b><\/strong>200 sztuk<br \/>\n<strong><b>Bezp\u0142atna pr\u00f3bka<\/b><\/strong>:  Obs\u0142ugiwane<br \/>\n<strong><b>Personalizacja<\/b><\/strong>:  Rozmiar \/ opakowanie itp.<br \/>\n<strong><b>Zni\u017cka<\/b><\/strong>:  Pierwsze zam\u00f3wienia ju\u017c od 10% taniej.<br \/>\n<strong><b>Wska\u017anik terminowo\u015bci dostaw<\/b><\/strong>:\u00a0 100%<br \/>\n<strong><b>Przesy\u0142ki og\u00f3\u0142em<\/b><\/strong>:  10000 szt.<br \/>\n<strong><b>Wysy\u0142ka<\/b><\/strong>: Fracht morski Fracht l\u0105dowy<\/p>","protected":false},"featured_media":11345,"comment_status":"open","ping_status":"closed","template":"","meta":{"_acf_changed":false},"product_brand":[],"product_cat":[208],"product_tag":[87,70,99],"class_list":{"0":"post-11342","1":"product","2":"type-product","3":"status-publish","4":"has-post-thumbnail","6":"product_cat-cotton-rope-basket","7":"product_tag-bulk-wholesale","8":"product_tag-home-storage","9":"product_tag-wholesale-maker-from-china","11":"first","12":"instock","13":"shipping-taxable","14":"product-type-simple","15":"swiper-slide"},"acf":[],"_links":{"self":[{"href":"https:\/\/www.sellersunionagent.com\/pl\/wp-json\/wp\/v2\/product\/11342","targetHints":{"allow":["GET"]}}],"collection":[{"href":"https:\/\/www.sellersunionagent.com\/pl\/wp-json\/wp\/v2\/product"}],"about":[{"href":"https:\/\/www.sellersunionagent.com\/pl\/wp-json\/wp\/v2\/types\/product"}],"replies":[{"embeddable":true,"href":"https:\/\/www.sellersunionagent.com\/pl\/wp-json\/wp\/v2\/comments?post=11342"}],"wp:featuredmedia":[{"embeddable":true,"href":"https:\/\/www.sellersunionagent.com\/pl\/wp-json\/wp\/v2\/media\/11345"}],"wp:attachment":[{"href":"https:\/\/www.sellersunionagent.com\/pl\/wp-json\/wp\/v2\/media?parent=11342"}],"wp:term":[{"taxonomy":"product_brand","embeddable":true,"href":"https:\/\/www.sellersunionagent.com\/pl\/wp-json\/wp\/v2\/product_brand?post=11342"},{"taxonomy":"product_cat","embeddable":true,"href":"https:\/\/www.sellersunionagent.com\/pl\/wp-json\/wp\/v2\/product_cat?post=11342"},{"taxonomy":"product_tag","embeddable":true,"href":"https:\/\/www.sellersunionagent.com\/pl\/wp-json\/wp\/v2\/product_tag?post=11342"}],"curies":[{"name":"wp","href":"https:\/\/api.w.org\/{rel}","templated":true}]}}