{"id":11326,"date":"2022-11-30T17:22:23","date_gmt":"2022-11-30T09:22:23","guid":{"rendered":"https:\/\/sellersunionagent.com\/?post_type=product&#038;p=11326"},"modified":"2022-12-01T11:23:43","modified_gmt":"2022-12-01T03:23:43","slug":"cotton-rope-storage-baskets-with-pompom-handmade-woven-clothes-laundry-basket","status":"publish","type":"product","link":"https:\/\/www.sellersunionagent.com\/pl\/cotton-rope-storage-baskets-with-pompom-handmade-woven-clothes-laundry-basket\/","title":{"rendered":"Bawe\u0142niane kosze do przechowywania z pomponem R\u0119cznie tkany kosz na bielizn\u0119"},"content":{"rendered":"<h2>Bawe\u0142niane kosze do przechowywania z pomponem R\u0119cznie tkany kosz na bielizn\u0119<\/h2>\n<p><strong>Typ<\/strong>: Kosze z bawe\u0142nianej liny<\/p>\n<div class=\"elementor-element elementor-element-c17fac7 elementor-widget elementor-widget-woocommerce-product-short-description\" data-id=\"c17fac7\" data-element_type=\"widget\" data-widget_type=\"woocommerce-product-short-description.default\">\n<div class=\"elementor-widget-container\">\n<div class=\"woocommerce-product-details__short-description\">\n<p><strong>Numer pozycji:<\/strong> NA003<\/p>\n<p><strong>Rozmiar elementu<\/strong>: S\uff1a18*16*9cm, 150g; L\uff1a27*25*11cm, 320g<\/p>\n<p><strong>Kolory<\/strong>: Szary\/bia\u0142y<\/p>\n<p><strong>Materia\u0142: <\/strong>Lina bawe\u0142niana<\/p>\n<\/div>\n<\/div>\n<\/div>\n<p>&nbsp;<\/p>\n<ul>\n<li>R\u0119cznie wykonane<\/li>\n<li>Mi\u0119kki, trwa\u0142y i bezpieczny<\/li>\n<li>Neutralna kolorystyka<\/li>\n<li>Delikatny i naturalny wygl\u0105d<\/li>\n<li>Du\u017ca pojemno\u015b\u0107<\/li>\n<li><img fetchpriority=\"high\" decoding=\"async\" class=\"aligncenter wp-image-11328\" src=\"https:\/\/www.sellersunionagent.com\/wp-content\/uploads\/2022\/11\/12691299217_743064173.jpg\" alt=\" Kosz na pranie \" width=\"600\" height=\"600\" \/> <img decoding=\"async\" class=\"aligncenter wp-image-11329\" src=\"https:\/\/www.sellersunionagent.com\/wp-content\/uploads\/2022\/11\/12691428608_743064173.jpg\" alt=\" Kosz na pranie \" width=\"600\" height=\"600\" \/> <img decoding=\"async\" class=\"aligncenter wp-image-11332\" src=\"https:\/\/www.sellersunionagent.com\/wp-content\/uploads\/2022\/11\/12768410352_743064173.jpg\" alt=\" Kosz na pranie \" width=\"600\" height=\"600\" \/><img loading=\"lazy\" decoding=\"async\" class=\"aligncenter wp-image-11333\" src=\"https:\/\/www.sellersunionagent.com\/wp-content\/uploads\/2022\/11\/12768551074_743064173.jpg\" alt=\" Kosz na pranie \" width=\"600\" height=\"600\" \/><\/li>\n<li><img loading=\"lazy\" decoding=\"async\" class=\"aligncenter wp-image-11330\" src=\"https:\/\/www.sellersunionagent.com\/wp-content\/uploads\/2022\/11\/12728443715_743064173.jpg\" alt=\" Kosz na pranie \" width=\"600\" height=\"600\" \/> <img loading=\"lazy\" decoding=\"async\" class=\"aligncenter wp-image-11331\" src=\"https:\/\/www.sellersunionagent.com\/wp-content\/uploads\/2022\/11\/12728455056_743064173.jpg\" alt=\" Kosz na pranie \" width=\"600\" height=\"600\" \/> <img loading=\"lazy\" decoding=\"async\" class=\"aligncenter wp-image-11327\" src=\"https:\/\/www.sellersunionagent.com\/wp-content\/uploads\/2022\/11\/12691275839_743064173.jpg\" alt=\"\" width=\"600\" height=\"600\" \/><\/li>\n<\/ul>","protected":false},"excerpt":{"rendered":"<p><strong><b>MOQ<\/b><\/strong>200 sztuk<br \/>\n<strong><b>Bezp\u0142atna pr\u00f3bka<\/b><\/strong>:  Obs\u0142ugiwane<br \/>\n<strong><b>Personalizacja<\/b><\/strong>:  Rozmiar \/ opakowanie itp.<br \/>\n<strong><b>Zni\u017cka<\/b><\/strong>:  Pierwsze zam\u00f3wienia ju\u017c od 10% taniej.<br \/>\n<strong><b>Wska\u017anik terminowo\u015bci dostaw<\/b><\/strong>:\u00a0 100%<br \/>\n<strong><b>Przesy\u0142ki og\u00f3\u0142em<\/b><\/strong>:  10000 szt.<br \/>\n<strong><b>Wysy\u0142ka<\/b><\/strong>: Fracht morski Fracht l\u0105dowy<\/p>","protected":false},"featured_media":11328,"comment_status":"open","ping_status":"closed","template":"","meta":{"_acf_changed":false},"product_brand":[],"product_cat":[208],"product_tag":[42,174,50],"class_list":{"0":"post-11326","1":"product","2":"type-product","3":"status-publish","4":"has-post-thumbnail","6":"product_cat-cotton-rope-basket","7":"product_tag-high-quality","8":"product_tag-home-storage-hot","9":"product_tag-wholesale","11":"first","12":"instock","13":"shipping-taxable","14":"product-type-simple","15":"swiper-slide"},"acf":[],"_links":{"self":[{"href":"https:\/\/www.sellersunionagent.com\/pl\/wp-json\/wp\/v2\/product\/11326","targetHints":{"allow":["GET"]}}],"collection":[{"href":"https:\/\/www.sellersunionagent.com\/pl\/wp-json\/wp\/v2\/product"}],"about":[{"href":"https:\/\/www.sellersunionagent.com\/pl\/wp-json\/wp\/v2\/types\/product"}],"replies":[{"embeddable":true,"href":"https:\/\/www.sellersunionagent.com\/pl\/wp-json\/wp\/v2\/comments?post=11326"}],"wp:featuredmedia":[{"embeddable":true,"href":"https:\/\/www.sellersunionagent.com\/pl\/wp-json\/wp\/v2\/media\/11328"}],"wp:attachment":[{"href":"https:\/\/www.sellersunionagent.com\/pl\/wp-json\/wp\/v2\/media?parent=11326"}],"wp:term":[{"taxonomy":"product_brand","embeddable":true,"href":"https:\/\/www.sellersunionagent.com\/pl\/wp-json\/wp\/v2\/product_brand?post=11326"},{"taxonomy":"product_cat","embeddable":true,"href":"https:\/\/www.sellersunionagent.com\/pl\/wp-json\/wp\/v2\/product_cat?post=11326"},{"taxonomy":"product_tag","embeddable":true,"href":"https:\/\/www.sellersunionagent.com\/pl\/wp-json\/wp\/v2\/product_tag?post=11326"}],"curies":[{"name":"wp","href":"https:\/\/api.w.org\/{rel}","templated":true}]}}