{"id":11316,"date":"2022-11-30T17:14:57","date_gmt":"2022-11-30T09:14:57","guid":{"rendered":"https:\/\/sellersunionagent.com\/?post_type=product&#038;p=11316"},"modified":"2022-12-01T11:23:53","modified_gmt":"2022-12-01T03:23:53","slug":"chiny-hurtowy-kosz-tkany-z-bawelnianej-liny","status":"publish","type":"product","link":"https:\/\/www.sellersunionagent.com\/pl\/china-wholesale-cotton-rope-woven-basket\/","title":{"rendered":"Chiny Hurtownia koszy tkanych z liny bawe\u0142nianej"},"content":{"rendered":"<h2>Chiny Hurtownia koszy tkanych z liny bawe\u0142nianej<\/h2>\n<p><strong>Typ<\/strong>: Kosze z bawe\u0142nianej liny<\/p>\n<div class=\"elementor-element elementor-element-c17fac7 elementor-widget elementor-widget-woocommerce-product-short-description\" data-id=\"c17fac7\" data-element_type=\"widget\" data-widget_type=\"woocommerce-product-short-description.default\">\n<div class=\"elementor-widget-container\">\n<div class=\"woocommerce-product-details__short-description\">\n<p><strong>Numer pozycji:<\/strong> NA002<\/p>\n<p><strong>Rozmiar elementu<\/strong>: 16,5*9cm<\/p>\n<p><strong>Kolory<\/strong>: R\u00f3\u017cowy\/ br\u0105zowy\/ szary\/ bia\u0142y\/ niebieski\/ zielony<\/p>\n<p><strong>Materia\u0142:<\/strong>Lina bawe\u0142niana<\/p>\n<\/div>\n<\/div>\n<\/div>\n<p>&nbsp;<\/p>\n<ul>\n<li>R\u0119cznie wykonane<\/li>\n<li>Trwa\u0142y i bezpieczny<\/li>\n<li>Neutralna kolorystyka<\/li>\n<li>Delikatny i naturalny wygl\u0105d<\/li>\n<li>Du\u017ca pojemno\u015b\u0107<\/li>\n<li>\u015awietny wyb\u00f3r do dekoracji i organizacji<img fetchpriority=\"high\" decoding=\"async\" class=\"aligncenter wp-image-11325\" src=\"https:\/\/www.sellersunionagent.com\/wp-content\/uploads\/2022\/11\/23399432700_743064173.jpg\" alt=\"Sprzeda\u017c hurtowa w Chinach\" width=\"600\" height=\"600\" \/> <img decoding=\"async\" class=\"aligncenter wp-image-11324\" src=\"https:\/\/www.sellersunionagent.com\/wp-content\/uploads\/2022\/11\/23302075704_743064173.jpg\" alt=\"Sprzeda\u017c hurtowa w Chinach\" width=\"600\" height=\"600\" \/> <img decoding=\"async\" class=\"aligncenter wp-image-11323\" src=\"https:\/\/www.sellersunionagent.com\/wp-content\/uploads\/2022\/11\/23301955747_743064173.jpg\" alt=\"Sprzeda\u017c hurtowa w Chinach\" width=\"600\" height=\"600\" \/> <img loading=\"lazy\" decoding=\"async\" class=\"aligncenter wp-image-11322\" src=\"https:\/\/www.sellersunionagent.com\/wp-content\/uploads\/2022\/11\/23215572025_743064173.jpg\" alt=\"Sprzeda\u017c hurtowa w Chinach\" width=\"600\" height=\"600\" \/> <img loading=\"lazy\" decoding=\"async\" class=\"aligncenter wp-image-11321\" src=\"https:\/\/www.sellersunionagent.com\/wp-content\/uploads\/2022\/11\/22814959037_743064173.jpg\" alt=\"Sprzeda\u017c hurtowa w Chinach\" width=\"600\" height=\"600\" \/> <img loading=\"lazy\" decoding=\"async\" class=\"aligncenter wp-image-11319\" src=\"https:\/\/www.sellersunionagent.com\/wp-content\/uploads\/2022\/11\/12446171861_743064173.jpg\" alt=\"Sprzeda\u017c hurtowa w Chinach\" width=\"600\" height=\"600\" \/> <img loading=\"lazy\" decoding=\"async\" class=\"aligncenter wp-image-11318\" src=\"https:\/\/www.sellersunionagent.com\/wp-content\/uploads\/2022\/11\/12409609193_743064173.jpg\" alt=\"Sprzeda\u017c hurtowa w Chinach\" width=\"600\" height=\"600\" \/><\/li>\n<\/ul>","protected":false},"excerpt":{"rendered":"<p><strong><b>MOQ<\/b><\/strong>200 sztuk<br \/>\n<strong><b>Bezp\u0142atna pr\u00f3bka<\/b><\/strong>:  Obs\u0142ugiwane<br \/>\n<strong><b>Personalizacja<\/b><\/strong>:  Rozmiar \/ opakowanie itp.<br \/>\n<strong><b>Zni\u017cka<\/b><\/strong>:  Pierwsze zam\u00f3wienia ju\u017c od 10% taniej.<br \/>\n<strong><b>Wska\u017anik terminowo\u015bci dostaw<\/b><\/strong>:\u00a0 100%<br \/>\n<strong><b>Przesy\u0142ki og\u00f3\u0142em<\/b><\/strong>:  10000 szt.<br \/>\n<strong><b>Wysy\u0142ka<\/b><\/strong>: Fracht morski Fracht l\u0105dowy<\/p>","protected":false},"featured_media":11325,"comment_status":"open","ping_status":"closed","template":"","meta":{"_acf_changed":false},"product_brand":[],"product_cat":[208],"product_tag":[204,205,93],"class_list":{"0":"post-11316","1":"product","2":"type-product","3":"status-publish","4":"has-post-thumbnail","6":"product_cat-cotton-rope-basket","7":"product_tag-china-wholesale","8":"product_tag-soft","9":"product_tag-storage","11":"first","12":"instock","13":"shipping-taxable","14":"product-type-simple","15":"swiper-slide"},"acf":[],"_links":{"self":[{"href":"https:\/\/www.sellersunionagent.com\/pl\/wp-json\/wp\/v2\/product\/11316","targetHints":{"allow":["GET"]}}],"collection":[{"href":"https:\/\/www.sellersunionagent.com\/pl\/wp-json\/wp\/v2\/product"}],"about":[{"href":"https:\/\/www.sellersunionagent.com\/pl\/wp-json\/wp\/v2\/types\/product"}],"replies":[{"embeddable":true,"href":"https:\/\/www.sellersunionagent.com\/pl\/wp-json\/wp\/v2\/comments?post=11316"}],"wp:featuredmedia":[{"embeddable":true,"href":"https:\/\/www.sellersunionagent.com\/pl\/wp-json\/wp\/v2\/media\/11325"}],"wp:attachment":[{"href":"https:\/\/www.sellersunionagent.com\/pl\/wp-json\/wp\/v2\/media?parent=11316"}],"wp:term":[{"taxonomy":"product_brand","embeddable":true,"href":"https:\/\/www.sellersunionagent.com\/pl\/wp-json\/wp\/v2\/product_brand?post=11316"},{"taxonomy":"product_cat","embeddable":true,"href":"https:\/\/www.sellersunionagent.com\/pl\/wp-json\/wp\/v2\/product_cat?post=11316"},{"taxonomy":"product_tag","embeddable":true,"href":"https:\/\/www.sellersunionagent.com\/pl\/wp-json\/wp\/v2\/product_tag?post=11316"}],"curies":[{"name":"wp","href":"https:\/\/api.w.org\/{rel}","templated":true}]}}