{"id":11221,"date":"2022-11-11T14:50:17","date_gmt":"2022-11-11T06:50:17","guid":{"rendered":"https:\/\/sellersunionagent.com\/?post_type=product&#038;p=11221"},"modified":"2022-11-11T14:50:18","modified_gmt":"2022-11-11T06:50:18","slug":"hurtowy-wielofunkcyjny-i-wszechstronny-pojemnik-z-nadrukiem-na-brudne-ubrania-i-zabawki","status":"publish","type":"product","link":"https:\/\/www.sellersunionagent.com\/pl\/wholesale-multifunctional-and-versatile-printed-storage-bin-for-dirty-clothes-toys\/","title":{"rendered":"Hurtowy, wielofunkcyjny i wszechstronny pojemnik z nadrukiem na brudne ubrania, zabawki"},"content":{"rendered":"<h2>Wysokiej jako\u015bci wielofunkcyjny i wszechstronny pojemnik z nadrukiem na brudne ubrania i zabawki<\/h2>\n<p>Wysokiej jako\u015bci materia\u0142<br \/>\nDu\u017ca pojemno\u015b\u0107<br \/>\nUniwersalne pojemniki do przechowywania<\/p>\n<p style=\"text-align: center\"><strong><b>Typ<\/b><\/strong>: Przechowywanie w domu<\/p>\n<p style=\"text-align: center\"><strong><b>Numer pozycji:<\/b><\/strong> JD014<\/p>\n<p style=\"text-align: center\"><strong><b>Rozmiar elementu<\/b><\/strong>:<\/p>\n<p style=\"text-align: center\">33*33*30cm<\/p>\n<p style=\"text-align: center\"><strong><b>Waga przedmiotu<\/b><\/strong>: 500g<\/p>\n<p style=\"text-align: center\"><strong><b>Materia\u0142: <\/b><\/strong>Wodoodporna tkanina w krat\u0119<\/p>\n<p><img fetchpriority=\"high\" decoding=\"async\" class=\"aligncenter wp-image-11222\" src=\"https:\/\/www.sellersunionagent.com\/wp-content\/uploads\/2022\/11\/O1CN01Jy5igG2FGGf6Hn0R1_2206752948852-0-cib-1.jpg\" alt=\"Bezpo\u015brednia sprzeda\u017c fabryczna w Chinach\" width=\"600\" height=\"600\" \/> <img decoding=\"async\" class=\"aligncenter wp-image-11223\" src=\"https:\/\/www.sellersunionagent.com\/wp-content\/uploads\/2022\/11\/O1CN01KR3E512FGGfCOf7sa_2206752948852-0-cib.jpg\" alt=\"Bezpo\u015brednia sprzeda\u017c fabryczna w Chinach\" width=\"600\" height=\"600\" \/> <img decoding=\"async\" class=\"aligncenter wp-image-11225\" src=\"https:\/\/www.sellersunionagent.com\/wp-content\/uploads\/2022\/11\/O1CN01MsKZwY2FGGfIeoHaY_2206752948852-0-cib-1.jpg\" alt=\"Bezpo\u015brednia sprzeda\u017c fabryczna w Chinach\" width=\"600\" height=\"600\" \/><\/p>","protected":false},"excerpt":{"rendered":"<p><strong><b>MOQ<\/b><\/strong>:  1000 szt.<br \/>\n<strong><b>Bezp\u0142atna pr\u00f3bka<\/b><\/strong>:  Obs\u0142ugiwane<br \/>\n<strong><b>Personalizacja<\/b><\/strong>logo \/ kolor \/ materia\u0142y \/ opakowanie itp.<br \/>\n<strong><b>Zni\u017cka<\/b><\/strong>:  Pierwsze zam\u00f3wienia ju\u017c od 10% taniej.<br \/>\n<strong><b>Wska\u017anik terminowo\u015bci dostaw<\/b><\/strong>:\u00a0 100%<br \/>\n<strong><b>Przesy\u0142ki og\u00f3\u0142em<\/b><\/strong>:  10000 szt.<br \/>\n<strong><b>Wysy\u0142ka<\/b><\/strong>: Fracht morski Fracht l\u0105dowy<\/p>","protected":false},"featured_media":11224,"comment_status":"open","ping_status":"closed","template":"","meta":{"_acf_changed":false},"product_brand":[],"product_cat":[31],"product_tag":[73],"class_list":{"0":"post-11221","1":"product","2":"type-product","3":"status-publish","4":"has-post-thumbnail","6":"product_cat-home-storage","7":"product_tag-home-storagewholesaledurable","9":"first","10":"instock","11":"shipping-taxable","12":"product-type-simple","13":"swiper-slide"},"acf":[],"_links":{"self":[{"href":"https:\/\/www.sellersunionagent.com\/pl\/wp-json\/wp\/v2\/product\/11221","targetHints":{"allow":["GET"]}}],"collection":[{"href":"https:\/\/www.sellersunionagent.com\/pl\/wp-json\/wp\/v2\/product"}],"about":[{"href":"https:\/\/www.sellersunionagent.com\/pl\/wp-json\/wp\/v2\/types\/product"}],"replies":[{"embeddable":true,"href":"https:\/\/www.sellersunionagent.com\/pl\/wp-json\/wp\/v2\/comments?post=11221"}],"wp:featuredmedia":[{"embeddable":true,"href":"https:\/\/www.sellersunionagent.com\/pl\/wp-json\/wp\/v2\/media\/11224"}],"wp:attachment":[{"href":"https:\/\/www.sellersunionagent.com\/pl\/wp-json\/wp\/v2\/media?parent=11221"}],"wp:term":[{"taxonomy":"product_brand","embeddable":true,"href":"https:\/\/www.sellersunionagent.com\/pl\/wp-json\/wp\/v2\/product_brand?post=11221"},{"taxonomy":"product_cat","embeddable":true,"href":"https:\/\/www.sellersunionagent.com\/pl\/wp-json\/wp\/v2\/product_cat?post=11221"},{"taxonomy":"product_tag","embeddable":true,"href":"https:\/\/www.sellersunionagent.com\/pl\/wp-json\/wp\/v2\/product_tag?post=11221"}],"curies":[{"name":"wp","href":"https:\/\/api.w.org\/{rel}","templated":true}]}}