{"id":11204,"date":"2022-11-11T14:13:41","date_gmt":"2022-11-11T06:13:41","guid":{"rendered":"https:\/\/sellersunionagent.com\/?post_type=product&#038;p=11204"},"modified":"2022-11-11T14:13:42","modified_gmt":"2022-11-11T06:13:42","slug":"hurtowa-wysokiej-jakosci-plocienna-torba-ze-sznurkiem","status":"publish","type":"product","link":"https:\/\/www.sellersunionagent.com\/pl\/wholesale-high-quality-drawstring-canvas-bag\/","title":{"rendered":"Hurtownia wysokiej jako\u015bci p\u0142\u00f3ciennych toreb ze sznurkiem"},"content":{"rendered":"<h2>Prosta torba sportowa na pla\u017c\u0119 ze sznurkiem Torba na pla\u017c\u0119 ze sznurkiem z p\u0142\u00f3tna<\/h2>\n<p>Wysokiej jako\u015bci materia\u0142<br \/>\nStylowy i trwa\u0142y<br \/>\nPrzeznaczenie<br \/>\nPra\u0107 w pralce lub r\u0119cznie na zimno<\/p>\n<p style=\"text-align: center\"><strong><b>Typ<\/b><\/strong>: Przechowywanie w domu<\/p>\n<p style=\"text-align: center\"><strong><b>Numer pozycji:<\/b><\/strong> JD010<\/p>\n<p style=\"text-align: center\"><strong><b>Rozmiar elementu<\/b><\/strong>:<\/p>\n<p style=\"text-align: center\">48*68cm<\/p>\n<p style=\"text-align: center\"><strong><b>Waga przedmiotu<\/b><\/strong>: 220g<\/p>\n<p style=\"text-align: center\"><strong><b>Materia\u0142:<\/b><\/strong>P\u0142\u00f3tno<\/p>\n<p><img fetchpriority=\"high\" decoding=\"async\" class=\"aligncenter wp-image-11208\" src=\"https:\/\/www.sellersunionagent.com\/wp-content\/uploads\/2022\/11\/O1CN013eq0z82FGGkprrwtq_2206752948852-0-cib.jpg\" alt=\"Bezpo\u015brednia sprzeda\u017c fabryczna w Chinach\" width=\"600\" height=\"600\" \/> <img decoding=\"async\" class=\"aligncenter wp-image-11207\" src=\"https:\/\/www.sellersunionagent.com\/wp-content\/uploads\/2022\/11\/O1CN01rzfpJP2FGGkqedore_2206752948852-0-cib.jpg\" alt=\"Bezpo\u015brednia sprzeda\u017c fabryczna w Chinach\" width=\"600\" height=\"600\" \/> <img decoding=\"async\" class=\"aligncenter wp-image-11205\" src=\"https:\/\/www.sellersunionagent.com\/wp-content\/uploads\/2022\/11\/O1CN01JGN5s72FGGkucfAQU_2206752948852-0-cib.jpg\" alt=\"Bezpo\u015brednia sprzeda\u017c fabryczna w Chinach\" width=\"600\" height=\"600\" \/><\/p>","protected":false},"excerpt":{"rendered":"<p><strong><b>MOQ<\/b><\/strong>:  1000 szt.<br \/>\n<strong><b>Bezp\u0142atna pr\u00f3bka<\/b><\/strong>:  Obs\u0142ugiwane<br \/>\n<strong><b>Personalizacja<\/b><\/strong>logo \/ kolor \/ materia\u0142y \/ opakowanie itp.<br \/>\n<strong><b>Zni\u017cka<\/b><\/strong>:  Pierwsze zam\u00f3wienia ju\u017c od 10% taniej.<br \/>\n<strong><b>Wska\u017anik terminowo\u015bci dostaw<\/b><\/strong>:\u00a0 100%<br \/>\n<strong><b>Przesy\u0142ki og\u00f3\u0142em<\/b><\/strong>:  10000 szt.<br \/>\n<strong><b>Wysy\u0142ka<\/b><\/strong>: Fracht morski Fracht l\u0105dowy<\/p>","protected":false},"featured_media":11206,"comment_status":"open","ping_status":"closed","template":"","meta":{"_acf_changed":false},"product_brand":[],"product_cat":[31],"product_tag":[87,73],"class_list":{"0":"post-11204","1":"product","2":"type-product","3":"status-publish","4":"has-post-thumbnail","6":"product_cat-home-storage","7":"product_tag-bulk-wholesale","8":"product_tag-home-storagewholesaledurable","10":"first","11":"instock","12":"shipping-taxable","13":"product-type-simple","14":"swiper-slide"},"acf":[],"_links":{"self":[{"href":"https:\/\/www.sellersunionagent.com\/pl\/wp-json\/wp\/v2\/product\/11204","targetHints":{"allow":["GET"]}}],"collection":[{"href":"https:\/\/www.sellersunionagent.com\/pl\/wp-json\/wp\/v2\/product"}],"about":[{"href":"https:\/\/www.sellersunionagent.com\/pl\/wp-json\/wp\/v2\/types\/product"}],"replies":[{"embeddable":true,"href":"https:\/\/www.sellersunionagent.com\/pl\/wp-json\/wp\/v2\/comments?post=11204"}],"wp:featuredmedia":[{"embeddable":true,"href":"https:\/\/www.sellersunionagent.com\/pl\/wp-json\/wp\/v2\/media\/11206"}],"wp:attachment":[{"href":"https:\/\/www.sellersunionagent.com\/pl\/wp-json\/wp\/v2\/media?parent=11204"}],"wp:term":[{"taxonomy":"product_brand","embeddable":true,"href":"https:\/\/www.sellersunionagent.com\/pl\/wp-json\/wp\/v2\/product_brand?post=11204"},{"taxonomy":"product_cat","embeddable":true,"href":"https:\/\/www.sellersunionagent.com\/pl\/wp-json\/wp\/v2\/product_cat?post=11204"},{"taxonomy":"product_tag","embeddable":true,"href":"https:\/\/www.sellersunionagent.com\/pl\/wp-json\/wp\/v2\/product_tag?post=11204"}],"curies":[{"name":"wp","href":"https:\/\/api.w.org\/{rel}","templated":true}]}}