{"id":11178,"date":"2022-11-09T14:03:52","date_gmt":"2022-11-09T06:03:52","guid":{"rendered":"https:\/\/sellersunionagent.com\/?post_type=product&#038;p=11178"},"modified":"2022-11-09T14:03:52","modified_gmt":"2022-11-09T06:03:52","slug":"wholesale-multifunctional-beach-toy-bucket-made-in-china","status":"publish","type":"product","link":"https:\/\/www.sellersunionagent.com\/pl\/wholesale-multifunctional-beach-toy-bucket-made-in-china\/","title":{"rendered":"Hurtownia wielofunkcyjnych zabawek pla\u017cowych wyprodukowanych w Chinach"},"content":{"rendered":"<h2>Large Capacity Beach Toy Bucket Available in Various Colours<\/h2>\n<p>&nbsp;<\/p>\n<ul class=\"a-unordered-list a-vertical a-spacing-mini\">\n<li><span class=\"a-list-item\">\u3010 SIMPLE AND ELEGANT DESIGN\u3011<\/span><\/li>\n<\/ul>\n<p>&nbsp;<\/p>\n<p>&nbsp;<\/p>\n<ul class=\"a-unordered-list a-vertical a-spacing-mini\">\n<li><span class=\"a-list-item\">\u3010 HIGH QUALITY\u3011<\/span><\/li>\n<\/ul>\n<p>&nbsp;<\/p>\n<p>&nbsp;<\/p>\n<ul class=\"a-unordered-list a-vertical a-spacing-mini\">\n<li><span class=\"a-list-item\">\u3010 LARGE CAPACITY\u3011<\/span><\/li>\n<\/ul>\n<p>&nbsp;<\/p>\n<p>&nbsp;<\/p>\n<ul class=\"a-unordered-list a-vertical a-spacing-mini\">\n<li><span class=\"a-list-item\">\u3010 PRACTICABILITY\u3011<\/span><\/li>\n<\/ul>\n<p style=\"text-align: center\"><strong><b>Typ<\/b><\/strong>: Torba na zakupy<\/p>\n<p style=\"text-align: center\"><strong><b>Numer pozycji:<\/b><\/strong> JD008<\/p>\n<p style=\"text-align: center\"><strong><b>Rozmiar elementu<\/b><\/strong>:<\/p>\n<p style=\"text-align: center\">15*15*17<\/p>\n<p style=\"text-align: center\"><strong><b>Waga przedmiotu<\/b><\/strong>: 40g<\/p>\n<p style=\"text-align: center\"><strong><b>Materia\u0142:<\/b><\/strong>Poliester<\/p>\n<p><img fetchpriority=\"high\" decoding=\"async\" class=\"aligncenter wp-image-11185\" src=\"https:\/\/www.sellersunionagent.com\/wp-content\/uploads\/2022\/11\/O1CN01s8Back2FGGj3DdIjW_2206752948852-0-cib.jpg\" alt=\"Bezpo\u015brednia sprzeda\u017c fabryczna w Chinach\" width=\"600\" height=\"600\" \/> <img decoding=\"async\" class=\"aligncenter wp-image-11184\" src=\"https:\/\/www.sellersunionagent.com\/wp-content\/uploads\/2022\/11\/O1CN01rCKOEP2FGGj60CFfn_2206752948852-0-cib.jpg\" alt=\"Bezpo\u015brednia sprzeda\u017c fabryczna w Chinach\" width=\"600\" height=\"600\" \/> <img decoding=\"async\" class=\"aligncenter wp-image-11183\" src=\"https:\/\/www.sellersunionagent.com\/wp-content\/uploads\/2022\/11\/O1CN01Q5Relj2FGGiszIYNx_2206752948852-0-cib.jpg\" alt=\"Bezpo\u015brednia sprzeda\u017c fabryczna w Chinach\" width=\"600\" height=\"600\" \/> <img loading=\"lazy\" decoding=\"async\" class=\"aligncenter wp-image-11181\" src=\"https:\/\/www.sellersunionagent.com\/wp-content\/uploads\/2022\/11\/O1CN01jYrYWv2FGGj8w1429_2206752948852-0-cib.jpg\" alt=\"Bezpo\u015brednia sprzeda\u017c fabryczna w Chinach\" width=\"600\" height=\"600\" \/> <img loading=\"lazy\" decoding=\"async\" class=\"aligncenter wp-image-11180\" src=\"https:\/\/www.sellersunionagent.com\/wp-content\/uploads\/2022\/11\/O1CN01iLMy7J2FGGixsOH1g_2206752948852-0-cib.jpg\" alt=\"Bezpo\u015brednia sprzeda\u017c fabryczna w Chinach\" width=\"600\" height=\"600\" \/> <img loading=\"lazy\" decoding=\"async\" class=\"aligncenter wp-image-11179\" src=\"https:\/\/www.sellersunionagent.com\/wp-content\/uploads\/2022\/11\/O1CN01ibYa4x2FGGj4G0F86_2206752948852-0-cib.jpg\" alt=\"Bezpo\u015brednia sprzeda\u017c fabryczna w Chinach\" width=\"600\" height=\"600\" \/><\/p>","protected":false},"excerpt":{"rendered":"<p><strong><b>MOQ<\/b><\/strong>:  1000 szt.<br \/>\n<strong><b>Bezp\u0142atna pr\u00f3bka<\/b><\/strong>:  Obs\u0142ugiwane<br \/>\n<strong><b>Personalizacja<\/b><\/strong>logo \/ kolor \/ materia\u0142y \/ opakowanie itp.<br \/>\n<strong><b>Zni\u017cka<\/b><\/strong>:  Pierwsze zam\u00f3wienia ju\u017c od 10% taniej.<br \/>\n<strong><b>Wska\u017anik terminowo\u015bci dostaw<\/b><\/strong>:\u00a0 100%<br \/>\n<strong><b>Przesy\u0142ki og\u00f3\u0142em<\/b><\/strong>:  10000 szt.<br \/>\n<strong><b>Wysy\u0142ka<\/b><\/strong>: Fracht morski Fracht l\u0105dowy<\/p>","protected":false},"featured_media":11187,"comment_status":"open","ping_status":"closed","template":"","meta":{"_acf_changed":false},"product_brand":[],"product_cat":[29],"product_tag":[87,68,75,92],"class_list":{"0":"post-11178","1":"product","2":"type-product","3":"status-publish","4":"has-post-thumbnail","6":"product_cat-shopping-bag","7":"product_tag-bulk-wholesale","8":"product_tag-large","9":"product_tag-new-product","10":"product_tag-retail","12":"first","13":"instock","14":"shipping-taxable","15":"product-type-simple","16":"swiper-slide"},"acf":[],"_links":{"self":[{"href":"https:\/\/www.sellersunionagent.com\/pl\/wp-json\/wp\/v2\/product\/11178","targetHints":{"allow":["GET"]}}],"collection":[{"href":"https:\/\/www.sellersunionagent.com\/pl\/wp-json\/wp\/v2\/product"}],"about":[{"href":"https:\/\/www.sellersunionagent.com\/pl\/wp-json\/wp\/v2\/types\/product"}],"replies":[{"embeddable":true,"href":"https:\/\/www.sellersunionagent.com\/pl\/wp-json\/wp\/v2\/comments?post=11178"}],"wp:featuredmedia":[{"embeddable":true,"href":"https:\/\/www.sellersunionagent.com\/pl\/wp-json\/wp\/v2\/media\/11187"}],"wp:attachment":[{"href":"https:\/\/www.sellersunionagent.com\/pl\/wp-json\/wp\/v2\/media?parent=11178"}],"wp:term":[{"taxonomy":"product_brand","embeddable":true,"href":"https:\/\/www.sellersunionagent.com\/pl\/wp-json\/wp\/v2\/product_brand?post=11178"},{"taxonomy":"product_cat","embeddable":true,"href":"https:\/\/www.sellersunionagent.com\/pl\/wp-json\/wp\/v2\/product_cat?post=11178"},{"taxonomy":"product_tag","embeddable":true,"href":"https:\/\/www.sellersunionagent.com\/pl\/wp-json\/wp\/v2\/product_tag?post=11178"}],"curies":[{"name":"wp","href":"https:\/\/api.w.org\/{rel}","templated":true}]}}