{"id":11168,"date":"2022-11-09T11:45:50","date_gmt":"2022-11-09T03:45:50","guid":{"rendered":"https:\/\/sellersunionagent.com\/?post_type=product&#038;p=11168"},"modified":"2022-11-09T11:45:51","modified_gmt":"2022-11-09T03:45:51","slug":"dostawca-z-chin-wielofunkcyjna-torba-wiszaca","status":"publish","type":"product","link":"https:\/\/www.sellersunionagent.com\/pl\/china-supplier-multi-functional-use-hanging-pouch\/","title":{"rendered":"Dostawca z Chin Wielofunkcyjny woreczek wisz\u0105cy"},"content":{"rendered":"<h2>Urocza wisz\u0105ca saszetka, wielofunkcyjna, \u0142atwa w u\u017cyciu na zewn\u0105trz<\/h2>\n<p>&nbsp;<\/p>\n<p>&nbsp;<\/p>\n<p>1. Tkanina jest \u0142atwa do prania: Tkanina Oxford to trwa\u0142y materia\u0142.<\/p>\n<p>&nbsp;<\/p>\n<p>2. Konstrukcja oszcz\u0119dzaj\u0105ca miejsce: podzielona na kilka ma\u0142ych torebek dla \u0142atwej organizacji i przechowywania, wisz\u0105ca konstrukcja pozwala na dowolne przenoszenie i umieszczanie tej torby, aby zapobiec znalezieniu rzeczy.<\/p>\n<p>&nbsp;<\/p>\n<p>3. Bezpieczny i wygodny: produkt jest bezwonny, niedra\u017cni\u0105cy i niefluorescencyjny, dzi\u0119ki czemu mo\u017cna go u\u017cywa\u0107 bez obaw.<\/p>\n<p>&nbsp;<\/p>\n<p>4. Konstrukcja oszcz\u0119dzaj\u0105ca miejsce: podzielona na kilka ma\u0142ych torebek dla \u0142atwej organizacji i przechowywania, wisz\u0105ca konstrukcja pozwala na dowolne przenoszenie i umieszczanie tej torby, aby zapobiec znalezieniu rzeczy.<\/p>\n<p style=\"text-align: center\"><strong><b>Typ<\/b><\/strong>: Kosmetyczka<\/p>\n<p style=\"text-align: center\"><strong><b>Numer pozycji:<\/b><\/strong> JD007<\/p>\n<p style=\"text-align: center\"><strong><b>Rozmiar elementu<\/b><\/strong>:<\/p>\n<p style=\"text-align: center\">30x19x13cm<\/p>\n<p style=\"text-align: center\"><strong><b>Waga przedmiotu<\/b><\/strong>: 160g<\/p>\n<p style=\"text-align: center\"><strong><b>Materia\u0142:<\/b><\/strong>Tkanina Oxford<\/p>\n<p><img fetchpriority=\"high\" decoding=\"async\" class=\"aligncenter wp-image-11169\" src=\"https:\/\/www.sellersunionagent.com\/wp-content\/uploads\/2022\/11\/12896963156_808550193.jpg\" alt=\"Bezpo\u015brednia sprzeda\u017c fabryczna w Chinach\" width=\"600\" height=\"600\" \/> <img decoding=\"async\" class=\"aligncenter wp-image-11170\" src=\"https:\/\/www.sellersunionagent.com\/wp-content\/uploads\/2022\/11\/O1CN01B55U8f2FGGkC2zdoY_2206752948852-0-cib.jpg\" alt=\"Bezpo\u015brednia sprzeda\u017c fabryczna w Chinach\" width=\"600\" height=\"600\" \/> <img decoding=\"async\" class=\"aligncenter wp-image-11171\" src=\"https:\/\/www.sellersunionagent.com\/wp-content\/uploads\/2022\/11\/O1CN01bPnhbK2FGGk2L02pa_2206752948852-0-cib.jpg\" alt=\"Bezpo\u015brednia sprzeda\u017c fabryczna w Chinach\" width=\"600\" height=\"600\" \/> <img loading=\"lazy\" decoding=\"async\" class=\"aligncenter wp-image-11176\" src=\"https:\/\/www.sellersunionagent.com\/wp-content\/uploads\/2022\/11\/O1CN016fqoXb2FGGkDIRd3v_2206752948852-0-cib.jpg\" alt=\"Bezpo\u015brednia sprzeda\u017c fabryczna w Chinach\" width=\"600\" height=\"600\" srcset=\"https:\/\/www.sellersunionagent.com\/wp-content\/uploads\/2022\/11\/O1CN016fqoXb2FGGkDIRd3v_2206752948852-0-cib.jpg 800w, https:\/\/www.sellersunionagent.com\/wp-content\/uploads\/2022\/11\/O1CN016fqoXb2FGGkDIRd3v_2206752948852-0-cib-100x100.jpg 100w\" sizes=\"(max-width: 600px) 100vw, 600px\" \/> <img loading=\"lazy\" decoding=\"async\" class=\"aligncenter wp-image-11177\" src=\"https:\/\/www.sellersunionagent.com\/wp-content\/uploads\/2022\/11\/O1CN019efa602FGGk4dgsbq_2206752948852-0-cib.jpg\" alt=\"Bezpo\u015brednia sprzeda\u017c fabryczna w Chinach\" width=\"600\" height=\"600\" \/><\/p>","protected":false},"excerpt":{"rendered":"<p><strong><b>MOQ<\/b><\/strong>:  1000 szt.<br \/>\n<strong><b>Bezp\u0142atna pr\u00f3bka<\/b><\/strong>:  Obs\u0142ugiwane<br \/>\n<strong><b>Personalizacja<\/b><\/strong>logo \/ kolor \/ materia\u0142y \/ opakowanie itp.<br \/>\n<strong><b>Zni\u017cka<\/b><\/strong>:  Pierwsze zam\u00f3wienia ju\u017c od 10% taniej.<br \/>\n<strong><b>Wska\u017anik terminowo\u015bci dostaw<\/b><\/strong>:\u00a0 100%<br \/>\n<strong><b>Przesy\u0142ki og\u00f3\u0142em<\/b><\/strong>:  10000 szt.<br \/>\n<strong><b>Wysy\u0142ka<\/b><\/strong>: Fracht morski Fracht l\u0105dowy<\/p>","protected":false},"featured_media":11170,"comment_status":"open","ping_status":"closed","template":"","meta":{"_acf_changed":false},"product_brand":[],"product_cat":[33],"product_tag":[87,90,63],"class_list":{"0":"post-11168","1":"product","2":"type-product","3":"status-publish","4":"has-post-thumbnail","6":"product_cat-toiletry-bag","7":"product_tag-bulk-wholesale","8":"product_tag-storage-bag","9":"product_tag-washing-baghangingtoiletry-bag","11":"first","12":"instock","13":"shipping-taxable","14":"product-type-simple","15":"swiper-slide"},"acf":[],"_links":{"self":[{"href":"https:\/\/www.sellersunionagent.com\/pl\/wp-json\/wp\/v2\/product\/11168","targetHints":{"allow":["GET"]}}],"collection":[{"href":"https:\/\/www.sellersunionagent.com\/pl\/wp-json\/wp\/v2\/product"}],"about":[{"href":"https:\/\/www.sellersunionagent.com\/pl\/wp-json\/wp\/v2\/types\/product"}],"replies":[{"embeddable":true,"href":"https:\/\/www.sellersunionagent.com\/pl\/wp-json\/wp\/v2\/comments?post=11168"}],"wp:featuredmedia":[{"embeddable":true,"href":"https:\/\/www.sellersunionagent.com\/pl\/wp-json\/wp\/v2\/media\/11170"}],"wp:attachment":[{"href":"https:\/\/www.sellersunionagent.com\/pl\/wp-json\/wp\/v2\/media?parent=11168"}],"wp:term":[{"taxonomy":"product_brand","embeddable":true,"href":"https:\/\/www.sellersunionagent.com\/pl\/wp-json\/wp\/v2\/product_brand?post=11168"},{"taxonomy":"product_cat","embeddable":true,"href":"https:\/\/www.sellersunionagent.com\/pl\/wp-json\/wp\/v2\/product_cat?post=11168"},{"taxonomy":"product_tag","embeddable":true,"href":"https:\/\/www.sellersunionagent.com\/pl\/wp-json\/wp\/v2\/product_tag?post=11168"}],"curies":[{"name":"wp","href":"https:\/\/api.w.org\/{rel}","templated":true}]}}