{"id":11131,"date":"2022-11-07T15:17:41","date_gmt":"2022-11-07T07:17:41","guid":{"rendered":"https:\/\/sellersunionagent.com\/?post_type=product&#038;p=11131"},"modified":"2022-11-07T15:17:43","modified_gmt":"2022-11-07T07:17:43","slug":"wholesale-plush-toy-storage-bag-for-organizing-boys-and-girls-gift","status":"publish","type":"product","link":"https:\/\/www.sellersunionagent.com\/pl\/wholesale-plush-toy-storage-bag-for-organizing-boys-and-girls-gift\/","title":{"rendered":"Wholesale Plush Toy Storage Bag for Organizing Boys and Girls Gift"},"content":{"rendered":"<h2 id=\"title\" class=\"a-size-large a-spacing-none\"><span id=\"productTitle\" class=\"a-size-large product-title-word-break\">\u00a0Animal Storage Bean Bag Chair Cover for Kids Room, Gifts for Toddler Stuff<\/span><\/h2>\n<p>&nbsp;<\/p>\n<p>&nbsp;<\/p>\n<ul>\n<li>Kids Friendly Design<\/li>\n<\/ul>\n<p>&nbsp;<\/p>\n<p>&nbsp;<\/p>\n<ul>\n<li>High Quality Cotton Canvas<\/li>\n<\/ul>\n<p>&nbsp;<\/p>\n<p>&nbsp;<\/p>\n<ul>\n<li>Best Gift for family<\/li>\n<\/ul>\n<p>&nbsp;<\/p>\n<p>&nbsp;<\/p>\n<ul>\n<li>Hide the Clutter and do it<\/li>\n<\/ul>\n<p style=\"text-align: center\"><strong><b>Typ<\/b><\/strong>: Przechowywanie w domu<\/p>\n<p style=\"text-align: center\"><strong><b>Numer pozycji:<\/b><\/strong> JD003<\/p>\n<p style=\"text-align: center\"><strong><b>Rozmiar elementu<\/b><\/strong>:<\/p>\n<p style=\"text-align: center\">60*60*60<\/p>\n<p style=\"text-align: center\"><strong><b>Waga przedmiotu<\/b><\/strong>: 310g<\/p>\n<p style=\"text-align: center\"><strong><b>Materia\u0142:<\/b><\/strong>P\u0142\u00f3tno<\/p>\n<p><img fetchpriority=\"high\" decoding=\"async\" class=\"aligncenter wp-image-11132\" src=\"https:\/\/www.sellersunionagent.com\/wp-content\/uploads\/2022\/11\/14033016639_808550193.jpg\" alt=\"przechowywanie w domu\" width=\"600\" height=\"600\" \/> <img decoding=\"async\" class=\"aligncenter wp-image-11133\" src=\"https:\/\/www.sellersunionagent.com\/wp-content\/uploads\/2022\/11\/14033034357_808550193.jpg\" alt=\"przechowywanie w domu\" width=\"600\" height=\"600\" \/> <img decoding=\"async\" class=\"aligncenter wp-image-11134\" src=\"https:\/\/www.sellersunionagent.com\/wp-content\/uploads\/2022\/11\/14070574026_808550193.jpg\" alt=\"przechowywanie w domu\" width=\"600\" height=\"600\" \/> <img loading=\"lazy\" decoding=\"async\" class=\"aligncenter wp-image-11135\" src=\"https:\/\/www.sellersunionagent.com\/wp-content\/uploads\/2022\/11\/14119304590_808550193.jpg\" alt=\"przechowywanie w domu\" width=\"600\" height=\"600\" \/> <img loading=\"lazy\" decoding=\"async\" class=\"aligncenter wp-image-11136\" src=\"https:\/\/www.sellersunionagent.com\/wp-content\/uploads\/2022\/11\/O1CN01Bv5Iyv2FGGeBzknOU_2206752948852-0-cib.jpg\" alt=\"przechowywanie w domu\" width=\"600\" height=\"600\" \/> <img loading=\"lazy\" decoding=\"async\" class=\"aligncenter wp-image-11137\" src=\"https:\/\/www.sellersunionagent.com\/wp-content\/uploads\/2022\/11\/O1CN01GwORbT2FGGe2eOVFX_2206752948852-0-cib.jpg\" alt=\"przechowywanie w domu\" width=\"600\" height=\"600\" \/><\/p>","protected":false},"excerpt":{"rendered":"<p><strong><b>MOQ<\/b><\/strong>:  1000 szt.<br \/>\n<strong><b>Bezp\u0142atna pr\u00f3bka<\/b><\/strong>:  Obs\u0142ugiwane<br \/>\n<strong><b>Personalizacja<\/b><\/strong>logo \/ kolor \/ materia\u0142y \/ opakowanie itp.<br \/>\n<strong><b>Zni\u017cka<\/b><\/strong>:  Pierwsze zam\u00f3wienia ju\u017c od 10% taniej.<br \/>\n<strong><b>Wska\u017anik terminowo\u015bci dostaw<\/b><\/strong>:\u00a0 100%<br \/>\n<strong><b>Przesy\u0142ki og\u00f3\u0142em<\/b><\/strong>:  10000 szt.<br \/>\n<strong><b>Wysy\u0142ka<\/b><\/strong>: Fracht morski Fracht l\u0105dowy<\/p>","protected":false},"featured_media":11138,"comment_status":"open","ping_status":"closed","template":"","meta":{"_acf_changed":false},"product_brand":[],"product_cat":[31],"product_tag":[71,43,80,93],"class_list":{"0":"post-11131","1":"product","2":"type-product","3":"status-publish","4":"has-post-thumbnail","6":"product_cat-home-storage","7":"product_tag-durable","8":"product_tag-fashion","9":"product_tag-hot-sales","10":"product_tag-storage","12":"first","13":"instock","14":"shipping-taxable","15":"product-type-simple","16":"swiper-slide"},"acf":[],"_links":{"self":[{"href":"https:\/\/www.sellersunionagent.com\/pl\/wp-json\/wp\/v2\/product\/11131","targetHints":{"allow":["GET"]}}],"collection":[{"href":"https:\/\/www.sellersunionagent.com\/pl\/wp-json\/wp\/v2\/product"}],"about":[{"href":"https:\/\/www.sellersunionagent.com\/pl\/wp-json\/wp\/v2\/types\/product"}],"replies":[{"embeddable":true,"href":"https:\/\/www.sellersunionagent.com\/pl\/wp-json\/wp\/v2\/comments?post=11131"}],"wp:featuredmedia":[{"embeddable":true,"href":"https:\/\/www.sellersunionagent.com\/pl\/wp-json\/wp\/v2\/media\/11138"}],"wp:attachment":[{"href":"https:\/\/www.sellersunionagent.com\/pl\/wp-json\/wp\/v2\/media?parent=11131"}],"wp:term":[{"taxonomy":"product_brand","embeddable":true,"href":"https:\/\/www.sellersunionagent.com\/pl\/wp-json\/wp\/v2\/product_brand?post=11131"},{"taxonomy":"product_cat","embeddable":true,"href":"https:\/\/www.sellersunionagent.com\/pl\/wp-json\/wp\/v2\/product_cat?post=11131"},{"taxonomy":"product_tag","embeddable":true,"href":"https:\/\/www.sellersunionagent.com\/pl\/wp-json\/wp\/v2\/product_tag?post=11131"}],"curies":[{"name":"wp","href":"https:\/\/api.w.org\/{rel}","templated":true}]}}