{"id":11122,"date":"2022-11-07T14:57:58","date_gmt":"2022-11-07T06:57:58","guid":{"rendered":"https:\/\/sellersunionagent.com\/?post_type=product&#038;p=11122"},"modified":"2022-11-07T14:58:00","modified_gmt":"2022-11-07T06:58:00","slug":"hurtowa-skladana-torba-podrozna-na-bagaz-sportowy-mokra-i-sucha","status":"publish","type":"product","link":"https:\/\/www.sellersunionagent.com\/pl\/wholesale-foldable-travel-bag-tote-carry-on-luggage-sports-bag-wet-and-dry\/","title":{"rendered":"Hurtowa sk\u0142adana torba podr\u00f3\u017cna, baga\u017c podr\u0119czny, torba sportowa, mokra i sucha"},"content":{"rendered":"<h2>Wielofunkcyjna i przeno\u015bna sk\u0142adana torba podr\u00f3\u017cna, baga\u017c podr\u0119czny, torba sportowa, mokra i sucha<\/h2>\n<p>&nbsp;<\/p>\n<p>&nbsp;<\/p>\n<ul>\n<li><strong>WODOODPORNY -<\/strong> Wytrzyma\u0142e paski mog\u0105 utrzyma\u0107 do 45 funt\u00f3w bez obawy o rozdarcia lub p\u0119kni\u0119cia podczas podr\u00f3\u017cy. Wykonany z wodoodpornego materia\u0142u, dobrze chroni sprz\u0119t przed deszczem i wilgoci\u0105.<\/li>\n<\/ul>\n<p>&nbsp;<\/p>\n<p>&nbsp;<\/p>\n<ul>\n<li><strong>\u0141atwo\u015b\u0107 pakowania i lekko\u015b\u0107 -<\/strong> Sk\u0142adany, gdy nie jest u\u017cywany<\/li>\n<\/ul>\n<p>&nbsp;<\/p>\n<p>&nbsp;<\/p>\n<ul>\n<li><strong>\u0141atwo\u015b\u0107 przenoszenia -<\/strong> Zewn\u0119trzna kiesze\u0144 zapewnia szybki dost\u0119p do ma\u0142ych przedmiot\u00f3w.<\/li>\n<\/ul>\n<p>&nbsp;<\/p>\n<p>&nbsp;<\/p>\n<ul>\n<li><strong>FUNKCJONALNY -<\/strong> Z \u0142atwo\u015bci\u0105 pomie\u015bci wszystkie przedmioty fitness lub podr\u00f3\u017cne, idealny do toreb na odzie\u017c, sportu, si\u0142owni, jogi, podr\u00f3\u017cy, weekendowych zakup\u00f3w, nocleg\u00f3w, kemping\u00f3w i piknik\u00f3w.<\/li>\n<\/ul>\n<p style=\"text-align: center\"><strong><b>Typ<\/b><\/strong>: Kosmetyczka<\/p>\n<p style=\"text-align: center\"><strong><b>Numer pozycji:<\/b><\/strong><\/p>\n<p style=\"text-align: center\"><strong><b>Rozmiar elementu<\/b><\/strong>:<\/p>\n<p style=\"text-align: center\">28\u00d738\u00d718<\/p>\n<p style=\"text-align: center\"><strong><b>Waga przedmiotu<\/b><\/strong>: 230g<\/p>\n<p style=\"text-align: center\"><strong><b>Materia\u0142:<\/b><\/strong>Wodoodporna tkanina w krat\u0119<\/p>\n<p><img fetchpriority=\"high\" decoding=\"async\" class=\"aligncenter wp-image-11123\" src=\"https:\/\/www.sellersunionagent.com\/wp-content\/uploads\/2022\/11\/O1CN01fY1CdP2FGGeHBGCnr_2206752948852-0-cib.jpg\" alt=\"hurtowa torba podr\u00f3\u017cna\" width=\"600\" height=\"600\" \/> <img decoding=\"async\" class=\"aligncenter wp-image-11125\" src=\"https:\/\/www.sellersunionagent.com\/wp-content\/uploads\/2022\/11\/O1CN01M63mQJ2FGGeCr9mPM_2206752948852-0-cib.jpg\" alt=\"hurtowa torba podr\u00f3\u017cna\" width=\"600\" height=\"600\" \/> <img decoding=\"async\" class=\"aligncenter wp-image-11128\" src=\"https:\/\/www.sellersunionagent.com\/wp-content\/uploads\/2022\/11\/O1CN01YBlafv2FGGeH8cXAM_2206752948852-0-cib.jpg\" alt=\"hurtowa torba podr\u00f3\u017cna\" width=\"600\" height=\"600\" \/> <img loading=\"lazy\" decoding=\"async\" class=\"aligncenter wp-image-11129\" src=\"https:\/\/www.sellersunionagent.com\/wp-content\/uploads\/2022\/11\/O1CN018pHVLl2FGGeF69Z0T_2206752948852-0-cib.jpg\" alt=\"hurtowa torba podr\u00f3\u017cna\" width=\"600\" height=\"600\" \/> <img loading=\"lazy\" decoding=\"async\" class=\"aligncenter wp-image-11130\" src=\"https:\/\/www.sellersunionagent.com\/wp-content\/uploads\/2022\/11\/O1CN0185eHvG2FGGeF6AIjU_2206752948852-0-cib.jpg\" alt=\"hurtowa torba podr\u00f3\u017cna\" width=\"600\" height=\"600\" \/><\/p>","protected":false},"excerpt":{"rendered":"<p><strong><b>MOQ<\/b><\/strong>:  1000 szt.<br \/>\n<strong><b>Bezp\u0142atna pr\u00f3bka<\/b><\/strong>:  Obs\u0142ugiwane<br \/>\n<strong><b>Personalizacja<\/b><\/strong>logo \/ kolor \/ materia\u0142y \/ opakowanie itp.<br \/>\n<strong><b>Zni\u017cka<\/b><\/strong>:  Pierwsze zam\u00f3wienia ju\u017c od 10% taniej.<br \/>\n<strong><b>Wska\u017anik terminowo\u015bci dostaw<\/b><\/strong>:\u00a0 100%<br \/>\n<strong><b>Przesy\u0142ki og\u00f3\u0142em<\/b><\/strong>:  10000 szt.<br \/>\n<strong><b>Wysy\u0142ka<\/b><\/strong>: Fracht morski Fracht l\u0105dowy<\/p>","protected":false},"featured_media":11125,"comment_status":"open","ping_status":"closed","template":"","meta":{"_acf_changed":false},"product_brand":[],"product_cat":[33],"product_tag":[89,105,67,50],"class_list":{"0":"post-11122","1":"product","2":"type-product","3":"status-publish","4":"has-post-thumbnail","6":"product_cat-toiletry-bag","7":"product_tag-multi-function","8":"product_tag-travel-bag","9":"product_tag-travel-organizer","10":"product_tag-wholesale","12":"first","13":"instock","14":"shipping-taxable","15":"product-type-simple","16":"swiper-slide"},"acf":[],"_links":{"self":[{"href":"https:\/\/www.sellersunionagent.com\/pl\/wp-json\/wp\/v2\/product\/11122","targetHints":{"allow":["GET"]}}],"collection":[{"href":"https:\/\/www.sellersunionagent.com\/pl\/wp-json\/wp\/v2\/product"}],"about":[{"href":"https:\/\/www.sellersunionagent.com\/pl\/wp-json\/wp\/v2\/types\/product"}],"replies":[{"embeddable":true,"href":"https:\/\/www.sellersunionagent.com\/pl\/wp-json\/wp\/v2\/comments?post=11122"}],"wp:featuredmedia":[{"embeddable":true,"href":"https:\/\/www.sellersunionagent.com\/pl\/wp-json\/wp\/v2\/media\/11125"}],"wp:attachment":[{"href":"https:\/\/www.sellersunionagent.com\/pl\/wp-json\/wp\/v2\/media?parent=11122"}],"wp:term":[{"taxonomy":"product_brand","embeddable":true,"href":"https:\/\/www.sellersunionagent.com\/pl\/wp-json\/wp\/v2\/product_brand?post=11122"},{"taxonomy":"product_cat","embeddable":true,"href":"https:\/\/www.sellersunionagent.com\/pl\/wp-json\/wp\/v2\/product_cat?post=11122"},{"taxonomy":"product_tag","embeddable":true,"href":"https:\/\/www.sellersunionagent.com\/pl\/wp-json\/wp\/v2\/product_tag?post=11122"}],"curies":[{"name":"wp","href":"https:\/\/api.w.org\/{rel}","templated":true}]}}