{"id":11116,"date":"2022-11-07T11:54:23","date_gmt":"2022-11-07T03:54:23","guid":{"rendered":"https:\/\/sellersunionagent.com\/?post_type=product&#038;p=11116"},"modified":"2022-11-07T11:54:23","modified_gmt":"2022-11-07T03:54:23","slug":"hurtowa-torba-podrozna-na-ramie-weekender-torba-nocna-dla-kobiet","status":"publish","type":"product","link":"https:\/\/www.sellersunionagent.com\/pl\/wholesale-travel-bag-shoulder-weekender-overnight-bag-for-women\/","title":{"rendered":"Hurtowa torba podr\u00f3\u017cna na rami\u0119 Weekender Overnight Bag dla kobiet"},"content":{"rendered":"<h2>Przeno\u015bna wielofunkcyjna torba podr\u00f3\u017cna na rami\u0119 Weekender Overnight Bag dla kobiet<\/h2>\n<p>&nbsp;<\/p>\n<p>&nbsp;<\/p>\n<ul class=\"a-unordered-list a-vertical a-spacing-mini\">\n<li><span class=\"a-list-item\">\u3010Sucha, mokra, oddzielna torba na rami\u0119\u3011<\/span><\/li>\n<\/ul>\n<p>&nbsp;<\/p>\n<p>&nbsp;<\/p>\n<ul class=\"a-unordered-list a-vertical a-spacing-mini\">\n<li><span class=\"a-list-item\">Torba podr\u00f3\u017cna przyjazna dla samolot\u00f3w\u3011<\/span><\/li>\n<\/ul>\n<p>&nbsp;<\/p>\n<p>&nbsp;<\/p>\n<ul class=\"a-unordered-list a-vertical a-spacing-mini\">\n<li><span class=\"a-list-item\">Torba na rami\u0119 o szerokim zastosowaniu\u3011<\/span><\/li>\n<\/ul>\n<p>&nbsp;<\/p>\n<p>&nbsp;<\/p>\n<ul class=\"a-unordered-list a-vertical a-spacing-mini\">\n<li><span class=\"a-list-item\">\u3010Wielofunkcyjna torba nocna\u3011<\/span><\/li>\n<\/ul>\n<p style=\"text-align: center\">\n<p style=\"text-align: center\"><strong><b>Typ<\/b><\/strong>: Torba na zakupy<\/p>\n<p style=\"text-align: center\"><strong><b>Numer pozycji:<\/b><\/strong> JD001<\/p>\n<p style=\"text-align: center\"><strong><b>Rozmiar elementu<\/b><\/strong>:<\/p>\n<p style=\"text-align: center\">39*15*37cm<\/p>\n<p style=\"text-align: center\"><strong><b>Waga przedmiotu<\/b><\/strong>: 400g<\/p>\n<p style=\"text-align: center\"><strong><b>Materia\u0142:<\/b><\/strong>Nylon<\/p>\n<p><img fetchpriority=\"high\" decoding=\"async\" class=\"aligncenter wp-image-11117\" src=\"https:\/\/www.sellersunionagent.com\/wp-content\/uploads\/2022\/11\/\u4f01\u4e1a\u5fae\u4fe1\u622a\u56fe_1667792687691.png\" alt=\"torba na zakupy\" width=\"600\" height=\"600\" \/> <img decoding=\"async\" class=\"aligncenter wp-image-11118\" src=\"https:\/\/www.sellersunionagent.com\/wp-content\/uploads\/2022\/11\/\u4f01\u4e1a\u5fae\u4fe1\u622a\u56fe_1667792701302.png\" alt=\"torba na zakupy\" width=\"600\" height=\"600\" \/> <img decoding=\"async\" class=\"aligncenter wp-image-11120\" src=\"https:\/\/www.sellersunionagent.com\/wp-content\/uploads\/2022\/11\/\u4f01\u4e1a\u5fae\u4fe1\u622a\u56fe_16677927219960.png\" alt=\"torba na zakupy\" width=\"600\" height=\"600\" \/> <img loading=\"lazy\" decoding=\"async\" class=\"aligncenter wp-image-11121\" src=\"https:\/\/www.sellersunionagent.com\/wp-content\/uploads\/2022\/11\/\u4f01\u4e1a\u5fae\u4fe1\u622a\u56fe_16677927402242.png\" alt=\"torba na zakupy\" width=\"600\" height=\"600\" \/><\/p>","protected":false},"excerpt":{"rendered":"<p><strong><b>MOQ<\/b><\/strong>:  1000 szt.<br \/>\n<strong><b>Bezp\u0142atna pr\u00f3bka<\/b><\/strong>:  Obs\u0142ugiwane<br \/>\n<strong><b>Personalizacja<\/b><\/strong>logo \/ kolor \/ materia\u0142y \/ opakowanie itp.<br \/>\n<strong><b>Zni\u017cka<\/b><\/strong>:  Pierwsze zam\u00f3wienia ju\u017c od 10% taniej.<br \/>\n<strong><b>Wska\u017anik terminowo\u015bci dostaw<\/b><\/strong>:\u00a0 100%<br \/>\n<strong><b>Przesy\u0142ki og\u00f3\u0142em<\/b><\/strong>:  10000 szt.<br \/>\n<strong><b>Wysy\u0142ka<\/b><\/strong>: Fracht morski Fracht l\u0105dowy<\/p>","protected":false},"featured_media":11119,"comment_status":"open","ping_status":"closed","template":"","meta":{"_acf_changed":false},"product_brand":[],"product_cat":[29],"product_tag":[59,94,60,53],"class_list":{"0":"post-11116","1":"product","2":"type-product","3":"status-publish","4":"has-post-thumbnail","6":"product_cat-shopping-bag","7":"product_tag-multifunctional","8":"product_tag-organizer","9":"product_tag-portable","10":"product_tag-professional-supplier","12":"first","13":"instock","14":"shipping-taxable","15":"product-type-simple","16":"swiper-slide"},"acf":[],"_links":{"self":[{"href":"https:\/\/www.sellersunionagent.com\/pl\/wp-json\/wp\/v2\/product\/11116","targetHints":{"allow":["GET"]}}],"collection":[{"href":"https:\/\/www.sellersunionagent.com\/pl\/wp-json\/wp\/v2\/product"}],"about":[{"href":"https:\/\/www.sellersunionagent.com\/pl\/wp-json\/wp\/v2\/types\/product"}],"replies":[{"embeddable":true,"href":"https:\/\/www.sellersunionagent.com\/pl\/wp-json\/wp\/v2\/comments?post=11116"}],"wp:featuredmedia":[{"embeddable":true,"href":"https:\/\/www.sellersunionagent.com\/pl\/wp-json\/wp\/v2\/media\/11119"}],"wp:attachment":[{"href":"https:\/\/www.sellersunionagent.com\/pl\/wp-json\/wp\/v2\/media?parent=11116"}],"wp:term":[{"taxonomy":"product_brand","embeddable":true,"href":"https:\/\/www.sellersunionagent.com\/pl\/wp-json\/wp\/v2\/product_brand?post=11116"},{"taxonomy":"product_cat","embeddable":true,"href":"https:\/\/www.sellersunionagent.com\/pl\/wp-json\/wp\/v2\/product_cat?post=11116"},{"taxonomy":"product_tag","embeddable":true,"href":"https:\/\/www.sellersunionagent.com\/pl\/wp-json\/wp\/v2\/product_tag?post=11116"}],"curies":[{"name":"wp","href":"https:\/\/api.w.org\/{rel}","templated":true}]}}