{"id":11082,"date":"2022-11-04T09:37:03","date_gmt":"2022-11-04T01:37:03","guid":{"rendered":"https:\/\/sellersunionagent.com\/?post_type=product&#038;p=11082"},"modified":"2022-12-01T11:24:32","modified_gmt":"2022-12-01T03:24:32","slug":"chiny-fabryka-sprzedaz-bezposrednia-duzy-rozmiar-recznie-tkany-kosz-rattanowy-z-pokrywka","status":"publish","type":"product","link":"https:\/\/www.sellersunionagent.com\/pl\/china-factory-direct-sale-large-size-hand-woven-rattan-basket-with-lid\/","title":{"rendered":"Chiny Fabryka Sprzeda\u017c bezpo\u015brednia Du\u017cy rozmiar R\u0119cznie tkany kosz rattanowy z pokrywk\u0105"},"content":{"rendered":"<h1>Chiny Fabryka Sprzeda\u017c bezpo\u015brednia Du\u017cy rozmiar R\u0119cznie tkany kosz rattanowy z pokrywk\u0105<\/h1>\n<p><strong>Typ<\/strong>: R\u0119cznie tkane kosze<\/p>\n<div class=\"elementor-element elementor-element-c17fac7 elementor-widget elementor-widget-woocommerce-product-short-description\" data-id=\"c17fac7\" data-element_type=\"widget\" data-widget_type=\"woocommerce-product-short-description.default\">\n<div class=\"elementor-widget-container\">\n<div class=\"woocommerce-product-details__short-description\">\n<p><strong>Numer pozycji:<\/strong> YR-05<\/p>\n<p><strong>Rozmiar elementu<\/strong>23,5 cm (g\u00f3ra) * 28 cm (wysoko\u015b\u0107) * 20 cm (butelka)<\/p>\n<p><strong>Kolory<\/strong>: Naturalny<\/p>\n<p><strong>Materia\u0142: <\/strong>Rattan<\/p>\n<\/div>\n<\/div>\n<\/div>\n<p>&nbsp;<\/p>\n<ul>\n<li>R\u0119cznie wykonane<\/li>\n<li>Trwa\u0142y i bezpieczny<\/li>\n<li>Przyjazny dla \u015brodowiska<\/li>\n<li>Delikatny i naturalny wygl\u0105d<\/li>\n<li>Du\u017ca pojemno\u015b\u0107<\/li>\n<li>\u015awietny wyb\u00f3r do dekoracji i organizacji<\/li>\n<li><img fetchpriority=\"high\" decoding=\"async\" class=\"aligncenter wp-image-11083\" src=\"https:\/\/www.sellersunionagent.com\/wp-content\/uploads\/2022\/11\/4aa7684231f71892ff99f0457ee7e57.jpg\" alt=\"Bezpo\u015brednia sprzeda\u017c fabryczna w Chinach\" width=\"600\" height=\"600\" \/> <img decoding=\"async\" class=\"aligncenter wp-image-11087\" src=\"https:\/\/www.sellersunionagent.com\/wp-content\/uploads\/2022\/11\/O1CN01UawDIx237m10zNB2i_2213185567209-0-cib.jpg\" alt=\"Bezpo\u015brednia sprzeda\u017c fabryczna w Chinach\" width=\"600\" height=\"600\" \/> <img decoding=\"async\" class=\"aligncenter wp-image-11086\" src=\"https:\/\/www.sellersunionagent.com\/wp-content\/uploads\/2022\/11\/O1CN01lB0JfS237m0zFlUNb_2213185567209-0-cib.jpg\" alt=\"Bezpo\u015brednia sprzeda\u017c fabryczna w Chinach\" width=\"600\" height=\"600\" \/> <img loading=\"lazy\" decoding=\"async\" class=\"aligncenter wp-image-11085\" src=\"https:\/\/www.sellersunionagent.com\/wp-content\/uploads\/2022\/11\/O1CN01KNoIeA237m10zNVq6_2213185567209-0-cib.jpg\" alt=\"Bezpo\u015brednia sprzeda\u017c fabryczna w Chinach\" width=\"600\" height=\"600\" \/><\/li>\n<\/ul>","protected":false},"excerpt":{"rendered":"<p><strong><b>MOQ<\/b><\/strong>200 sztuk<br \/>\n<strong><b>Bezp\u0142atna pr\u00f3bka<\/b><\/strong>:  Obs\u0142ugiwane<br \/>\n<strong><b>Personalizacja<\/b><\/strong>:  Rozmiar \/ opakowanie itp.<br \/>\n<strong><b>Zni\u017cka<\/b><\/strong>:  Pierwsze zam\u00f3wienia ju\u017c od 10% taniej.<br \/>\n<strong><b>Wska\u017anik terminowo\u015bci dostaw<\/b><\/strong>:\u00a0 100%<br \/>\n<strong><b>Przesy\u0142ki og\u00f3\u0142em<\/b><\/strong>:  10000 szt.<br \/>\n<strong><b>Wysy\u0142ka<\/b><\/strong>: Fracht morski Fracht l\u0105dowy<\/p>","protected":false},"featured_media":11083,"comment_status":"open","ping_status":"closed","template":"","meta":{"_acf_changed":false},"product_brand":[],"product_cat":[210],"product_tag":[87,49],"class_list":{"0":"post-11082","1":"product","2":"type-product","3":"status-publish","4":"has-post-thumbnail","6":"product_cat-rattan-basket","7":"product_tag-bulk-wholesale","8":"product_tag-good-quality","10":"first","11":"instock","12":"shipping-taxable","13":"product-type-simple","14":"swiper-slide"},"acf":[],"_links":{"self":[{"href":"https:\/\/www.sellersunionagent.com\/pl\/wp-json\/wp\/v2\/product\/11082","targetHints":{"allow":["GET"]}}],"collection":[{"href":"https:\/\/www.sellersunionagent.com\/pl\/wp-json\/wp\/v2\/product"}],"about":[{"href":"https:\/\/www.sellersunionagent.com\/pl\/wp-json\/wp\/v2\/types\/product"}],"replies":[{"embeddable":true,"href":"https:\/\/www.sellersunionagent.com\/pl\/wp-json\/wp\/v2\/comments?post=11082"}],"wp:featuredmedia":[{"embeddable":true,"href":"https:\/\/www.sellersunionagent.com\/pl\/wp-json\/wp\/v2\/media\/11083"}],"wp:attachment":[{"href":"https:\/\/www.sellersunionagent.com\/pl\/wp-json\/wp\/v2\/media?parent=11082"}],"wp:term":[{"taxonomy":"product_brand","embeddable":true,"href":"https:\/\/www.sellersunionagent.com\/pl\/wp-json\/wp\/v2\/product_brand?post=11082"},{"taxonomy":"product_cat","embeddable":true,"href":"https:\/\/www.sellersunionagent.com\/pl\/wp-json\/wp\/v2\/product_cat?post=11082"},{"taxonomy":"product_tag","embeddable":true,"href":"https:\/\/www.sellersunionagent.com\/pl\/wp-json\/wp\/v2\/product_tag?post=11082"}],"curies":[{"name":"wp","href":"https:\/\/api.w.org\/{rel}","templated":true}]}}