{"id":11037,"date":"2022-11-03T14:17:04","date_gmt":"2022-11-03T06:17:04","guid":{"rendered":"https:\/\/sellersunionagent.com\/?post_type=product&#038;p=11037"},"modified":"2022-12-01T11:28:37","modified_gmt":"2022-12-01T03:28:37","slug":"high-quality-cute-round-basket","status":"publish","type":"product","link":"https:\/\/www.sellersunionagent.com\/pl\/high-quality-cute-round-basket\/","title":{"rendered":"Wysokiej jako\u015bci \u0142adny okr\u0105g\u0142y kosz"},"content":{"rendered":"<h1>Wysokiej jako\u015bci \u0142adny okr\u0105g\u0142y kosz<\/h1>\n<div class=\"elementor-element elementor-element-42815df elementor-widget elementor-widget-heading\" data-id=\"42815df\" data-element_type=\"widget\" data-widget_type=\"heading.default\">\n<div class=\"elementor-widget-container\">\n<p class=\"elementor-heading-title elementor-size-default\"><strong>Typ<\/strong>: R\u0119cznie tkane kosze<\/p>\n<\/div>\n<\/div>\n<div class=\"elementor-element elementor-element-c17fac7 elementor-widget elementor-widget-woocommerce-product-short-description\" data-id=\"c17fac7\" data-element_type=\"widget\" data-widget_type=\"woocommerce-product-short-description.default\">\n<div class=\"elementor-widget-container\">\n<div class=\"woocommerce-product-details__short-description\">\n<p><strong>Numer pozycji:<\/strong> YR-08<\/p>\n<p><strong>Rozmiar elementu<\/strong>: 31cm ( top dia.) *31(height) *31 (bottle dia.)<\/p>\n<p><strong>Kolory<\/strong>: Naturalny<\/p>\n<p><strong>Materia\u0142: <\/strong>Paper string<\/p>\n<\/div>\n<\/div>\n<\/div>\n<p>&nbsp;<\/p>\n<ul>\n<li>R\u0119cznie wykonane<\/li>\n<li>Trwa\u0142y i bezpieczny<\/li>\n<li>Przyjazny dla \u015brodowiska<\/li>\n<li>Delikatny i naturalny wygl\u0105d<\/li>\n<li>Du\u017ca pojemno\u015b\u0107<\/li>\n<li>\u015awietny wyb\u00f3r do dekoracji i organizacji<img fetchpriority=\"high\" decoding=\"async\" class=\"aligncenter wp-image-11039\" src=\"https:\/\/www.sellersunionagent.com\/wp-content\/uploads\/2022\/11\/O1CN01GPshZn237m0nXcagQ_2213185567209-0-cib.jpg\" alt=\"Wysokiej jako\u015bci \u0142adny okr\u0105g\u0142y kosz\" width=\"600\" height=\"600\" \/> <img decoding=\"async\" class=\"aligncenter wp-image-11040\" src=\"https:\/\/www.sellersunionagent.com\/wp-content\/uploads\/2022\/11\/O1CN01Vzlcyl237m0lZOmun_2213185567209-0-cib.jpg\" alt=\"Wysokiej jako\u015bci \u0142adny okr\u0105g\u0142y kosz\" width=\"600\" height=\"600\" \/> <img decoding=\"async\" class=\"aligncenter wp-image-11041\" src=\"https:\/\/www.sellersunionagent.com\/wp-content\/uploads\/2022\/11\/O1CN017ANzST237m0oJLbnO_2213185567209-0-cib.jpg\" alt=\"Wysokiej jako\u015bci \u0142adny okr\u0105g\u0142y kosz\" width=\"600\" height=\"600\" \/> <img loading=\"lazy\" decoding=\"async\" class=\"aligncenter wp-image-11042\" src=\"https:\/\/www.sellersunionagent.com\/wp-content\/uploads\/2022\/11\/O1CN019lsdza237m0jNQeJf_2213185567209-0-cib.jpg\" alt=\"Wysokiej jako\u015bci \u0142adny okr\u0105g\u0142y kosz\" width=\"600\" height=\"600\" \/><\/li>\n<\/ul>","protected":false},"excerpt":{"rendered":"<p><strong><b>MOQ<\/b><\/strong>200 sztuk<br \/>\n<strong><b>Bezp\u0142atna pr\u00f3bka<\/b><\/strong>:  Obs\u0142ugiwane<br \/>\n<strong><b>Personalizacja<\/b><\/strong>:  Rozmiar \/ opakowanie itp.<br \/>\n<strong><b>Zni\u017cka<\/b><\/strong>:  Pierwsze zam\u00f3wienia ju\u017c od 10% taniej.<br \/>\n<strong><b>Wska\u017anik terminowo\u015bci dostaw<\/b><\/strong>:\u00a0 100%<br \/>\n<strong><b>Przesy\u0142ki og\u00f3\u0142em<\/b><\/strong>:  10000 szt.<br \/>\n<strong><b>Wysy\u0142ka<\/b><\/strong>: Fracht morski Fracht l\u0105dowy<\/p>","protected":false},"featured_media":11038,"comment_status":"open","ping_status":"closed","template":"","meta":{"_acf_changed":false},"product_brand":[],"product_cat":[210],"product_tag":[42,73,54],"class_list":{"0":"post-11037","1":"product","2":"type-product","3":"status-publish","4":"has-post-thumbnail","6":"product_cat-rattan-basket","7":"product_tag-high-quality","8":"product_tag-home-storagewholesaledurable","9":"product_tag-lightweight","11":"first","12":"instock","13":"shipping-taxable","14":"product-type-simple","15":"swiper-slide"},"acf":[],"_links":{"self":[{"href":"https:\/\/www.sellersunionagent.com\/pl\/wp-json\/wp\/v2\/product\/11037","targetHints":{"allow":["GET"]}}],"collection":[{"href":"https:\/\/www.sellersunionagent.com\/pl\/wp-json\/wp\/v2\/product"}],"about":[{"href":"https:\/\/www.sellersunionagent.com\/pl\/wp-json\/wp\/v2\/types\/product"}],"replies":[{"embeddable":true,"href":"https:\/\/www.sellersunionagent.com\/pl\/wp-json\/wp\/v2\/comments?post=11037"}],"wp:featuredmedia":[{"embeddable":true,"href":"https:\/\/www.sellersunionagent.com\/pl\/wp-json\/wp\/v2\/media\/11038"}],"wp:attachment":[{"href":"https:\/\/www.sellersunionagent.com\/pl\/wp-json\/wp\/v2\/media?parent=11037"}],"wp:term":[{"taxonomy":"product_brand","embeddable":true,"href":"https:\/\/www.sellersunionagent.com\/pl\/wp-json\/wp\/v2\/product_brand?post=11037"},{"taxonomy":"product_cat","embeddable":true,"href":"https:\/\/www.sellersunionagent.com\/pl\/wp-json\/wp\/v2\/product_cat?post=11037"},{"taxonomy":"product_tag","embeddable":true,"href":"https:\/\/www.sellersunionagent.com\/pl\/wp-json\/wp\/v2\/product_tag?post=11037"}],"curies":[{"name":"wp","href":"https:\/\/api.w.org\/{rel}","templated":true}]}}