{"id":10954,"date":"2022-10-29T12:07:01","date_gmt":"2022-10-29T04:07:01","guid":{"rendered":"https:\/\/sellersunionagent.com\/?post_type=product&#038;p=10954"},"modified":"2022-10-29T12:07:03","modified_gmt":"2022-10-29T04:07:03","slug":"goraco-sprzedawane-male-pudelko-do-przechowywania-zwierzat","status":"publish","type":"product","link":"https:\/\/www.sellersunionagent.com\/pl\/hot-sell-small-pet-storage-box-for-anything-storage\/","title":{"rendered":"Gor\u0105ca sprzeda\u017c Ma\u0142e pude\u0142ko PET do przechowywania wszystkiego"},"content":{"rendered":"<h2 id=\"title\" class=\"a-size-large a-spacing-none\"><span id=\"productTitle\" class=\"a-size-large product-title-word-break\">Pude\u0142ko na przybory kuchenne do przechowywania kosmetyk\u00f3w, odzie\u017cy i artyku\u0142\u00f3w papierniczych<\/span><\/h2>\n<p>Mo\u017cliwo\u015b\u0107 sztaplowania<\/p>\n<p>Kompaktowa konstrukcja<\/p>\n<p>Trwa\u0142o\u015b\u0107<\/p>\n<p>Przezroczysty<\/p>\n<p>Szerokie zastosowanie<\/p>\n<p>&nbsp;<\/p>\n<p style=\"text-align: center\"><strong><b>Typ<\/b><\/strong>: Przechowywanie w domu<\/p>\n<p style=\"text-align: center\"><strong><b>Numer pozycji:<\/b><\/strong> TY-9801<\/p>\n<p style=\"text-align: center\"><strong><b>Rozmiar elementu<\/b><\/strong>:<\/p>\n<p style=\"text-align: center\">15,3*7,6*5,2 cm<\/p>\n<p style=\"text-align: center\"><strong><b>Waga przedmiotu<\/b><\/strong>: 69g<\/p>\n<p style=\"text-align: center\"><strong><b>Kolory<\/b><\/strong>: Przezroczysty<\/p>\n<p style=\"text-align: center\"><strong><b>Materia\u0142: <\/b><\/strong>PET<\/p>\n<p>&nbsp;<\/p>\n<p><img fetchpriority=\"high\" decoding=\"async\" class=\"aligncenter wp-image-10957\" src=\"https:\/\/www.sellersunionagent.com\/wp-content\/uploads\/2022\/10\/7R9A9683.jpg\" alt=\"\" width=\"600\" height=\"600\" \/> <img decoding=\"async\" class=\"aligncenter wp-image-10959\" src=\"https:\/\/www.sellersunionagent.com\/wp-content\/uploads\/2022\/10\/7R9A9756.jpg\" alt=\"\" width=\"600\" height=\"600\" \/> <img decoding=\"async\" class=\"aligncenter wp-image-10960\" src=\"https:\/\/www.sellersunionagent.com\/wp-content\/uploads\/2022\/10\/7R9A9764.jpg\" alt=\"\" width=\"600\" height=\"600\" \/><\/p>","protected":false},"excerpt":{"rendered":"<p><strong><b>MOQ<\/b><\/strong>:  1000 szt.<br \/>\n<strong><b>Bezp\u0142atna pr\u00f3bka<\/b><\/strong>:  Obs\u0142ugiwane<br \/>\n<strong><b>Personalizacja<\/b><\/strong>logo \/ kolor \/ materia\u0142y \/ opakowanie itp.<br \/>\n<strong><b>Zni\u017cka<\/b><\/strong>:  Pierwsze zam\u00f3wienia ju\u017c od 10% taniej.<br \/>\n<strong><b>Wska\u017anik terminowo\u015bci dostaw<\/b><\/strong>:\u00a0 100%<br \/>\n<strong><b>Przesy\u0142ki og\u00f3\u0142em<\/b><\/strong>:  10000 szt.<br \/>\n<strong><b>Wysy\u0142ka<\/b><\/strong>: Fracht morski Fracht l\u0105dowy<\/p>","protected":false},"featured_media":10956,"comment_status":"open","ping_status":"closed","template":"","meta":{"_acf_changed":false},"product_brand":[],"product_cat":[31,188],"product_tag":[87,73],"class_list":{"0":"post-10954","1":"product","2":"type-product","3":"status-publish","4":"has-post-thumbnail","6":"product_cat-home-storage","7":"product_cat-kitchen","8":"product_tag-bulk-wholesale","9":"product_tag-home-storagewholesaledurable","11":"first","12":"instock","13":"shipping-taxable","14":"product-type-simple","15":"swiper-slide"},"acf":[],"_links":{"self":[{"href":"https:\/\/www.sellersunionagent.com\/pl\/wp-json\/wp\/v2\/product\/10954","targetHints":{"allow":["GET"]}}],"collection":[{"href":"https:\/\/www.sellersunionagent.com\/pl\/wp-json\/wp\/v2\/product"}],"about":[{"href":"https:\/\/www.sellersunionagent.com\/pl\/wp-json\/wp\/v2\/types\/product"}],"replies":[{"embeddable":true,"href":"https:\/\/www.sellersunionagent.com\/pl\/wp-json\/wp\/v2\/comments?post=10954"}],"wp:featuredmedia":[{"embeddable":true,"href":"https:\/\/www.sellersunionagent.com\/pl\/wp-json\/wp\/v2\/media\/10956"}],"wp:attachment":[{"href":"https:\/\/www.sellersunionagent.com\/pl\/wp-json\/wp\/v2\/media?parent=10954"}],"wp:term":[{"taxonomy":"product_brand","embeddable":true,"href":"https:\/\/www.sellersunionagent.com\/pl\/wp-json\/wp\/v2\/product_brand?post=10954"},{"taxonomy":"product_cat","embeddable":true,"href":"https:\/\/www.sellersunionagent.com\/pl\/wp-json\/wp\/v2\/product_cat?post=10954"},{"taxonomy":"product_tag","embeddable":true,"href":"https:\/\/www.sellersunionagent.com\/pl\/wp-json\/wp\/v2\/product_tag?post=10954"}],"curies":[{"name":"wp","href":"https:\/\/api.w.org\/{rel}","templated":true}]}}