{"id":10938,"date":"2022-10-29T10:48:03","date_gmt":"2022-10-29T02:48:03","guid":{"rendered":"https:\/\/sellersunionagent.com\/?post_type=product&#038;p=10938"},"modified":"2022-10-29T10:48:11","modified_gmt":"2022-10-29T02:48:11","slug":"hurtowa-lodowka-dla-zwierzat-domowych-do-przechowywania-owocow-warzyw-i-miesa","status":"publish","type":"product","link":"https:\/\/www.sellersunionagent.com\/pl\/wholesale-pet-refrigerator-storage-box-for-fruits-and-veg-and-meat\/","title":{"rendered":"Hurtownia lod\u00f3wek PET do przechowywania owoc\u00f3w, warzyw i mi\u0119sa"},"content":{"rendered":"<h2 id=\"title\" class=\"a-size-large a-spacing-none\"><span id=\"productTitle\" class=\"a-size-large product-title-word-break\">Pojemnik do przechowywania owoc\u00f3w, warzyw i mi\u0119sa w lod\u00f3wce - Pojemniki do przechowywania \u017cywno\u015bci - Plastikowe pojemniki do przechowywania z przesuwanym otworem wentylacyjnym - PET klasy spo\u017cywczej<\/span><\/h2>\n<p>&nbsp;<\/p>\n<p>&nbsp;<\/p>\n<ul>\n<li><strong>BEZPIECZNE MATERIA\u0141Y<\/strong> - Szuflady lod\u00f3wki wykonane s\u0105 z wysokiej jako\u015bci materia\u0142u PET, wolnego od bpa. Odporne na wysokie i niskie temperatury, super wytrzyma\u0142e do d\u0142ugotrwa\u0142ego u\u017cytkowania. Po\u017cegnaj si\u0119 z tanimi jednorazowymi plastikowymi torbami!<\/li>\n<\/ul>\n<p>&nbsp;<\/p>\n<p>&nbsp;<\/p>\n<ul>\n<li><strong>STACKABLE<\/strong> - Szuflady lod\u00f3wki o nowej zaokr\u0105glonej konstrukcji, z zarezerwowanym rowkiem na g\u00f3rnej powierzchni, umo\u017cliwiaj\u0105 stabilne podw\u00f3jne uk\u0142adanie i nie\u0142atwe przewr\u00f3cenie. Zar\u00f3wno wewn\u0119trzne, jak i zewn\u0119trzne pude\u0142ka mo\u017cna uk\u0142ada\u0107 w stosy i u\u017cywa\u0107 oddzielnie, zapewniaj\u0105c podw\u00f3jn\u0105 przestrze\u0144 do przechowywania.<\/li>\n<\/ul>\n<p>&nbsp;<\/p>\n<p>&nbsp;<\/p>\n<ul>\n<li><strong>WIELOFUNKCYJNY SCHOWEK<\/strong> - Te szuflady do lod\u00f3wki s\u0105 bardzo wszechstronne, nadaj\u0105 si\u0119 do przechowywania szpinaku, sa\u0142aty, broku\u0142\u00f3w, selera, pomidor\u00f3w, winogron, truskawek, jag\u00f3d, cytryny i innych warzyw i owoc\u00f3w, przek\u0105sek i napoj\u00f3w. Spe\u0142nia wszystkie potrzeby rodziny w zakresie przechowywania \u017cywno\u015bci.<\/li>\n<\/ul>\n<p>&nbsp;<\/p>\n<p style=\"text-align: center\"><strong><b>Typ<\/b><\/strong>: Przechowywanie w domu<\/p>\n<p style=\"text-align: center\"><strong><b>Numer pozycji:<\/b><\/strong> TY-9047-TY-9049<\/p>\n<p style=\"text-align: center\"><strong><b>Rozmiar elementu<\/b><\/strong>:<\/p>\n<p style=\"text-align: center\">S: 20*14*12,8 cm<\/p>\n<p style=\"text-align: center\">M: 24,5*17*13,8 cm<\/p>\n<p style=\"text-align: center\">L: 29*20*15cm<\/p>\n<p style=\"text-align: center\"><strong><b>Waga przedmiotu<\/b><\/strong>255g\/366g\/510g<\/p>\n<p style=\"text-align: center\"><strong><b>Kolory<\/b><\/strong>: Przezroczysty<\/p>\n<p style=\"text-align: center\"><strong><b>Materia\u0142: <\/b><\/strong>PET<\/p>\n<p><img fetchpriority=\"high\" decoding=\"async\" class=\"aligncenter wp-image-10941\" src=\"https:\/\/www.sellersunionagent.com\/wp-content\/uploads\/2022\/10\/\u56fe\u72472-1.png\" alt=\"Przechowywanie w domu\" width=\"600\" height=\"601\" \/><\/p>\n<p>&nbsp;<\/p>\n<p><img decoding=\"async\" class=\"aligncenter wp-image-10942\" src=\"https:\/\/www.sellersunionagent.com\/wp-content\/uploads\/2022\/10\/\u56fe\u72473-1.png\" alt=\"Przechowywanie w domu\" width=\"600\" height=\"600\" \/><\/p>\n<p><img decoding=\"async\" class=\"aligncenter wp-image-10940\" src=\"https:\/\/www.sellersunionagent.com\/wp-content\/uploads\/2022\/10\/\u56fe\u72471-1.png\" alt=\"Przechowywanie w domu\" width=\"600\" height=\"600\" \/><\/p>","protected":false},"excerpt":{"rendered":"<p><strong><b>MOQ<\/b><\/strong>:  1000 szt.<br \/>\n<strong><b>Bezp\u0142atna pr\u00f3bka<\/b><\/strong>:  Obs\u0142ugiwane<br \/>\n<strong><b>Personalizacja<\/b><\/strong>logo \/ kolor \/ materia\u0142y \/ opakowanie itp.<br \/>\n<strong><b>Zni\u017cka<\/b><\/strong>:  Pierwsze zam\u00f3wienia ju\u017c od 10% taniej.<br \/>\n<strong><b>Wska\u017anik terminowo\u015bci dostaw<\/b><\/strong>:\u00a0 100%<br \/>\n<strong><b>Przesy\u0142ki og\u00f3\u0142em<\/b><\/strong>:  10000 szt.<br \/>\n<strong><b>Wysy\u0142ka<\/b><\/strong>: Fracht morski Fracht l\u0105dowy<\/p>","protected":false},"featured_media":10939,"comment_status":"open","ping_status":"closed","template":"","meta":{"_acf_changed":false},"product_brand":[],"product_cat":[31,188],"product_tag":[70,59,93],"class_list":{"0":"post-10938","1":"product","2":"type-product","3":"status-publish","4":"has-post-thumbnail","6":"product_cat-home-storage","7":"product_cat-kitchen","8":"product_tag-home-storage","9":"product_tag-multifunctional","10":"product_tag-storage","12":"first","13":"instock","14":"shipping-taxable","15":"product-type-simple","16":"swiper-slide"},"acf":[],"_links":{"self":[{"href":"https:\/\/www.sellersunionagent.com\/pl\/wp-json\/wp\/v2\/product\/10938","targetHints":{"allow":["GET"]}}],"collection":[{"href":"https:\/\/www.sellersunionagent.com\/pl\/wp-json\/wp\/v2\/product"}],"about":[{"href":"https:\/\/www.sellersunionagent.com\/pl\/wp-json\/wp\/v2\/types\/product"}],"replies":[{"embeddable":true,"href":"https:\/\/www.sellersunionagent.com\/pl\/wp-json\/wp\/v2\/comments?post=10938"}],"wp:featuredmedia":[{"embeddable":true,"href":"https:\/\/www.sellersunionagent.com\/pl\/wp-json\/wp\/v2\/media\/10939"}],"wp:attachment":[{"href":"https:\/\/www.sellersunionagent.com\/pl\/wp-json\/wp\/v2\/media?parent=10938"}],"wp:term":[{"taxonomy":"product_brand","embeddable":true,"href":"https:\/\/www.sellersunionagent.com\/pl\/wp-json\/wp\/v2\/product_brand?post=10938"},{"taxonomy":"product_cat","embeddable":true,"href":"https:\/\/www.sellersunionagent.com\/pl\/wp-json\/wp\/v2\/product_cat?post=10938"},{"taxonomy":"product_tag","embeddable":true,"href":"https:\/\/www.sellersunionagent.com\/pl\/wp-json\/wp\/v2\/product_tag?post=10938"}],"curies":[{"name":"wp","href":"https:\/\/api.w.org\/{rel}","templated":true}]}}