{"id":10925,"date":"2022-10-29T10:25:35","date_gmt":"2022-10-29T02:25:35","guid":{"rendered":"https:\/\/sellersunionagent.com\/?post_type=product&#038;p=10925"},"modified":"2022-10-29T10:25:38","modified_gmt":"2022-10-29T02:25:38","slug":"hurtowy-organizer-z-podwojna-szuflada-o-duzej-pojemnosci","status":"publish","type":"product","link":"https:\/\/www.sellersunionagent.com\/pl\/wholesale-large-capacity-double-drawer-organizer\/","title":{"rendered":"Hurtowa podw\u00f3jna szuflada o du\u017cej pojemno\u015bci"},"content":{"rendered":"<h2 class=\"a-size-large a-spacing-none\"><span class=\"a-size-large product-title-word-break\">Wielofunkcyjny organizer z szuflad\u0105 do przechowywania \uff0c<\/span><span id=\"productTitle\" class=\"a-size-large product-title-word-break\">Uchwyt na jajka do lod\u00f3wki, szuflada dwuwarstwowa<\/span><\/h2>\n<p>&nbsp;<\/p>\n<p>&nbsp;<\/p>\n<ul>\n<li><strong>Szerokie zastosowanie:<\/strong> Mo\u017ce to by\u0107 bardzo normalny pojemnik do przechowywania, w kt\u00f3rym mo\u017cna umie\u015bci\u0107 torebki z herbat\u0105, kapsu\u0142ki z kaw\u0105 i wszystko, co chcesz. Jest to r\u00f3wnie\u017c dobry uchwyt na jajka, aby zapewni\u0107, \u017ce jajka nie zostan\u0105 zderzone.<\/li>\n<\/ul>\n<p>&nbsp;<\/p>\n<p>&nbsp;<\/p>\n<ul>\n<li><strong>Organizer do lod\u00f3wki:<\/strong> Gdy u\u017cywasz tego uchwytu, jajka b\u0119d\u0105 umieszczane w wyznaczonym miejscu, a lod\u00f3wka stanie si\u0119 prostsza i schludniejsza ni\u017c wcze\u015bniej. To dobra gwarancja spo\u017cywania \u015bwie\u017cych jajek.<\/li>\n<\/ul>\n<p>&nbsp;<\/p>\n<p>&nbsp;<\/p>\n<ul>\n<li><strong>Du\u017ca pojemno\u015b\u0107:<\/strong> Ten pojemnik na jajka zosta\u0142 zaprojektowany z podw\u00f3jn\u0105 warstw\u0105, ka\u017cda szuflada z wyjmowan\u0105 tac\u0105, taca mo\u017ce pomie\u015bci\u0107 16 jajek. Ka\u017cdy niezale\u017cny rowek mo\u017ce zapobiec p\u0119kni\u0119ciu i zderzeniu jajka. Taka pojemno\u015b\u0107 mo\u017ce zaspokoi\u0107 codzienne potrzeby.<\/li>\n<\/ul>\n<p>&nbsp;<\/p>\n<p>&nbsp;<\/p>\n<ul>\n<li><strong>Wysoka jako\u015b\u0107 i przejrzysto\u015b\u0107:<\/strong> U\u017cywaj wysokiej jako\u015bci bezpiecznego materia\u0142u spo\u017cywczego. Mo\u017cna je uk\u0142ada\u0107 w stosy, aby zaoszcz\u0119dzi\u0107 miejsce. Ca\u0142y pojemnik na jajka jest przezroczysty. Mo\u017cna \u0142atwo sprawdzi\u0107 pozosta\u0142\u0105 liczb\u0119 jajek i uzupe\u0142ni\u0107 je na czas.<\/li>\n<\/ul>\n<p>&nbsp;<\/p>\n<p>&nbsp;<\/p>\n<ul>\n<li><strong>Przemy\u015blany projekt\uff1a<\/strong>Kraw\u0119dzie tego pojemnika na jajka maj\u0105 okr\u0105g\u0142y kszta\u0142t, co pozwala unikn\u0105\u0107 zadrapa\u0144 palc\u00f3w. Dwie szuflady maj\u0105 wygodne uchwyty, dzi\u0119ki czemu mo\u017cna bez wysi\u0142ku wyci\u0105gn\u0105\u0107 szuflad\u0119 i swobodnie wyj\u0105\u0107 jajka. Przetestowali\u015bmy go, jest dobrym pomocnikiem.<\/li>\n<\/ul>\n<p>&nbsp;<\/p>\n<p style=\"text-align: center\"><strong><b>Typ<\/b><\/strong>: Przechowywanie w domu<\/p>\n<p style=\"text-align: center\"><strong><b>Numer pozycji:<\/b><\/strong> TY-9089-TY9091<\/p>\n<p style=\"text-align: center\"><strong><b>Rozmiar elementu<\/b><\/strong>:<\/p>\n<p style=\"text-align: center\">24.7*21.4*14.2<\/p>\n<p style=\"text-align: center\"><strong><b>Waga przedmiotu<\/b><\/strong>: 1214g\/1250g\/1320g<\/p>\n<p style=\"text-align: center\"><strong><b>Kolory<\/b><\/strong>: Przezroczysty<\/p>\n<p style=\"text-align: center\"><strong><b>Materia\u0142:<\/b><\/strong>PET<\/p>\n<p><img fetchpriority=\"high\" decoding=\"async\" class=\"aligncenter wp-image-10930\" src=\"https:\/\/www.sellersunionagent.com\/wp-content\/uploads\/2022\/10\/O1CN01W3rNun1cki3IgvVNn_2214334443639-0-cib.jpg\" alt=\"Przechowywanie w domu\" width=\"600\" height=\"600\" \/><\/p>\n<p><img decoding=\"async\" class=\"aligncenter wp-image-10929\" src=\"https:\/\/www.sellersunionagent.com\/wp-content\/uploads\/2022\/10\/O1CN01Rnvg1H1cki3Edo1O0_2214334443639-0-cib.jpg\" alt=\"Dostawca hurtowy\" width=\"600\" height=\"600\" \/><\/p>\n<p><img decoding=\"async\" class=\"aligncenter wp-image-10928\" src=\"https:\/\/www.sellersunionagent.com\/wp-content\/uploads\/2022\/10\/O1CN01pCBFXN1cki3EdoDol_2214334443639-0-cib.jpg\" alt=\"Przechowywanie w domu\" width=\"600\" height=\"600\" \/><\/p>\n<p>&nbsp;<\/p>","protected":false},"excerpt":{"rendered":"<p><strong><b>MOQ<\/b><\/strong>:  1000 szt.<br \/>\n<strong><b>Bezp\u0142atna pr\u00f3bka<\/b><\/strong>:  Obs\u0142ugiwane<br \/>\n<strong><b>Personalizacja<\/b><\/strong>logo \/ kolor \/ materia\u0142y \/ opakowanie itp.<br \/>\n<strong><b>Zni\u017cka<\/b><\/strong>:  Pierwsze zam\u00f3wienia ju\u017c od 10% taniej.<br \/>\n<strong><b>Wska\u017anik terminowo\u015bci dostaw<\/b><\/strong>:\u00a0 100%<br \/>\n<strong><b>Przesy\u0142ki og\u00f3\u0142em<\/b><\/strong>:  10000 szt.<br \/>\n<strong><b>Wysy\u0142ka<\/b><\/strong>: Fracht morski Fracht l\u0105dowy<\/p>","protected":false},"featured_media":10932,"comment_status":"open","ping_status":"closed","template":"","meta":{"_acf_changed":false},"product_brand":[],"product_cat":[31,188],"product_tag":[87,73],"class_list":{"0":"post-10925","1":"product","2":"type-product","3":"status-publish","4":"has-post-thumbnail","6":"product_cat-home-storage","7":"product_cat-kitchen","8":"product_tag-bulk-wholesale","9":"product_tag-home-storagewholesaledurable","11":"first","12":"instock","13":"shipping-taxable","14":"product-type-simple","15":"swiper-slide"},"acf":[],"_links":{"self":[{"href":"https:\/\/www.sellersunionagent.com\/pl\/wp-json\/wp\/v2\/product\/10925","targetHints":{"allow":["GET"]}}],"collection":[{"href":"https:\/\/www.sellersunionagent.com\/pl\/wp-json\/wp\/v2\/product"}],"about":[{"href":"https:\/\/www.sellersunionagent.com\/pl\/wp-json\/wp\/v2\/types\/product"}],"replies":[{"embeddable":true,"href":"https:\/\/www.sellersunionagent.com\/pl\/wp-json\/wp\/v2\/comments?post=10925"}],"wp:featuredmedia":[{"embeddable":true,"href":"https:\/\/www.sellersunionagent.com\/pl\/wp-json\/wp\/v2\/media\/10932"}],"wp:attachment":[{"href":"https:\/\/www.sellersunionagent.com\/pl\/wp-json\/wp\/v2\/media?parent=10925"}],"wp:term":[{"taxonomy":"product_brand","embeddable":true,"href":"https:\/\/www.sellersunionagent.com\/pl\/wp-json\/wp\/v2\/product_brand?post=10925"},{"taxonomy":"product_cat","embeddable":true,"href":"https:\/\/www.sellersunionagent.com\/pl\/wp-json\/wp\/v2\/product_cat?post=10925"},{"taxonomy":"product_tag","embeddable":true,"href":"https:\/\/www.sellersunionagent.com\/pl\/wp-json\/wp\/v2\/product_tag?post=10925"}],"curies":[{"name":"wp","href":"https:\/\/api.w.org\/{rel}","templated":true}]}}