{"id":10887,"date":"2022-10-20T17:47:00","date_gmt":"2022-10-20T09:47:00","guid":{"rendered":"https:\/\/sellersunionagent.com\/?post_type=product&#038;p=10887"},"modified":"2022-10-20T17:47:00","modified_gmt":"2022-10-20T09:47:00","slug":"goraco-sprzedajacy-sie-przezroczysty-pojemnik-do-lodowki-na-zywnosc-i-napoje","status":"publish","type":"product","link":"https:\/\/www.sellersunionagent.com\/pl\/hot-selling-refrigerator-storage-box-clear-container-for-fooddrinks\/","title":{"rendered":"Gor\u0105co sprzedaj\u0105cy si\u0119 pojemnik do przechowywania lod\u00f3wki, przezroczysty pojemnik na \u017cywno\u015b\u0107, napoje"},"content":{"rendered":"<h2>Gor\u0105co sprzedaj\u0105cy si\u0119 pojemnik do lod\u00f3wki na jajka, col\u0119, jajka i warzywa<\/h2>\n<p>&nbsp;<\/p>\n<p>&nbsp;<\/p>\n<p>UWAGA\u3011<\/p>\n<p>&nbsp;<\/p>\n<p>&nbsp;<\/p>\n<p>\u3010PRZENO\u015aNA KONSTRUKCJA\u3011<\/p>\n<p>&nbsp;<\/p>\n<p>\u3010 ROZSZERZALNY\u3011<\/p>\n<p>&nbsp;<\/p>\n<p>OSZCZ\u0118DNO\u015a\u0106 MIEJSCA\u3011<\/p>\n<p style=\"text-align: center\"><strong><b>Typ<\/b><\/strong>: Przechowywanie w domu<\/p>\n<p style=\"text-align: center\"><strong><b>Numer pozycji:<\/b><\/strong> W-0936-W-0937<\/p>\n<p style=\"text-align: center\"><strong><b>Rozmiar elementu<\/b><\/strong>:<\/p>\n<p style=\"text-align: center\">30*20*9.5cm<\/p>\n<p style=\"text-align: center\"><strong><b>Waga przedmiotu<\/b><\/strong>: 440g<\/p>\n<p style=\"text-align: center\"><strong><b>Kolory<\/b><\/strong>: Kolor przezroczysty<\/p>\n<p style=\"text-align: center\"><strong><b>Materia\u0142:<\/b><\/strong>ABS+PET<\/p>\n<p><img fetchpriority=\"high\" decoding=\"async\" class=\"aligncenter wp-image-10889\" src=\"https:\/\/www.sellersunionagent.com\/wp-content\/uploads\/2022\/10\/O1CN01KzrifX1cki364Td2E_2214334443639-0-cib.jpg\" alt=\"Przechowywanie w domu\" width=\"600\" height=\"600\" \/> \u00a0<img decoding=\"async\" class=\"aligncenter wp-image-10892\" src=\"https:\/\/www.sellersunionagent.com\/wp-content\/uploads\/2022\/10\/O1CN018xfKq81cki39uhnzT_2214334443639-0-cib.jpg\" alt=\"Dostawca hurtowy\" width=\"600\" height=\"600\" \/><\/p>\n<p><img decoding=\"async\" class=\"aligncenter wp-image-10888\" src=\"https:\/\/www.sellersunionagent.com\/wp-content\/uploads\/2022\/10\/1-1.jpg\" alt=\"Dostawca hurtowy\" width=\"600\" height=\"600\" \/> <img loading=\"lazy\" decoding=\"async\" class=\"aligncenter wp-image-10891\" src=\"https:\/\/www.sellersunionagent.com\/wp-content\/uploads\/2022\/10\/O1CN01YOeP9r1cki33kx6AN_2214334443639-0-cib.jpg\" alt=\"Przechowywanie w domu\" width=\"600\" height=\"600\" \/><\/p>","protected":false},"excerpt":{"rendered":"<p><strong><b>MOQ<\/b><\/strong>:  1000 szt.<br \/>\n<strong><b>Bezp\u0142atna pr\u00f3bka<\/b><\/strong>:  Obs\u0142ugiwane<br \/>\n<strong><b>Personalizacja<\/b><\/strong>logo \/ kolor \/ materia\u0142y \/ opakowanie itp.<br \/>\n<strong><b>Zni\u017cka<\/b><\/strong>:  Pierwsze zam\u00f3wienia ju\u017c od 10% taniej.<br \/>\n<strong><b>Wska\u017anik terminowo\u015bci dostaw<\/b><\/strong>:\u00a0 100%<br \/>\n<strong><b>Przesy\u0142ki og\u00f3\u0142em<\/b><\/strong>:  10000 szt.<br \/>\n<strong><b>Wysy\u0142ka<\/b><\/strong>: Fracht morski Fracht l\u0105dowy<\/p>","protected":false},"featured_media":10891,"comment_status":"open","ping_status":"closed","template":"","meta":{"_acf_changed":false},"product_brand":[],"product_cat":[31,188],"product_tag":[87,46,73],"class_list":{"0":"post-10887","1":"product","2":"type-product","3":"status-publish","4":"has-post-thumbnail","6":"product_cat-home-storage","7":"product_cat-kitchen","8":"product_tag-bulk-wholesale","9":"product_tag-customization","10":"product_tag-home-storagewholesaledurable","12":"first","13":"instock","14":"shipping-taxable","15":"product-type-simple","16":"swiper-slide"},"acf":[],"_links":{"self":[{"href":"https:\/\/www.sellersunionagent.com\/pl\/wp-json\/wp\/v2\/product\/10887","targetHints":{"allow":["GET"]}}],"collection":[{"href":"https:\/\/www.sellersunionagent.com\/pl\/wp-json\/wp\/v2\/product"}],"about":[{"href":"https:\/\/www.sellersunionagent.com\/pl\/wp-json\/wp\/v2\/types\/product"}],"replies":[{"embeddable":true,"href":"https:\/\/www.sellersunionagent.com\/pl\/wp-json\/wp\/v2\/comments?post=10887"}],"wp:featuredmedia":[{"embeddable":true,"href":"https:\/\/www.sellersunionagent.com\/pl\/wp-json\/wp\/v2\/media\/10891"}],"wp:attachment":[{"href":"https:\/\/www.sellersunionagent.com\/pl\/wp-json\/wp\/v2\/media?parent=10887"}],"wp:term":[{"taxonomy":"product_brand","embeddable":true,"href":"https:\/\/www.sellersunionagent.com\/pl\/wp-json\/wp\/v2\/product_brand?post=10887"},{"taxonomy":"product_cat","embeddable":true,"href":"https:\/\/www.sellersunionagent.com\/pl\/wp-json\/wp\/v2\/product_cat?post=10887"},{"taxonomy":"product_tag","embeddable":true,"href":"https:\/\/www.sellersunionagent.com\/pl\/wp-json\/wp\/v2\/product_tag?post=10887"}],"curies":[{"name":"wp","href":"https:\/\/api.w.org\/{rel}","templated":true}]}}