{"id":10863,"date":"2022-10-20T17:17:19","date_gmt":"2022-10-20T09:17:19","guid":{"rendered":"https:\/\/sellersunionagent.com\/?post_type=product&#038;p=10863"},"modified":"2022-10-20T17:17:20","modified_gmt":"2022-10-20T09:17:20","slug":"hurtowa-lodowka-na-kazda-okazje","status":"publish","type":"product","link":"https:\/\/www.sellersunionagent.com\/pl\/wholesale-refrigerator-storage-suit-for-any-occasion\/","title":{"rendered":"Hurtownia lod\u00f3wek na ka\u017cd\u0105 okazj\u0119"},"content":{"rendered":"<h2>Pojemniki do lod\u00f3wki - odpowiednie do lod\u00f3wki, zamra\u017carki, szafki kuchennej, organizacji przyj\u0119\u0107 i przechowywania<\/h2>\n<p>&nbsp;<\/p>\n<p>&nbsp;<\/p>\n<ul>\n<li><strong>IDEALNY WYB\u00d3R DO PRZECHOWYWANIA<\/strong> - Organizery do lod\u00f3wki, kt\u00f3re mo\u017cna uk\u0142ada\u0107 jeden na drugim, mog\u0105 pom\u00f3c lod\u00f3wce zaoszcz\u0119dzi\u0107 du\u017co miejsca. Z \u0142atwo\u015bci\u0105 organizuj\u0105 przestrze\u0144 do przechowywania owoc\u00f3w, warzyw, \u017cywno\u015bci, napoj\u00f3w, puszek, przypraw i innych przedmiot\u00f3w. Te pojemniki na lod\u00f3wk\u0119 mo\u017cna r\u00f3wnie\u017c umieszcza\u0107 w zamra\u017carkach, spi\u017carniach, szafkach i na blatach w celu przechowywania.<\/li>\n<\/ul>\n<p>&nbsp;<\/p>\n<p>&nbsp;<\/p>\n<ul>\n<li><strong>WIELOFUNKCYJNA KONSTRUKCJA<\/strong> - Mo\u017cliwo\u015b\u0107 sztaplowania pomaga zmaksymalizowa\u0107 przestrze\u0144 do przechowywania w lod\u00f3wce. Pokrywy pojemnik\u00f3w do lod\u00f3wki nie s\u0105 hermetyczne i mog\u0105 skutecznie zapobiega\u0107 kurzowi i nieprzyjemnym zapachom. Dno du\u017cych pojemnik\u00f3w do przechowywania warzyw w lod\u00f3wce ma otw\u00f3r odp\u0142ywowy, kt\u00f3ry mo\u017cna \u0142atwo otworzy\u0107, aby odprowadzi\u0107 nadmiar wody po umyciu warzyw i owoc\u00f3w, zapobiegaj\u0105c wilgoci i utrzymuj\u0105c \u015bwie\u017co\u015b\u0107.<\/li>\n<\/ul>\n<p>&nbsp;<\/p>\n<p>&nbsp;<\/p>\n<ul>\n<li><strong>BEZPIECZNY MATERIA\u0141 SPO\u017bYWCZY<\/strong> - Wykonane z przezroczystego i trwa\u0142ego tworzywa PET, wolne od BPA, niet\u0142uk\u0105ce, lekkie, ale wytrzyma\u0142e i mog\u0105 s\u0142u\u017cy\u0107 przez d\u0142ugi czas. Pojemniki do przechowywania w lod\u00f3wce zapewniaj\u0105 wyra\u017any widok i u\u0142atwiaj\u0105 sprawdzenie, co jest przechowywane i szybkie znalezienie potrzebnych przedmiot\u00f3w. \u015awietne do porz\u0105dkowania zagraconej lod\u00f3wki.<\/li>\n<\/ul>\n<p style=\"text-align: center\"><strong><b>Typ<\/b><\/strong>: Przechowywanie w domu<\/p>\n<p style=\"text-align: center\"><strong><b>Numer pozycji:<\/b><\/strong> W-61002-W-61004<\/p>\n<p style=\"text-align: center\"><strong><b>Rozmiar elementu<\/b><\/strong>:<\/p>\n<p style=\"text-align: center\">S:19*13.3*9.7<\/p>\n<p style=\"text-align: center\">M:25.5*17.3*12.4<\/p>\n<p style=\"text-align: center\">L:31.8*21*15<\/p>\n<p style=\"text-align: center\"><strong><b>Waga przedmiotu<\/b><\/strong>:<\/p>\n<p style=\"text-align: center\">S:294g<\/p>\n<p style=\"text-align: center\">M:527g<\/p>\n<p style=\"text-align: center\">L:846g<\/p>\n<p style=\"text-align: center\"><strong><b>Kolory<\/b><\/strong>: \u017b\u00f3\u0142ty<\/p>\n<p style=\"text-align: center\"><strong><b>Materia\u0142:<\/b><\/strong> PP, PET, silikon<\/p>\n<p><img fetchpriority=\"high\" decoding=\"async\" class=\"aligncenter wp-image-10864\" src=\"https:\/\/www.sellersunionagent.com\/wp-content\/uploads\/2022\/10\/O1CN01b6vTmp1cki3Nwwv4x_2214334443639-0-cib.jpg\" alt=\"Dostawca hurtowy\" width=\"600\" height=\"600\" \/><\/p>\n<p><img decoding=\"async\" class=\"aligncenter wp-image-10865\" src=\"https:\/\/www.sellersunionagent.com\/wp-content\/uploads\/2022\/10\/O1CN01Bn8yYP1cki3EGFswh_2214334443639-0-cib.jpg\" alt=\"Przechowywanie w domu\" width=\"600\" height=\"600\" \/><\/p>\n<p><img decoding=\"async\" class=\"aligncenter wp-image-10866\" src=\"https:\/\/www.sellersunionagent.com\/wp-content\/uploads\/2022\/10\/O1CN01RgPUZL1cki3775zPW_2214334443639-0-cib.jpg\" alt=\"Przechowywanie w domu\" width=\"600\" height=\"600\" \/><\/p>\n<p><img loading=\"lazy\" decoding=\"async\" class=\"aligncenter wp-image-10867\" src=\"https:\/\/www.sellersunionagent.com\/wp-content\/uploads\/2022\/10\/O1CN014psXd61cki3M0FVnl_2214334443639-0-cib.jpg\" alt=\"Przechowywanie w domu\" width=\"600\" height=\"600\" \/><\/p>","protected":false},"excerpt":{"rendered":"<p><strong><b>MOQ<\/b><\/strong>:  1000 szt.<br \/>\n<strong><b>Bezp\u0142atna pr\u00f3bka<\/b><\/strong>:  Obs\u0142ugiwane<br \/>\n<strong><b>Personalizacja<\/b><\/strong>logo \/ kolor \/ materia\u0142y \/ opakowanie itp.<br \/>\n<strong><b>Zni\u017cka<\/b><\/strong>:  Pierwsze zam\u00f3wienia ju\u017c od 10% taniej.<br \/>\n<strong><b>Wska\u017anik terminowo\u015bci dostaw<\/b><\/strong>:\u00a0 100%<br \/>\n<strong><b>Przesy\u0142ki og\u00f3\u0142em<\/b><\/strong>:  10000 szt.<br \/>\n<strong><b>Wysy\u0142ka<\/b><\/strong>: Fracht morski Fracht l\u0105dowy<\/p>","protected":false},"featured_media":10871,"comment_status":"open","ping_status":"closed","template":"","meta":{"_acf_changed":false},"product_brand":[],"product_cat":[188,31],"product_tag":[87,73,94],"class_list":{"0":"post-10863","1":"product","2":"type-product","3":"status-publish","4":"has-post-thumbnail","6":"product_cat-kitchen","7":"product_cat-home-storage","8":"product_tag-bulk-wholesale","9":"product_tag-home-storagewholesaledurable","10":"product_tag-organizer","12":"first","13":"instock","14":"shipping-taxable","15":"product-type-simple","16":"swiper-slide"},"acf":[],"_links":{"self":[{"href":"https:\/\/www.sellersunionagent.com\/pl\/wp-json\/wp\/v2\/product\/10863","targetHints":{"allow":["GET"]}}],"collection":[{"href":"https:\/\/www.sellersunionagent.com\/pl\/wp-json\/wp\/v2\/product"}],"about":[{"href":"https:\/\/www.sellersunionagent.com\/pl\/wp-json\/wp\/v2\/types\/product"}],"replies":[{"embeddable":true,"href":"https:\/\/www.sellersunionagent.com\/pl\/wp-json\/wp\/v2\/comments?post=10863"}],"wp:featuredmedia":[{"embeddable":true,"href":"https:\/\/www.sellersunionagent.com\/pl\/wp-json\/wp\/v2\/media\/10871"}],"wp:attachment":[{"href":"https:\/\/www.sellersunionagent.com\/pl\/wp-json\/wp\/v2\/media?parent=10863"}],"wp:term":[{"taxonomy":"product_brand","embeddable":true,"href":"https:\/\/www.sellersunionagent.com\/pl\/wp-json\/wp\/v2\/product_brand?post=10863"},{"taxonomy":"product_cat","embeddable":true,"href":"https:\/\/www.sellersunionagent.com\/pl\/wp-json\/wp\/v2\/product_cat?post=10863"},{"taxonomy":"product_tag","embeddable":true,"href":"https:\/\/www.sellersunionagent.com\/pl\/wp-json\/wp\/v2\/product_tag?post=10863"}],"curies":[{"name":"wp","href":"https:\/\/api.w.org\/{rel}","templated":true}]}}