{"id":10857,"date":"2022-10-20T17:04:24","date_gmt":"2022-10-20T09:04:24","guid":{"rendered":"https:\/\/sellersunionagent.com\/?post_type=product&#038;p=10857"},"modified":"2022-10-20T17:04:25","modified_gmt":"2022-10-20T09:04:25","slug":"hurtowe-pudelko-do-przechowywania-swiezych-produktow-z-pokrywka","status":"publish","type":"product","link":"https:\/\/www.sellersunionagent.com\/pl\/wholesale-fresh-refrigerator-storage-box-with-lid\/","title":{"rendered":"Hurtowe pude\u0142ko do przechowywania \u015bwie\u017cych lod\u00f3wek z pokrywk\u0105"},"content":{"rendered":"<h1 id=\"title\" class=\"a-size-large a-spacing-none\"><span id=\"productTitle\" class=\"a-size-large product-title-word-break\">Pojemnik do przechowywania \u015bwie\u017cych produkt\u00f3w w lod\u00f3wce z pokryw\u0105 w wersji kr\u00f3tkiej<\/span><\/h1>\n<p>&nbsp;<\/p>\n<p>Kompaktowy rozmiar, du\u017ca pojemno\u015b\u0107\u3011<\/p>\n<p>&nbsp;<\/p>\n<p>\u3010\u0141atwy w u\u017cyciu\u3011<\/p>\n<p>&nbsp;<\/p>\n<p>Ulepszona konstrukcja\u3011<\/p>\n<p>&nbsp;<\/p>\n<p>\u3010 Materia\u0142 spo\u017cywczy\u3011<\/p>\n<p>&nbsp;<\/p>\n<p>\u3010Gwarancja satysfakcji\u3011<\/p>\n<p>&nbsp;<\/p>\n<p style=\"text-align: center\"><strong><b>Typ<\/b><\/strong>: Przechowywanie w domu<\/p>\n<p style=\"text-align: center\"><strong><b>Numer pozycji:<\/b><\/strong> W-61010<\/p>\n<p style=\"text-align: center\"><strong><b>Rozmiar elementu<\/b><\/strong>:<\/p>\n<p style=\"text-align: center\">31.8*16.7*8.0<\/p>\n<p style=\"text-align: center\"><strong><b>Waga przedmiotu<\/b><\/strong>: 525g<\/p>\n<p style=\"text-align: center\"><strong><b>Kolory<\/b><\/strong>:bia\u0142y<\/p>\n<p style=\"text-align: center\"><strong><b>Materia\u0142:<\/b><\/strong>PP, PET, silikon<\/p>\n<p><img fetchpriority=\"high\" decoding=\"async\" class=\"aligncenter wp-image-10858\" src=\"https:\/\/www.sellersunionagent.com\/wp-content\/uploads\/2022\/10\/O1CN01eBZVsC1cki3M1UaBi_2214334443639-0-cib.jpg\" alt=\"Dostawca hurtowy\" width=\"600\" height=\"600\" \/><\/p>\n<p><img decoding=\"async\" class=\"aligncenter wp-image-10859\" src=\"https:\/\/www.sellersunionagent.com\/wp-content\/uploads\/2022\/10\/O1CN01KSKkGB1cki3Iwq1GW_2214334443639-0-cib.jpg\" alt=\"Przechowywanie w domu\" width=\"600\" height=\"600\" \/><\/p>\n<p><img decoding=\"async\" class=\"aligncenter wp-image-10860\" src=\"https:\/\/www.sellersunionagent.com\/wp-content\/uploads\/2022\/10\/O1CN01txMPov1cki3M1VWOo_2214334443639-0-cib.jpg\" alt=\"Przechowywanie w domu\" width=\"600\" height=\"600\" \/><\/p>\n<p>&nbsp;<\/p>","protected":false},"excerpt":{"rendered":"<p><strong><b>MOQ<\/b><\/strong>:  1000 szt.<br \/>\n<strong><b>Bezp\u0142atna pr\u00f3bka<\/b><\/strong>:  Obs\u0142ugiwane<br \/>\n<strong><b>Personalizacja<\/b><\/strong>logo \/ kolor \/ materia\u0142y \/ opakowanie itp.<br \/>\n<strong><b>Zni\u017cka<\/b><\/strong>:  Pierwsze zam\u00f3wienia ju\u017c od 10% taniej.<br \/>\n<strong><b>Wska\u017anik terminowo\u015bci dostaw<\/b><\/strong>:\u00a0 100%<br \/>\n<strong><b>Przesy\u0142ki og\u00f3\u0142em<\/b><\/strong>:  10000 szt.<br \/>\n<strong><b>Wysy\u0142ka<\/b><\/strong>: Fracht morski Fracht l\u0105dowy<\/p>","protected":false},"featured_media":10862,"comment_status":"open","ping_status":"closed","template":"","meta":{"_acf_changed":false},"product_brand":[],"product_cat":[31,188],"product_tag":[87,42,70],"class_list":{"0":"post-10857","1":"product","2":"type-product","3":"status-publish","4":"has-post-thumbnail","6":"product_cat-home-storage","7":"product_cat-kitchen","8":"product_tag-bulk-wholesale","9":"product_tag-high-quality","10":"product_tag-home-storage","12":"first","13":"instock","14":"shipping-taxable","15":"product-type-simple","16":"swiper-slide"},"acf":[],"_links":{"self":[{"href":"https:\/\/www.sellersunionagent.com\/pl\/wp-json\/wp\/v2\/product\/10857","targetHints":{"allow":["GET"]}}],"collection":[{"href":"https:\/\/www.sellersunionagent.com\/pl\/wp-json\/wp\/v2\/product"}],"about":[{"href":"https:\/\/www.sellersunionagent.com\/pl\/wp-json\/wp\/v2\/types\/product"}],"replies":[{"embeddable":true,"href":"https:\/\/www.sellersunionagent.com\/pl\/wp-json\/wp\/v2\/comments?post=10857"}],"wp:featuredmedia":[{"embeddable":true,"href":"https:\/\/www.sellersunionagent.com\/pl\/wp-json\/wp\/v2\/media\/10862"}],"wp:attachment":[{"href":"https:\/\/www.sellersunionagent.com\/pl\/wp-json\/wp\/v2\/media?parent=10857"}],"wp:term":[{"taxonomy":"product_brand","embeddable":true,"href":"https:\/\/www.sellersunionagent.com\/pl\/wp-json\/wp\/v2\/product_brand?post=10857"},{"taxonomy":"product_cat","embeddable":true,"href":"https:\/\/www.sellersunionagent.com\/pl\/wp-json\/wp\/v2\/product_cat?post=10857"},{"taxonomy":"product_tag","embeddable":true,"href":"https:\/\/www.sellersunionagent.com\/pl\/wp-json\/wp\/v2\/product_tag?post=10857"}],"curies":[{"name":"wp","href":"https:\/\/api.w.org\/{rel}","templated":true}]}}