{"id":10768,"date":"2022-09-28T18:20:40","date_gmt":"2022-09-28T10:20:40","guid":{"rendered":"https:\/\/sellersunionagent.com\/?post_type=product&#038;p=10768"},"modified":"2022-09-28T18:20:40","modified_gmt":"2022-09-28T10:20:40","slug":"domowe-dwuwarstwowe-pudelko-na-pierogi-do-przechowywania-w-lodowce","status":"publish","type":"product","link":"https:\/\/www.sellersunionagent.com\/pl\/household-double-layer-dumpling-box-for-refrigerator-storage\/","title":{"rendered":"Domowe dwuwarstwowe pude\u0142ko na pierogi do przechowywania w lod\u00f3wce"},"content":{"rendered":"<h2>Pude\u0142ko na pierogi Pude\u0142ko z zamra\u017cark\u0105, PET Dwuwarstwowe domowe pude\u0142ko na pierogi Wonton Fresh Box Du\u017ca lod\u00f3wka do przechowywania \u017cywno\u015bci w kuchni<\/h2>\n<p>&nbsp;<\/p>\n<p>&nbsp;<\/p>\n<ul>\n<li><strong>UTRZYMUJ PORZ\u0104DEK W LOD\u00d3WCE:<\/strong> Nasze plastikowe pojemniki na lod\u00f3wk\u0119 z pokrywk\u0105 zosta\u0142y zaprojektowane tak, aby zapewni\u0107 wygodny, higieniczny i niedrogi spos\u00f3b na zwi\u0119kszenie wygody przechowywania mi\u0119sa i artyku\u0142\u00f3w spo\u017cywczych, jednocze\u015bnie pomagaj\u0105c zmniejszy\u0107 ba\u0142agan i w prosty spos\u00f3b uporz\u0105dkowa\u0107 wszystkie niezb\u0119dne rzeczy w lod\u00f3wce.<\/li>\n<\/ul>\n<p>&nbsp;<\/p>\n<p>&nbsp;<\/p>\n<ul>\n<li><strong>BEZPIECZNE I TRWA\u0141E TWORZYWO SZTUCZNE:<\/strong> Nasze pojemniki do przechowywania w szafkach ch\u0142odniczych s\u0105 wykonane z trwa\u0142ego, odpornego na uderzenia i niezawieraj\u0105cego BPA plastiku, kt\u00f3ry zapewnia niezawodne i d\u0142ugotrwa\u0142e u\u017cytkowanie. Nie u\u017cywamy \u017cadnych szkodliwych chemikali\u00f3w ani sk\u0142adnik\u00f3w, aby zapewni\u0107, \u017ce nasze tace do przechowywania nie wp\u0142ywaj\u0105 na smak \u017cywno\u015bci.<\/li>\n<\/ul>\n<p>&nbsp;<\/p>\n<p>&nbsp;<\/p>\n<ul>\n<li><strong>Wszechstronno\u015b\u0107:<\/strong> Nasze pojemniki do przechowywania \u017cywno\u015bci w lod\u00f3wce s\u0105 idealne do przechowywania i zamra\u017cania pierog\u00f3w, bu\u0142ek i \u015bwie\u017cych produkt\u00f3w! \u015awietnie nadaj\u0105 si\u0119 r\u00f3wnie\u017c do przechowywania wszelkiego rodzaju makaron\u00f3w, lasagne i vermicelli. Mog\u0105 by\u0107 r\u00f3wnie\u017c u\u017cywane do przechowywania suchej \u017cywno\u015bci w szufladach lub szafkach, aby przed\u0142u\u017cy\u0107 jej \u015bwie\u017co\u015b\u0107.<\/li>\n<\/ul>\n<p>&nbsp;<\/p>\n<p>&nbsp;<\/p>\n<ul>\n<li style=\"text-align: left\"><strong>Antypo\u015blizgowa i stabilna:<\/strong> Dno pojemnika na owoce i warzywa ma antypo\u015blizgow\u0105 konstrukcj\u0119, dzi\u0119ki czemu mo\u017cna go bezpieczniej przechowywa\u0107 w lod\u00f3wce. Konstrukcja rowka jest wygodna do uk\u0142adania korpusu pude\u0142ka. Nieograniczone uk\u0142adanie warstw zwi\u0119ksza przestrze\u0144 do przechowywania.<\/li>\n<\/ul>\n<p style=\"text-align: center\"><strong>Typ<\/strong>: Przechowywanie w kuchni<\/p>\n<p style=\"text-align: center\"><strong>Numer pozycji:<\/strong> TY-9082<\/p>\n<p style=\"text-align: center\"><strong>Rozmiar elementu<\/strong>:<\/p>\n<p style=\"text-align: center\">34,7*22,4*9,2 cm<\/p>\n<p style=\"text-align: center\"><strong>Waga przedmiotu<\/strong>: 940g<\/p>\n<p style=\"text-align: center\"><strong>Kolory<\/strong>: Przezroczysty<\/p>\n<p style=\"text-align: center\"><strong>Materia\u0142:<\/strong>PET<\/p>\n<p><img fetchpriority=\"high\" decoding=\"async\" class=\"aligncenter wp-image-10772\" src=\"https:\/\/www.sellersunionagent.com\/wp-content\/uploads\/2022\/09\/O1CN012uDdVz1cki3AqmpLE_2214334443639-0-cib.jpg\" alt=\"Dostawca hurtowy\" width=\"600\" height=\"600\" \/> <img decoding=\"async\" class=\"aligncenter wp-image-10771\" src=\"https:\/\/www.sellersunionagent.com\/wp-content\/uploads\/2022\/09\/O1CN01Rmfrti1cki3Aqksmj_2214334443639-0-cib.jpg\" alt=\"Dostawca hurtowy\" width=\"600\" height=\"600\" \/> <img decoding=\"async\" class=\"aligncenter wp-image-10770\" src=\"https:\/\/www.sellersunionagent.com\/wp-content\/uploads\/2022\/09\/O1CN01iDHOAI1cki3DYbWhl_2214334443639-0-cib.jpg\" alt=\"Dostawca hurtowy\" width=\"600\" height=\"600\" \/><\/p>","protected":false},"excerpt":{"rendered":"<p><strong>MOQ<\/strong>:  1000 szt.<br \/>\n<strong>Bezp\u0142atna pr\u00f3bka<\/strong>:  Obs\u0142ugiwane<br \/>\n<strong>Personalizacja<\/strong>logo \/ kolor \/ materia\u0142y \/ opakowanie itp.<br \/>\n<strong>Zni\u017cka<\/strong>:  Pierwsze zam\u00f3wienia ju\u017c od 10% taniej.<br \/>\n<strong>Wska\u017anik terminowo\u015bci dostaw<\/strong>:\u00a0 100%<br \/>\n<strong>Przesy\u0142ki og\u00f3\u0142em<\/strong>:  10000 szt.<br \/>\n<strong>Wysy\u0142ka<\/strong>: Fracht morski Fracht l\u0105dowy<\/p>","protected":false},"featured_media":10773,"comment_status":"open","ping_status":"closed","template":"","meta":{"_acf_changed":false},"product_brand":[],"product_cat":[188,31],"product_tag":[71,42,70],"class_list":{"0":"post-10768","1":"product","2":"type-product","3":"status-publish","4":"has-post-thumbnail","6":"product_cat-kitchen","7":"product_cat-home-storage","8":"product_tag-durable","9":"product_tag-high-quality","10":"product_tag-home-storage","12":"first","13":"instock","14":"shipping-taxable","15":"product-type-simple","16":"swiper-slide"},"acf":[],"_links":{"self":[{"href":"https:\/\/www.sellersunionagent.com\/pl\/wp-json\/wp\/v2\/product\/10768","targetHints":{"allow":["GET"]}}],"collection":[{"href":"https:\/\/www.sellersunionagent.com\/pl\/wp-json\/wp\/v2\/product"}],"about":[{"href":"https:\/\/www.sellersunionagent.com\/pl\/wp-json\/wp\/v2\/types\/product"}],"replies":[{"embeddable":true,"href":"https:\/\/www.sellersunionagent.com\/pl\/wp-json\/wp\/v2\/comments?post=10768"}],"wp:featuredmedia":[{"embeddable":true,"href":"https:\/\/www.sellersunionagent.com\/pl\/wp-json\/wp\/v2\/media\/10773"}],"wp:attachment":[{"href":"https:\/\/www.sellersunionagent.com\/pl\/wp-json\/wp\/v2\/media?parent=10768"}],"wp:term":[{"taxonomy":"product_brand","embeddable":true,"href":"https:\/\/www.sellersunionagent.com\/pl\/wp-json\/wp\/v2\/product_brand?post=10768"},{"taxonomy":"product_cat","embeddable":true,"href":"https:\/\/www.sellersunionagent.com\/pl\/wp-json\/wp\/v2\/product_cat?post=10768"},{"taxonomy":"product_tag","embeddable":true,"href":"https:\/\/www.sellersunionagent.com\/pl\/wp-json\/wp\/v2\/product_tag?post=10768"}],"curies":[{"name":"wp","href":"https:\/\/api.w.org\/{rel}","templated":true}]}}