{"id":10760,"date":"2022-09-28T18:09:43","date_gmt":"2022-09-28T10:09:43","guid":{"rendered":"https:\/\/sellersunionagent.com\/?post_type=product&#038;p=10760"},"modified":"2022-09-28T18:10:52","modified_gmt":"2022-09-28T10:10:52","slug":"hurtowy-prostokatny-ociekacz-do-domu","status":"publish","type":"product","link":"https:\/\/www.sellersunionagent.com\/pl\/wholesale-rectangular-draining-organizer-for-home\/","title":{"rendered":"Hurtownia prostok\u0105tnych organizer\u00f3w odp\u0142ywowych dla domu"},"content":{"rendered":"<h2>Prostok\u0105tny organizer do ods\u0105czania, sztaplowany organizer do lod\u00f3wek do spi\u017carni, szafek, p\u00f3\u0142ek, szuflad, zamra\u017carek.<\/h2>\n<p>&nbsp;<\/p>\n<p>&nbsp;<\/p>\n<ul>\n<li>Oddzielna konstrukcja do przechowywania i konserwacji<\/li>\n<\/ul>\n<p>&nbsp;<\/p>\n<p>&nbsp;<\/p>\n<ul>\n<li>Komora drena\u017cowa dla zachowania smaku<\/li>\n<\/ul>\n<p>&nbsp;<\/p>\n<p>&nbsp;<\/p>\n<ul>\n<li>Szybkie opr\u00f3\u017cnianie jednej rzeczy do wielu cel\u00f3w<\/li>\n<\/ul>\n<p style=\"text-align: center\"><strong>Typ<\/strong>:  Przechowywanie w kuchni<\/p>\n<p style=\"text-align: center\"><strong>Numer pozycji:<\/strong> TY-9064<\/p>\n<p style=\"text-align: center\"><strong>Rozmiar elementu<\/strong>:<\/p>\n<p style=\"text-align: center\">34,2*10,5*9,3 cm<\/p>\n<p style=\"text-align: center\"><strong>Waga przedmiotu<\/strong>: 430g<\/p>\n<p style=\"text-align: center\"><strong>Kolory<\/strong>: Przezroczysty<\/p>\n<p style=\"text-align: center\"><strong>Materia\u0142:<\/strong>PET+PP<\/p>\n<p>&nbsp;<\/p>\n<p><img fetchpriority=\"high\" decoding=\"async\" class=\"aligncenter wp-image-10761\" src=\"https:\/\/www.sellersunionagent.com\/wp-content\/uploads\/2022\/09\/O1CN01bssbyd1cki335qGyi_2214334443639-0-cib.jpg\" alt=\"Dostawca hurtowy\" width=\"600\" height=\"600\" \/> <img decoding=\"async\" class=\"aligncenter wp-image-10762\" src=\"https:\/\/www.sellersunionagent.com\/wp-content\/uploads\/2022\/09\/O1CN01FDxpaY1cki3EqNbKN_2214334443639-0-cib.jpg\" alt=\"Dostawca hurtowy\" width=\"600\" height=\"600\" \/> <img decoding=\"async\" class=\"aligncenter wp-image-10763\" src=\"https:\/\/www.sellersunionagent.com\/wp-content\/uploads\/2022\/09\/O1CN012Lq61E1cki3EqOoAr_2214334443639-0-cib.jpg\" alt=\"\" width=\"600\" height=\"600\" \/> <img loading=\"lazy\" decoding=\"async\" class=\"aligncenter wp-image-10764\" src=\"https:\/\/www.sellersunionagent.com\/wp-content\/uploads\/2022\/09\/TY-9064-1.jpg\" alt=\"Dostawca hurtowy\" width=\"600\" height=\"600\" \/><\/p>","protected":false},"excerpt":{"rendered":"<p><strong>MOQ<\/strong>:  1000 szt.<br \/>\n<strong>Bezp\u0142atna pr\u00f3bka<\/strong>:  Obs\u0142ugiwane<br \/>\n<strong>Personalizacja<\/strong>logo \/ kolor \/ materia\u0142y \/ opakowanie itp.<br \/>\n<strong>Zni\u017cka<\/strong>:  Pierwsze zam\u00f3wienia ju\u017c od 10% taniej.<br \/>\n<strong>Wska\u017anik terminowo\u015bci dostaw<\/strong>:\u00a0 100%<br \/>\n<strong>Przesy\u0142ki og\u00f3\u0142em<\/strong>:  10000 szt.<br \/>\n<strong>Wysy\u0142ka<\/strong>: Fracht morski Fracht l\u0105dowy<\/p>","protected":false},"featured_media":10767,"comment_status":"open","ping_status":"closed","template":"","meta":{"_acf_changed":false},"product_brand":[],"product_cat":[31,188],"product_tag":[87,42,70],"class_list":{"0":"post-10760","1":"product","2":"type-product","3":"status-publish","4":"has-post-thumbnail","6":"product_cat-home-storage","7":"product_cat-kitchen","8":"product_tag-bulk-wholesale","9":"product_tag-high-quality","10":"product_tag-home-storage","12":"first","13":"instock","14":"shipping-taxable","15":"product-type-simple","16":"swiper-slide"},"acf":[],"_links":{"self":[{"href":"https:\/\/www.sellersunionagent.com\/pl\/wp-json\/wp\/v2\/product\/10760","targetHints":{"allow":["GET"]}}],"collection":[{"href":"https:\/\/www.sellersunionagent.com\/pl\/wp-json\/wp\/v2\/product"}],"about":[{"href":"https:\/\/www.sellersunionagent.com\/pl\/wp-json\/wp\/v2\/types\/product"}],"replies":[{"embeddable":true,"href":"https:\/\/www.sellersunionagent.com\/pl\/wp-json\/wp\/v2\/comments?post=10760"}],"wp:featuredmedia":[{"embeddable":true,"href":"https:\/\/www.sellersunionagent.com\/pl\/wp-json\/wp\/v2\/media\/10767"}],"wp:attachment":[{"href":"https:\/\/www.sellersunionagent.com\/pl\/wp-json\/wp\/v2\/media?parent=10760"}],"wp:term":[{"taxonomy":"product_brand","embeddable":true,"href":"https:\/\/www.sellersunionagent.com\/pl\/wp-json\/wp\/v2\/product_brand?post=10760"},{"taxonomy":"product_cat","embeddable":true,"href":"https:\/\/www.sellersunionagent.com\/pl\/wp-json\/wp\/v2\/product_cat?post=10760"},{"taxonomy":"product_tag","embeddable":true,"href":"https:\/\/www.sellersunionagent.com\/pl\/wp-json\/wp\/v2\/product_tag?post=10760"}],"curies":[{"name":"wp","href":"https:\/\/api.w.org\/{rel}","templated":true}]}}