{"id":10699,"date":"2022-09-27T15:32:24","date_gmt":"2022-09-27T07:32:24","guid":{"rendered":"https:\/\/sellersunionagent.com\/?post_type=product&#038;p=10699"},"modified":"2022-09-27T15:36:16","modified_gmt":"2022-09-27T07:36:16","slug":"hurtowa-przenosna-lodowka-dla-zwierzat-domowych-na-napoje-owocowe-i-warzywne","status":"publish","type":"product","link":"https:\/\/www.sellersunionagent.com\/pl\/wholesale-pet-refrigerator-storage-box-portable-for-fruit-vegetable-drink\/","title":{"rendered":"Hurtownia lod\u00f3wek PET Przeno\u015bne pude\u0142ko do przechowywania napoj\u00f3w owocowych i warzywnych"},"content":{"rendered":"<h2>Przeno\u015bna lod\u00f3wka PET do przechowywania napoj\u00f3w owocowych i warzywnych<\/h2>\n<div class=\"elementor-element elementor-element-42815df elementor-widget elementor-widget-heading\" data-id=\"42815df\" data-element_type=\"widget\" data-widget_type=\"heading.default\">\n<div class=\"elementor-widget-container\">\n<p class=\"elementor-heading-title elementor-size-default\"><strong>Typ<\/strong>: Storage Box<\/p>\n<\/div>\n<\/div>\n<div class=\"elementor-element elementor-element-c17fac7 elementor-widget elementor-widget-woocommerce-product-short-description\" data-id=\"c17fac7\" data-element_type=\"widget\" data-widget_type=\"woocommerce-product-short-description.default\">\n<div class=\"elementor-widget-container\">\n<div class=\"woocommerce-product-details__short-description\">\n<p><strong>Numer pozycji:<\/strong> TY-0910-TY-0912<\/p>\n<p><strong>Rozmiar elementu<\/strong>25,5*15,1*7,68 cm<\/p>\n<p><strong>Kolor<\/strong>: Przezroczysty<\/p>\n<p><strong>Materia\u0142:<\/strong>pp+tpr<\/p>\n<\/div>\n<\/div>\n<\/div>\n<p>&nbsp;<\/p>\n<p>&nbsp;<\/p>\n<ul>\n<li>Wysoka jako\u015b\u0107<\/li>\n<li>Niewielka waga<\/li>\n<li>\u0141atwy do przenoszenia<\/li>\n<li>Mo\u017cliwo\u015b\u0107 sztaplowania<img fetchpriority=\"high\" decoding=\"async\" class=\"aligncenter wp-image-10708\" src=\"https:\/\/www.sellersunionagent.com\/wp-content\/uploads\/2022\/09\/1664262619183.jpg\" alt=\"Sprzeda\u017c hurtowa\" width=\"600\" height=\"600\" \/><img decoding=\"async\" class=\"aligncenter wp-image-10704\" src=\"https:\/\/www.sellersunionagent.com\/wp-content\/uploads\/2022\/09\/1664262588098.png\" alt=\"Sprzeda\u017c hurtowa \" width=\"600\" height=\"600\" \/><img decoding=\"async\" class=\"aligncenter wp-image-10703\" src=\"https:\/\/www.sellersunionagent.com\/wp-content\/uploads\/2022\/09\/6268f43a2d14fcf56071b9c24fdaf29e_O1CN01x32Iis1plFT4Qrpf7_3295435400-0-cib.jpg\" alt=\"Sprzeda\u017c hurtowa \" width=\"600\" height=\"600\" \/> <img loading=\"lazy\" decoding=\"async\" class=\"aligncenter wp-image-10707\" src=\"https:\/\/www.sellersunionagent.com\/wp-content\/uploads\/2022\/09\/d2546845ffe82e7967f9562377f59500_O1CN01b78iXM1plFT3SbOi9_3295435400-0-cib.jpg\" alt=\"\" width=\"600\" height=\"600\" \/><\/li>\n<\/ul>","protected":false},"excerpt":{"rendered":"<p><strong>MOQ<\/strong>200 sztuk<br \/>\n<strong>Bezp\u0142atna pr\u00f3bka<\/strong>:  Obs\u0142ugiwane<br \/>\n<strong>Personalizacja<\/strong>logo \/ kolor \/ materia\u0142y \/ opakowanie itp.<br \/>\n<strong>Zni\u017cka<\/strong>:  Pierwsze zam\u00f3wienia ju\u017c od 10% taniej.<br \/>\n<strong>Wska\u017anik terminowo\u015bci dostaw<\/strong>:\u00a0 100%<br \/>\n<strong>Przesy\u0142ki og\u00f3\u0142em<\/strong>:  10000 szt.<br \/>\n<strong>Wysy\u0142ka<\/strong>: Fracht morski Fracht l\u0105dowy<\/p>","protected":false},"featured_media":10704,"comment_status":"open","ping_status":"closed","template":"","meta":{"_acf_changed":false},"product_brand":[],"product_cat":[31,188],"product_tag":[197,42,50],"class_list":{"0":"post-10699","1":"product","2":"type-product","3":"status-publish","4":"has-post-thumbnail","6":"product_cat-home-storage","7":"product_cat-kitchen","8":"product_tag-easy-to-move","9":"product_tag-high-quality","10":"product_tag-wholesale","12":"first","13":"instock","14":"shipping-taxable","15":"product-type-simple","16":"swiper-slide"},"acf":[],"_links":{"self":[{"href":"https:\/\/www.sellersunionagent.com\/pl\/wp-json\/wp\/v2\/product\/10699","targetHints":{"allow":["GET"]}}],"collection":[{"href":"https:\/\/www.sellersunionagent.com\/pl\/wp-json\/wp\/v2\/product"}],"about":[{"href":"https:\/\/www.sellersunionagent.com\/pl\/wp-json\/wp\/v2\/types\/product"}],"replies":[{"embeddable":true,"href":"https:\/\/www.sellersunionagent.com\/pl\/wp-json\/wp\/v2\/comments?post=10699"}],"wp:featuredmedia":[{"embeddable":true,"href":"https:\/\/www.sellersunionagent.com\/pl\/wp-json\/wp\/v2\/media\/10704"}],"wp:attachment":[{"href":"https:\/\/www.sellersunionagent.com\/pl\/wp-json\/wp\/v2\/media?parent=10699"}],"wp:term":[{"taxonomy":"product_brand","embeddable":true,"href":"https:\/\/www.sellersunionagent.com\/pl\/wp-json\/wp\/v2\/product_brand?post=10699"},{"taxonomy":"product_cat","embeddable":true,"href":"https:\/\/www.sellersunionagent.com\/pl\/wp-json\/wp\/v2\/product_cat?post=10699"},{"taxonomy":"product_tag","embeddable":true,"href":"https:\/\/www.sellersunionagent.com\/pl\/wp-json\/wp\/v2\/product_tag?post=10699"}],"curies":[{"name":"wp","href":"https:\/\/api.w.org\/{rel}","templated":true}]}}