{"id":10691,"date":"2022-09-27T15:07:55","date_gmt":"2022-09-27T07:07:55","guid":{"rendered":"https:\/\/sellersunionagent.com\/?post_type=product&#038;p=10691"},"modified":"2022-09-27T15:18:10","modified_gmt":"2022-09-27T07:18:10","slug":"przezroczysty-organizer-na-puszki-po-napojach-do-lodowki","status":"publish","type":"product","link":"https:\/\/www.sellersunionagent.com\/pl\/transparent-refrigerator-soda-can-organizer\/","title":{"rendered":"Przezroczysty organizer na puszki po napojach do lod\u00f3wki"},"content":{"rendered":"<h2>Przezroczysty organizer na puszki po napojach do lod\u00f3wki<\/h2>\n<div class=\"elementor-element elementor-element-42815df elementor-widget elementor-widget-heading\" data-id=\"42815df\" data-element_type=\"widget\" data-widget_type=\"heading.default\">\n<div class=\"elementor-widget-container\">\n<p class=\"elementor-heading-title elementor-size-default\"><strong>Typ<\/strong>schowek<\/p>\n<\/div>\n<\/div>\n<div class=\"elementor-element elementor-element-c17fac7 elementor-widget elementor-widget-woocommerce-product-short-description\" data-id=\"c17fac7\" data-element_type=\"widget\" data-widget_type=\"woocommerce-product-short-description.default\">\n<div class=\"elementor-widget-container\">\n<div class=\"woocommerce-product-details__short-description\">\n<p><strong>Numer pozycji:<\/strong> TY-0638-TY-0640<\/p>\n<p><strong>Rozmiar elementu<\/strong>: 31,5*15,8*9cm\/ 31,5*21,5*9cm\/ 37,5*21,5*10cm<\/p>\n<p><strong>Kolor<\/strong>: Przezroczysty<\/p>\n<p><strong>Materia\u0142: <\/strong>PET<\/p>\n<\/div>\n<\/div>\n<\/div>\n<p>&nbsp;<\/p>\n<p>&nbsp;<\/p>\n<ul>\n<li>Wysoka jako\u015b\u0107 w niskiej cenie<\/li>\n<li>Trwa\u0142o\u015b\u0107<\/li>\n<li>Przeno\u015bny<img fetchpriority=\"high\" decoding=\"async\" class=\"aligncenter wp-image-10692\" src=\"https:\/\/www.sellersunionagent.com\/wp-content\/uploads\/2022\/09\/O1CN01ChztYB1cki2wZNd5Z_2214334443639-0-cib.jpg\" alt=\"Organizator \" width=\"600\" height=\"600\" \/> <img decoding=\"async\" class=\"aligncenter wp-image-10693\" src=\"https:\/\/www.sellersunionagent.com\/wp-content\/uploads\/2022\/09\/TY-0638.jpg\" alt=\"Organizator \" width=\"600\" height=\"600\" \/> <img decoding=\"async\" class=\"aligncenter wp-image-10694\" src=\"https:\/\/www.sellersunionagent.com\/wp-content\/uploads\/2022\/09\/TY-0639.jpg\" alt=\"Organizator \" width=\"600\" height=\"600\" \/> <img loading=\"lazy\" decoding=\"async\" class=\"aligncenter wp-image-10695\" src=\"https:\/\/www.sellersunionagent.com\/wp-content\/uploads\/2022\/09\/TY-0640.jpg\" alt=\"Organizator \" width=\"600\" height=\"600\" \/> <img loading=\"lazy\" decoding=\"async\" class=\"aligncenter wp-image-10696\" src=\"https:\/\/www.sellersunionagent.com\/wp-content\/uploads\/2022\/09\/\u56fe\u72471-1.png\" alt=\"Organizator \" width=\"600\" height=\"600\" \/> <img loading=\"lazy\" decoding=\"async\" class=\"aligncenter wp-image-10697\" src=\"https:\/\/www.sellersunionagent.com\/wp-content\/uploads\/2022\/09\/\u56fe\u72472-1.png\" alt=\"Organizator \" width=\"600\" height=\"600\" \/> <img loading=\"lazy\" decoding=\"async\" class=\"aligncenter wp-image-10698\" src=\"https:\/\/www.sellersunionagent.com\/wp-content\/uploads\/2022\/09\/\u56fe\u72473-1.png\" alt=\"Organizator \" width=\"600\" height=\"602\" srcset=\"https:\/\/www.sellersunionagent.com\/wp-content\/uploads\/2022\/09\/\u56fe\u72473-1.png 400w, https:\/\/www.sellersunionagent.com\/wp-content\/uploads\/2022\/09\/\u56fe\u72473-1-100x100.png 100w\" sizes=\"(max-width: 600px) 100vw, 600px\" \/><\/li>\n<\/ul>","protected":false},"excerpt":{"rendered":"<p><strong>MOQ<\/strong>200 sztuk<br \/>\n<strong>Bezp\u0142atna pr\u00f3bka<\/strong>:  Obs\u0142ugiwane<br \/>\n<strong>Personalizacja<\/strong>logo \/ kolor \/ materia\u0142y \/ opakowanie itp.<br \/>\n<strong>Zni\u017cka<\/strong>:  Pierwsze zam\u00f3wienia ju\u017c od 10% taniej.<br \/>\n<strong>Wska\u017anik terminowo\u015bci dostaw<\/strong>:\u00a0 100%<br \/>\n<strong>Przesy\u0142ki og\u00f3\u0142em<\/strong>:  10000 szt.<br \/>\n<strong>Wysy\u0142ka<\/strong>: Fracht morski Fracht l\u0105dowy<\/p>","protected":false},"featured_media":10695,"comment_status":"open","ping_status":"closed","template":"","meta":{"_acf_changed":false},"product_brand":[],"product_cat":[31,188],"product_tag":[55,94,60],"class_list":{"0":"post-10691","1":"product","2":"type-product","3":"status-publish","4":"has-post-thumbnail","6":"product_cat-home-storage","7":"product_cat-kitchen","8":"product_tag-easy-to-carry","9":"product_tag-organizer","10":"product_tag-portable","12":"first","13":"instock","14":"shipping-taxable","15":"product-type-simple","16":"swiper-slide"},"acf":[],"_links":{"self":[{"href":"https:\/\/www.sellersunionagent.com\/pl\/wp-json\/wp\/v2\/product\/10691","targetHints":{"allow":["GET"]}}],"collection":[{"href":"https:\/\/www.sellersunionagent.com\/pl\/wp-json\/wp\/v2\/product"}],"about":[{"href":"https:\/\/www.sellersunionagent.com\/pl\/wp-json\/wp\/v2\/types\/product"}],"replies":[{"embeddable":true,"href":"https:\/\/www.sellersunionagent.com\/pl\/wp-json\/wp\/v2\/comments?post=10691"}],"wp:featuredmedia":[{"embeddable":true,"href":"https:\/\/www.sellersunionagent.com\/pl\/wp-json\/wp\/v2\/media\/10695"}],"wp:attachment":[{"href":"https:\/\/www.sellersunionagent.com\/pl\/wp-json\/wp\/v2\/media?parent=10691"}],"wp:term":[{"taxonomy":"product_brand","embeddable":true,"href":"https:\/\/www.sellersunionagent.com\/pl\/wp-json\/wp\/v2\/product_brand?post=10691"},{"taxonomy":"product_cat","embeddable":true,"href":"https:\/\/www.sellersunionagent.com\/pl\/wp-json\/wp\/v2\/product_cat?post=10691"},{"taxonomy":"product_tag","embeddable":true,"href":"https:\/\/www.sellersunionagent.com\/pl\/wp-json\/wp\/v2\/product_tag?post=10691"}],"curies":[{"name":"wp","href":"https:\/\/api.w.org\/{rel}","templated":true}]}}