{"id":10618,"date":"2022-09-22T16:41:42","date_gmt":"2022-09-22T08:41:42","guid":{"rendered":"https:\/\/sellersunionagent.com\/?post_type=product&#038;p=10618"},"modified":"2022-09-22T16:41:42","modified_gmt":"2022-09-22T08:41:42","slug":"wielofunkcyjny-duzy-skladany-kosz-do-przechowywania-balaganu-odpowiedni-do-domu-samochodu-na-zewnatrz","status":"publish","type":"product","link":"https:\/\/www.sellersunionagent.com\/pl\/multi-functional-large-folding-mess-storage-basket-suitable-for-home-outdoor-car\/","title":{"rendered":"Wielofunkcyjny, du\u017cy, sk\u0142adany kosz do przechowywania, odpowiedni do domu, samochodu na zewn\u0105trz"},"content":{"rendered":"<h2>Wielofunkcyjny, du\u017cy, sk\u0142adany kosz do przechowywania, odpowiedni do domu, samochodu na zewn\u0105trz<\/h2>\n<div class=\"elementor-element elementor-element-42815df elementor-widget elementor-widget-heading\" data-id=\"42815df\" data-element_type=\"widget\" data-widget_type=\"heading.default\">\n<div class=\"elementor-widget-container\">\n<p class=\"elementor-heading-title elementor-size-default\"><strong>Typ<\/strong>: Kosz do przechowywania<\/p>\n<\/div>\n<\/div>\n<div class=\"elementor-element elementor-element-c17fac7 elementor-widget elementor-widget-woocommerce-product-short-description\" data-id=\"c17fac7\" data-element_type=\"widget\" data-widget_type=\"woocommerce-product-short-description.default\">\n<div class=\"elementor-widget-container\">\n<div class=\"woocommerce-product-details__short-description\">\n<p><strong>Numer pozycji:<\/strong> LF-ZD020<\/p>\n<p><strong>Rozmiar elementu<\/strong>61x47x27(7.5)cm<\/p>\n<p><strong>Kolory<\/strong>: Szary<\/p>\n<p><strong>Materia\u0142:<\/strong>pp+tpr<\/p>\n<\/div>\n<\/div>\n<\/div>\n<p>&nbsp;<\/p>\n<p>&nbsp;<\/p>\n<ul>\n<li>Wysoka jako\u015b\u0107<\/li>\n<li>Materia\u0142 przyjazny dla \u015brodowiska<\/li>\n<li>Sk\u0142adany<\/li>\n<li>Du\u017ca pojemno\u015b\u0107<\/li>\n<\/ul>\n<p><img fetchpriority=\"high\" decoding=\"async\" class=\"aligncenter wp-image-10619\" src=\"https:\/\/www.sellersunionagent.com\/wp-content\/uploads\/2022\/09\/22089471202_1430113251.jpg\" alt=\"Wielofunkcyjno\u015b\u0107\" width=\"600\" height=\"600\" \/> <img decoding=\"async\" class=\"aligncenter wp-image-10620\" src=\"https:\/\/www.sellersunionagent.com\/wp-content\/uploads\/2022\/09\/22170526634_1430113251.jpg\" alt=\"Wielofunkcyjno\u015b\u0107\" width=\"600\" height=\"600\" \/> <img decoding=\"async\" class=\"aligncenter wp-image-10621\" src=\"https:\/\/www.sellersunionagent.com\/wp-content\/uploads\/2022\/09\/22170556165_1430113251.jpg\" alt=\"Wielofunkcyjno\u015b\u0107\" width=\"600\" height=\"600\" \/> <img loading=\"lazy\" decoding=\"async\" class=\"aligncenter wp-image-10622\" src=\"https:\/\/www.sellersunionagent.com\/wp-content\/uploads\/2022\/09\/22260449654_1430113251.jpg\" alt=\"Wielofunkcyjno\u015b\u0107\" width=\"600\" height=\"600\" \/> <img loading=\"lazy\" decoding=\"async\" class=\"aligncenter wp-image-10623\" src=\"https:\/\/www.sellersunionagent.com\/wp-content\/uploads\/2022\/09\/1663835777619.png\" alt=\"Wielofunkcyjno\u015b\u0107\" width=\"600\" height=\"600\" \/> <img loading=\"lazy\" decoding=\"async\" class=\"aligncenter wp-image-10624\" src=\"https:\/\/www.sellersunionagent.com\/wp-content\/uploads\/2022\/09\/O1CN01uRA0nw2Kebm21PCKZ_2208740189582-0-cib.jpg\" alt=\"Wielofunkcyjno\u015b\u0107\" width=\"600\" height=\"600\" \/><\/p>","protected":false},"excerpt":{"rendered":"<p><strong>MOQ<\/strong>:  500 szt.<br \/>\n<strong>Bezp\u0142atna pr\u00f3bka<\/strong>:  Obs\u0142ugiwane<br \/>\n<strong>Personalizacja<\/strong>logo \/ kolor \/ materia\u0142y \/ opakowanie itp.<br \/>\n<strong>Zni\u017cka<\/strong>:  Pierwsze zam\u00f3wienia ju\u017c od 10% taniej.<br \/>\n<strong>Wska\u017anik terminowo\u015bci dostaw<\/strong>:\u00a0 100%<br \/>\n<strong>Przesy\u0142ki og\u00f3\u0142em<\/strong>:  10000 szt.<br \/>\n<strong>Wysy\u0142ka<\/strong>: Fracht morski Fracht l\u0105dowy<\/p>","protected":false},"featured_media":10619,"comment_status":"open","ping_status":"closed","template":"","meta":{"_acf_changed":false},"product_brand":[],"product_cat":[186,31],"product_tag":[68,195],"class_list":{"0":"post-10618","1":"product","2":"type-product","3":"status-publish","4":"has-post-thumbnail","6":"product_cat-living-room","7":"product_cat-home-storage","8":"product_tag-large","9":"product_tag-multi-functional","11":"first","12":"instock","13":"shipping-taxable","14":"product-type-simple","15":"swiper-slide"},"acf":[],"_links":{"self":[{"href":"https:\/\/www.sellersunionagent.com\/pl\/wp-json\/wp\/v2\/product\/10618","targetHints":{"allow":["GET"]}}],"collection":[{"href":"https:\/\/www.sellersunionagent.com\/pl\/wp-json\/wp\/v2\/product"}],"about":[{"href":"https:\/\/www.sellersunionagent.com\/pl\/wp-json\/wp\/v2\/types\/product"}],"replies":[{"embeddable":true,"href":"https:\/\/www.sellersunionagent.com\/pl\/wp-json\/wp\/v2\/comments?post=10618"}],"wp:featuredmedia":[{"embeddable":true,"href":"https:\/\/www.sellersunionagent.com\/pl\/wp-json\/wp\/v2\/media\/10619"}],"wp:attachment":[{"href":"https:\/\/www.sellersunionagent.com\/pl\/wp-json\/wp\/v2\/media?parent=10618"}],"wp:term":[{"taxonomy":"product_brand","embeddable":true,"href":"https:\/\/www.sellersunionagent.com\/pl\/wp-json\/wp\/v2\/product_brand?post=10618"},{"taxonomy":"product_cat","embeddable":true,"href":"https:\/\/www.sellersunionagent.com\/pl\/wp-json\/wp\/v2\/product_cat?post=10618"},{"taxonomy":"product_tag","embeddable":true,"href":"https:\/\/www.sellersunionagent.com\/pl\/wp-json\/wp\/v2\/product_tag?post=10618"}],"curies":[{"name":"wp","href":"https:\/\/api.w.org\/{rel}","templated":true}]}}