{"id":10612,"date":"2022-09-22T16:23:17","date_gmt":"2022-09-22T08:23:17","guid":{"rendered":"https:\/\/sellersunionagent.com\/?post_type=product&#038;p=10612"},"modified":"2022-09-22T16:25:23","modified_gmt":"2022-09-22T08:25:23","slug":"household-folding-dirty-clothes-basket-portable-multifunctional-storage-basket","status":"publish","type":"product","link":"https:\/\/www.sellersunionagent.com\/pl\/household-folding-dirty-clothes-basket-portable-multifunctional-storage-basket\/","title":{"rendered":"Domowy sk\u0142adany kosz na brudne ubrania Przeno\u015bny wielofunkcyjny kosz do przechowywania"},"content":{"rendered":"<h2>Domowy sk\u0142adany kosz na brudne ubrania Przeno\u015bny wielofunkcyjny kosz do przechowywania<\/h2>\n<div class=\"elementor-element elementor-element-42815df elementor-widget elementor-widget-heading\" data-id=\"42815df\" data-element_type=\"widget\" data-widget_type=\"heading.default\">\n<div class=\"elementor-widget-container\">\n<p class=\"elementor-heading-title elementor-size-default\"><strong>Typ<\/strong>: Basen<\/p>\n<\/div>\n<\/div>\n<div class=\"elementor-element elementor-element-c17fac7 elementor-widget elementor-widget-woocommerce-product-short-description\" data-id=\"c17fac7\" data-element_type=\"widget\" data-widget_type=\"woocommerce-product-short-description.default\">\n<div class=\"elementor-widget-container\">\n<div class=\"woocommerce-product-details__short-description\">\n<p><strong>Numer pozycji:<\/strong> LF-ZD017<\/p>\n<p><strong>Rozmiar elementu<\/strong>: 50&#215;37.5&#215;27(7)cm<\/p>\n<p><strong>Kolory<\/strong>: Grey\/Navy\/ Sky blue\/ Yellow<\/p>\n<p><strong>Materia\u0142:<\/strong>pp+tpr<\/p>\n<\/div>\n<\/div>\n<\/div>\n<p>&nbsp;<\/p>\n<p>&nbsp;<\/p>\n<ul>\n<li>Wysoka jako\u015b\u0107<\/li>\n<li>Materia\u0142 przyjazny dla \u015brodowiska<\/li>\n<li>Foldable &amp; portable<\/li>\n<\/ul>\n<p><img fetchpriority=\"high\" decoding=\"async\" class=\"aligncenter wp-image-10614\" src=\"https:\/\/www.sellersunionagent.com\/wp-content\/uploads\/2022\/09\/O1CN01d9pJcJ1OkL3CYlD0g_3907771743-0-cib.jpg\" alt=\"Wielofunkcyjny kosz do przechowywania\" width=\"600\" height=\"600\" \/> <img decoding=\"async\" class=\"aligncenter wp-image-10615\" src=\"https:\/\/www.sellersunionagent.com\/wp-content\/uploads\/2022\/09\/O1CN01JAIsVh1OkL3IhRrpe_3907771743-0-cib.jpg\" alt=\"Wielofunkcyjny kosz do przechowywania\" width=\"600\" height=\"600\" \/> <img decoding=\"async\" class=\"aligncenter wp-image-10616\" src=\"https:\/\/www.sellersunionagent.com\/wp-content\/uploads\/2022\/09\/O1CN01qgnTh71OkL3AmIXxc_3907771743-0-cib.jpg\" alt=\"Wielofunkcyjny kosz do przechowywania\" width=\"600\" height=\"600\" \/> <img loading=\"lazy\" decoding=\"async\" class=\"aligncenter wp-image-10617\" src=\"https:\/\/www.sellersunionagent.com\/wp-content\/uploads\/2022\/09\/O1CN01qWmIXm1OkL3GJDQcN_3907771743-0-cib.jpg\" alt=\"Wielofunkcyjny kosz do przechowywania\" width=\"600\" height=\"600\" \/><\/p>","protected":false},"excerpt":{"rendered":"<p><strong>MOQ<\/strong>:  500 szt.<br \/>\n<strong>Bezp\u0142atna pr\u00f3bka<\/strong>:  Obs\u0142ugiwane<br \/>\n<strong>Personalizacja<\/strong>logo \/ kolor \/ materia\u0142y \/ opakowanie itp.<br \/>\n<strong>Zni\u017cka<\/strong>:  Pierwsze zam\u00f3wienia ju\u017c od 10% taniej.<br \/>\n<strong>Wska\u017anik terminowo\u015bci dostaw<\/strong>:\u00a0 100%<br \/>\n<strong>Przesy\u0142ki og\u00f3\u0142em<\/strong>:  10000 szt.<br \/>\n<strong>Wysy\u0142ka<\/strong>: Fracht morski Fracht l\u0105dowy<\/p>","protected":false},"featured_media":10613,"comment_status":"open","ping_status":"closed","template":"","meta":{"_acf_changed":false},"product_brand":[],"product_cat":[32,189],"product_tag":[59,60],"class_list":{"0":"post-10612","1":"product","2":"type-product","3":"status-publish","4":"has-post-thumbnail","6":"product_cat-digital-bag","7":"product_cat-bathroom","8":"product_tag-multifunctional","9":"product_tag-portable","11":"first","12":"instock","13":"shipping-taxable","14":"product-type-simple","15":"swiper-slide"},"acf":[],"_links":{"self":[{"href":"https:\/\/www.sellersunionagent.com\/pl\/wp-json\/wp\/v2\/product\/10612","targetHints":{"allow":["GET"]}}],"collection":[{"href":"https:\/\/www.sellersunionagent.com\/pl\/wp-json\/wp\/v2\/product"}],"about":[{"href":"https:\/\/www.sellersunionagent.com\/pl\/wp-json\/wp\/v2\/types\/product"}],"replies":[{"embeddable":true,"href":"https:\/\/www.sellersunionagent.com\/pl\/wp-json\/wp\/v2\/comments?post=10612"}],"wp:featuredmedia":[{"embeddable":true,"href":"https:\/\/www.sellersunionagent.com\/pl\/wp-json\/wp\/v2\/media\/10613"}],"wp:attachment":[{"href":"https:\/\/www.sellersunionagent.com\/pl\/wp-json\/wp\/v2\/media?parent=10612"}],"wp:term":[{"taxonomy":"product_brand","embeddable":true,"href":"https:\/\/www.sellersunionagent.com\/pl\/wp-json\/wp\/v2\/product_brand?post=10612"},{"taxonomy":"product_cat","embeddable":true,"href":"https:\/\/www.sellersunionagent.com\/pl\/wp-json\/wp\/v2\/product_cat?post=10612"},{"taxonomy":"product_tag","embeddable":true,"href":"https:\/\/www.sellersunionagent.com\/pl\/wp-json\/wp\/v2\/product_tag?post=10612"}],"curies":[{"name":"wp","href":"https:\/\/api.w.org\/{rel}","templated":true}]}}