{"id":10600,"date":"2022-09-22T16:02:53","date_gmt":"2022-09-22T08:02:53","guid":{"rendered":"https:\/\/sellersunionagent.com\/?post_type=product&#038;p=10600"},"modified":"2022-09-22T16:02:53","modified_gmt":"2022-09-22T08:02:53","slug":"hurtowa-duza-skladana-umywalka-do-domu-akademika-podrozy","status":"publish","type":"product","link":"https:\/\/www.sellersunionagent.com\/pl\/wholesale-large-foldable-basin-for-home-dormitory-travel\/","title":{"rendered":"Hurtowa du\u017ca sk\u0142adana umywalka do podr\u00f3\u017cy w akademiku"},"content":{"rendered":"<h2>Hurtowa du\u017ca sk\u0142adana umywalka do podr\u00f3\u017cy w akademiku<\/h2>\n<div class=\"elementor-element elementor-element-42815df elementor-widget elementor-widget-heading\" data-id=\"42815df\" data-element_type=\"widget\" data-widget_type=\"heading.default\">\n<div class=\"elementor-widget-container\">\n<p class=\"elementor-heading-title elementor-size-default\"><strong>Typ<\/strong>: Basen<\/p>\n<\/div>\n<\/div>\n<div class=\"elementor-element elementor-element-c17fac7 elementor-widget elementor-widget-woocommerce-product-short-description\" data-id=\"c17fac7\" data-element_type=\"widget\" data-widget_type=\"woocommerce-product-short-description.default\">\n<div class=\"elementor-widget-container\">\n<div class=\"woocommerce-product-details__short-description\">\n<p><strong>Numer pozycji:<\/strong> LF-ZD011<\/p>\n<p><strong>Rozmiar elementu<\/strong>dia37.5\u00d714(5)cm<\/p>\n<p><strong>Kolory<\/strong>: Szary<\/p>\n<p><strong>Materia\u0142:<\/strong>pp+tpr<\/p>\n<\/div>\n<\/div>\n<\/div>\n<p>&nbsp;<\/p>\n<p>&nbsp;<\/p>\n<ul>\n<li>Wysoka jako\u015b\u0107<\/li>\n<li>Materia\u0142 przyjazny dla \u015brodowiska<\/li>\n<li>Sk\u0142adany<img fetchpriority=\"high\" decoding=\"async\" class=\"aligncenter wp-image-10605\" src=\"https:\/\/www.sellersunionagent.com\/wp-content\/uploads\/2022\/09\/22223810474_1430113251.jpg\" alt=\"Sprzeda\u017c hurtowa\" width=\"600\" height=\"600\" \/> <img decoding=\"async\" class=\"aligncenter wp-image-10604\" src=\"https:\/\/www.sellersunionagent.com\/wp-content\/uploads\/2022\/09\/22134811838_1430113251.jpg\" alt=\"Sprzeda\u017c hurtowa\" width=\"600\" height=\"600\" \/><img decoding=\"async\" class=\"aligncenter wp-image-10607\" src=\"https:\/\/www.sellersunionagent.com\/wp-content\/uploads\/2022\/09\/b74c305e092a1b66f627d9af5a52bca9_22052367956_1430113251.jpg\" alt=\"Sprzeda\u017c hurtowa \" width=\"600\" height=\"414\" \/> <img loading=\"lazy\" decoding=\"async\" class=\"aligncenter wp-image-10609\" src=\"https:\/\/www.sellersunionagent.com\/wp-content\/uploads\/2022\/09\/d798055d35e06753ac4678ea45a87f40_22222736994_1430113251.jpg\" alt=\"Sprzeda\u017c hurtowa \" width=\"600\" height=\"400\" \/> <img loading=\"lazy\" decoding=\"async\" class=\"aligncenter wp-image-10608\" src=\"https:\/\/www.sellersunionagent.com\/wp-content\/uploads\/2022\/09\/1663832425723.png\" alt=\"Sprzeda\u017c hurtowa \" width=\"600\" height=\"617\" \/><\/li>\n<\/ul>","protected":false},"excerpt":{"rendered":"<p><strong>MOQ<\/strong>:  500 szt.<br \/>\n<strong>Bezp\u0142atna pr\u00f3bka<\/strong>:  Obs\u0142ugiwane<br \/>\n<strong>Personalizacja<\/strong>logo \/ kolor \/ materia\u0142y \/ opakowanie itp.<br \/>\n<strong>Zni\u017cka<\/strong>:  Pierwsze zam\u00f3wienia ju\u017c od 10% taniej.<br \/>\n<strong>Wska\u017anik terminowo\u015bci dostaw<\/strong>:\u00a0 100%<br \/>\n<strong>Przesy\u0142ki og\u00f3\u0142em<\/strong>:  10000 szt.<br \/>\n<strong>Wysy\u0142ka<\/strong>: Fracht morski Fracht l\u0105dowy<\/p>","protected":false},"featured_media":10604,"comment_status":"open","ping_status":"closed","template":"","meta":{"_acf_changed":false},"product_brand":[],"product_cat":[188,31],"product_tag":[42,50],"class_list":{"0":"post-10600","1":"product","2":"type-product","3":"status-publish","4":"has-post-thumbnail","6":"product_cat-kitchen","7":"product_cat-home-storage","8":"product_tag-high-quality","9":"product_tag-wholesale","11":"first","12":"instock","13":"shipping-taxable","14":"product-type-simple","15":"swiper-slide"},"acf":[],"_links":{"self":[{"href":"https:\/\/www.sellersunionagent.com\/pl\/wp-json\/wp\/v2\/product\/10600","targetHints":{"allow":["GET"]}}],"collection":[{"href":"https:\/\/www.sellersunionagent.com\/pl\/wp-json\/wp\/v2\/product"}],"about":[{"href":"https:\/\/www.sellersunionagent.com\/pl\/wp-json\/wp\/v2\/types\/product"}],"replies":[{"embeddable":true,"href":"https:\/\/www.sellersunionagent.com\/pl\/wp-json\/wp\/v2\/comments?post=10600"}],"wp:featuredmedia":[{"embeddable":true,"href":"https:\/\/www.sellersunionagent.com\/pl\/wp-json\/wp\/v2\/media\/10604"}],"wp:attachment":[{"href":"https:\/\/www.sellersunionagent.com\/pl\/wp-json\/wp\/v2\/media?parent=10600"}],"wp:term":[{"taxonomy":"product_brand","embeddable":true,"href":"https:\/\/www.sellersunionagent.com\/pl\/wp-json\/wp\/v2\/product_brand?post=10600"},{"taxonomy":"product_cat","embeddable":true,"href":"https:\/\/www.sellersunionagent.com\/pl\/wp-json\/wp\/v2\/product_cat?post=10600"},{"taxonomy":"product_tag","embeddable":true,"href":"https:\/\/www.sellersunionagent.com\/pl\/wp-json\/wp\/v2\/product_tag?post=10600"}],"curies":[{"name":"wp","href":"https:\/\/api.w.org\/{rel}","templated":true}]}}