{"id":10502,"date":"2022-09-14T15:03:36","date_gmt":"2022-09-14T07:03:36","guid":{"rendered":"https:\/\/sellersunionagent.com\/?post_type=product&#038;p=10502"},"modified":"2022-09-14T15:03:36","modified_gmt":"2022-09-14T07:03:36","slug":"hurtowe-5l-kwadratowe-chowane-przenosne-skladane-wiadro","status":"publish","type":"product","link":"https:\/\/www.sellersunionagent.com\/pl\/wholesale-5l-square-retractable-portable-folding-bucket\/","title":{"rendered":"Hurtownia 5L Kwadratowe Chowane Przeno\u015bne Sk\u0142adane Wiadro"},"content":{"rendered":"<h2>Hurtownia 5L Kwadratowe Chowane Przeno\u015bne Sk\u0142adane Wiadro<\/h2>\n<div class=\"elementor-element elementor-element-42815df elementor-widget elementor-widget-heading\" data-id=\"42815df\" data-element_type=\"widget\" data-widget_type=\"heading.default\">\n<div class=\"elementor-widget-container\">\n<p class=\"elementor-heading-title elementor-size-default\"><strong>Typ<\/strong>: Wiadro<\/p>\n<\/div>\n<\/div>\n<div class=\"elementor-element elementor-element-c17fac7 elementor-widget elementor-widget-woocommerce-product-short-description\" data-id=\"c17fac7\" data-element_type=\"widget\" data-widget_type=\"woocommerce-product-short-description.default\">\n<div class=\"elementor-widget-container\">\n<div class=\"woocommerce-product-details__short-description\">\n<p><strong>Numer pozycji:<\/strong> LF-ZD006X<\/p>\n<p><strong>Rozmiar elementu<\/strong>\u015br. 32\u00d720*24,5(5)cm<\/p>\n<p><strong>Kolory<\/strong>: Szary\/zielony<\/p>\n<p><strong>Materia\u0142:<\/strong>pp+tpr<\/p>\n<\/div>\n<\/div>\n<\/div>\n<p>&nbsp;<\/p>\n<p>&nbsp;<\/p>\n<ul>\n<li>Wielofunkcyjno\u015b\u0107<\/li>\n<li>Materia\u0142 przyjazny dla \u015brodowiska<\/li>\n<li>Sk\u0142adany i przeno\u015bny<img fetchpriority=\"high\" decoding=\"async\" class=\"aligncenter wp-image-10506\" src=\"https:\/\/www.sellersunionagent.com\/wp-content\/uploads\/2022\/09\/73d08e552d6745b173ccb1c0fafdd4ab_O1CN01a7z4be2Kebs4AKPaK_2208740189582-0-cib.jpg\" alt=\"Sprzeda\u017c hurtowa\" width=\"600\" height=\"600\" \/><img decoding=\"async\" class=\"aligncenter\" src=\"https:\/\/www.sellersunionagent.com\/wp-content\/uploads\/2022\/09\/3f0fd67042d274a60d59d00b82cea41.jpg\" alt=\"Sprzeda\u017c hurtowa\" \/> <img decoding=\"async\" class=\"aligncenter wp-image-10505\" src=\"https:\/\/www.sellersunionagent.com\/wp-content\/uploads\/2022\/09\/36eafab73450d859b9fd9250f26535c8_O1CN01I5iMqM2Kebs92j34V_2208740189582-0-cib___r__1658134198424.jpg\" alt=\"Sprzeda\u017c hurtowa\" width=\"600\" height=\"698\" \/> <img decoding=\"async\" class=\"wp-image-10513 aligncenter\" src=\"https:\/\/www.sellersunionagent.com\/wp-content\/uploads\/2022\/09\/O1CN01buKMJt2KebrqMov30_2208740189582-0-cib.jpg\" alt=\"Sprzeda\u017c hurtowa\" width=\"600\" height=\"600\" \/><img loading=\"lazy\" decoding=\"async\" class=\"aligncenter wp-image-10507\" src=\"https:\/\/www.sellersunionagent.com\/wp-content\/uploads\/2022\/09\/99bcd8231e4bba04db5aa2be1860354.jpg\" alt=\"Sprzeda\u017c hurtowa\" width=\"600\" height=\"425\" \/><img loading=\"lazy\" decoding=\"async\" class=\"aligncenter wp-image-10512\" src=\"https:\/\/www.sellersunionagent.com\/wp-content\/uploads\/2022\/09\/f01acace20a7be98d6c0846166f4b24.jpg\" alt=\"Sprzeda\u017c hurtowa\" width=\"600\" height=\"435\" \/> <img loading=\"lazy\" decoding=\"async\" class=\"aligncenter wp-image-10511\" src=\"https:\/\/www.sellersunionagent.com\/wp-content\/uploads\/2022\/09\/b7f18b439034052e7d55697de9fdc63e_O1CN01wB9vwU2Kebs50EyKZ_2208740189582-0-cib.jpg\" alt=\"Sprzeda\u017c hurtowa\" width=\"600\" height=\"600\" \/> <img loading=\"lazy\" decoding=\"async\" class=\"aligncenter wp-image-10509\" src=\"https:\/\/www.sellersunionagent.com\/wp-content\/uploads\/2022\/09\/22064163227_1430113251.jpg\" alt=\"Sprzeda\u017c hurtowa\" width=\"600\" height=\"600\" \/> <img loading=\"lazy\" decoding=\"async\" class=\"aligncenter wp-image-10508\" src=\"https:\/\/www.sellersunionagent.com\/wp-content\/uploads\/2022\/09\/22064142703_1430113251.jpg\" alt=\"Sprzeda\u017c hurtowa\" width=\"600\" height=\"600\" \/><\/li>\n<\/ul>","protected":false},"excerpt":{"rendered":"<p><strong>MOQ<\/strong>:  500 szt.<br \/>\n<strong>Bezp\u0142atna pr\u00f3bka<\/strong>:  Obs\u0142ugiwane<br \/>\n<strong>Personalizacja<\/strong>logo \/ kolor \/ materia\u0142y \/ opakowanie itp.<br \/>\n<strong>Zni\u017cka<\/strong>:  Pierwsze zam\u00f3wienia ju\u017c od 10% taniej.<br \/>\n<strong>Wska\u017anik terminowo\u015bci dostaw<\/strong>:\u00a0 100%<br \/>\n<strong>Przesy\u0142ki og\u00f3\u0142em<\/strong>:  10000 szt.<br \/>\n<strong>Wysy\u0142ka<\/strong>: Fracht morski Fracht l\u0105dowy<\/p>","protected":false},"featured_media":10506,"comment_status":"open","ping_status":"closed","template":"","meta":{"_acf_changed":false},"product_brand":[],"product_cat":[188],"product_tag":[193,60,50],"class_list":{"0":"post-10502","1":"product","2":"type-product","3":"status-publish","4":"has-post-thumbnail","6":"product_cat-kitchen","7":"product_tag-foldable","8":"product_tag-portable","9":"product_tag-wholesale","11":"first","12":"instock","13":"shipping-taxable","14":"product-type-simple","15":"swiper-slide"},"acf":[],"_links":{"self":[{"href":"https:\/\/www.sellersunionagent.com\/pl\/wp-json\/wp\/v2\/product\/10502","targetHints":{"allow":["GET"]}}],"collection":[{"href":"https:\/\/www.sellersunionagent.com\/pl\/wp-json\/wp\/v2\/product"}],"about":[{"href":"https:\/\/www.sellersunionagent.com\/pl\/wp-json\/wp\/v2\/types\/product"}],"replies":[{"embeddable":true,"href":"https:\/\/www.sellersunionagent.com\/pl\/wp-json\/wp\/v2\/comments?post=10502"}],"wp:featuredmedia":[{"embeddable":true,"href":"https:\/\/www.sellersunionagent.com\/pl\/wp-json\/wp\/v2\/media\/10506"}],"wp:attachment":[{"href":"https:\/\/www.sellersunionagent.com\/pl\/wp-json\/wp\/v2\/media?parent=10502"}],"wp:term":[{"taxonomy":"product_brand","embeddable":true,"href":"https:\/\/www.sellersunionagent.com\/pl\/wp-json\/wp\/v2\/product_brand?post=10502"},{"taxonomy":"product_cat","embeddable":true,"href":"https:\/\/www.sellersunionagent.com\/pl\/wp-json\/wp\/v2\/product_cat?post=10502"},{"taxonomy":"product_tag","embeddable":true,"href":"https:\/\/www.sellersunionagent.com\/pl\/wp-json\/wp\/v2\/product_tag?post=10502"}],"curies":[{"name":"wp","href":"https:\/\/api.w.org\/{rel}","templated":true}]}}