{"id":10482,"date":"2022-09-14T14:37:19","date_gmt":"2022-09-14T06:37:19","guid":{"rendered":"https:\/\/sellersunionagent.com\/?post_type=product&#038;p=10482"},"modified":"2022-09-14T14:37:39","modified_gmt":"2022-09-14T06:37:39","slug":"hurtowa-skladana-deska-do-krojenia-kuchenny-kosz-do-mycia","status":"publish","type":"product","link":"https:\/\/www.sellersunionagent.com\/pl\/wholesale-folding-cutting-board-kitchen-washing-basket\/","title":{"rendered":"Hurtowa sk\u0142adana deska do krojenia Kosz do mycia kuchni"},"content":{"rendered":"<div class=\"elementor-element elementor-element-42815df elementor-widget elementor-widget-heading\" data-id=\"42815df\" data-element_type=\"widget\" data-widget_type=\"heading.default\">\n<div class=\"elementor-widget-container\">\n<p class=\"elementor-heading-title elementor-size-default\"><strong>Typ<\/strong>: Kosz do przechowywania<\/p>\n<\/div>\n<\/div>\n<div class=\"elementor-element elementor-element-c17fac7 elementor-widget elementor-widget-woocommerce-product-short-description\" data-id=\"c17fac7\" data-element_type=\"widget\" data-widget_type=\"woocommerce-product-short-description.default\">\n<div class=\"elementor-widget-container\">\n<div class=\"woocommerce-product-details__short-description\">\n<p><strong>Numer pozycji:<\/strong> LF-ZD040<\/p>\n<p><strong>Rozmiar elementu<\/strong>: 40\u00d731,8\u00d713,5(3)CM<\/p>\n<p><strong>Kolory<\/strong>: R\u00f3\u017cowy\/szary\/niebieski\/fioletowy<\/p>\n<p><strong>Materia\u0142:<\/strong>pp+tpr<\/p>\n<\/div>\n<\/div>\n<\/div>\n<p>&nbsp;<\/p>\n<p>&nbsp;<\/p>\n<ul>\n<li>Wielofunkcyjno\u015b\u0107<\/li>\n<li>Materia\u0142 przyjazny dla \u015brodowiska<\/li>\n<li>Sk\u0142adany i przeno\u015bny<\/li>\n<li><img fetchpriority=\"high\" decoding=\"async\" class=\"aligncenter wp-image-10483\" src=\"https:\/\/www.sellersunionagent.com\/wp-content\/uploads\/2022\/09\/4d6913fcc84fa2f998a084ef3c300d3.jpg\" alt=\"Sprzeda\u017c hurtowa\" width=\"600\" height=\"286\" \/> <img decoding=\"async\" class=\"aligncenter wp-image-10488\" src=\"https:\/\/www.sellersunionagent.com\/wp-content\/uploads\/2022\/09\/O1CN01fPc9O02KebqqUGg2l_2208740189582-0-cib.jpg\" alt=\"Sprzeda\u017c hurtowa\" width=\"600\" height=\"600\" \/> <img decoding=\"async\" class=\"aligncenter wp-image-10486\" src=\"https:\/\/www.sellersunionagent.com\/wp-content\/uploads\/2022\/09\/1663134473183.png\" alt=\"Sprzeda\u017c hurtowa\" width=\"600\" height=\"449\" \/> <img loading=\"lazy\" decoding=\"async\" class=\"aligncenter wp-image-10485\" src=\"https:\/\/www.sellersunionagent.com\/wp-content\/uploads\/2022\/09\/22371923350_1430113251.jpg\" alt=\"Sprzeda\u017c hurtowa\" width=\"600\" height=\"600\" \/> <img loading=\"lazy\" decoding=\"async\" class=\"aligncenter wp-image-10484\" src=\"https:\/\/www.sellersunionagent.com\/wp-content\/uploads\/2022\/09\/22201173273_1430113251.jpg\" alt=\"Sprzeda\u017c hurtowa\" width=\"600\" height=\"600\" \/><\/li>\n<\/ul>","protected":false},"excerpt":{"rendered":"<p><strong>MOQ<\/strong>:  500 szt.<br \/>\n<strong>Bezp\u0142atna pr\u00f3bka<\/strong>:  Obs\u0142ugiwane<br \/>\n<strong>Personalizacja<\/strong>logo \/ kolor \/ materia\u0142y \/ opakowanie itp.<br \/>\n<strong>Zni\u017cka<\/strong>:  Pierwsze zam\u00f3wienia ju\u017c od 10% taniej.<br \/>\n<strong>Wska\u017anik terminowo\u015bci dostaw<\/strong>:\u00a0 100%<br \/>\n<strong>Przesy\u0142ki og\u00f3\u0142em<\/strong>:  10000 szt.<br \/>\n<strong>Wysy\u0142ka<\/strong>: Fracht morski Fracht l\u0105dowy<\/p>","protected":false},"featured_media":10487,"comment_status":"open","ping_status":"closed","template":"","meta":{"_acf_changed":false},"product_brand":[],"product_cat":[188],"product_tag":[196,48,50],"class_list":{"0":"post-10482","1":"product","2":"type-product","3":"status-publish","4":"has-post-thumbnail","6":"product_cat-kitchen","7":"product_tag-folding","8":"product_tag-large-capacity","9":"product_tag-wholesale","11":"first","12":"instock","13":"shipping-taxable","14":"product-type-simple","15":"swiper-slide"},"acf":[],"_links":{"self":[{"href":"https:\/\/www.sellersunionagent.com\/pl\/wp-json\/wp\/v2\/product\/10482","targetHints":{"allow":["GET"]}}],"collection":[{"href":"https:\/\/www.sellersunionagent.com\/pl\/wp-json\/wp\/v2\/product"}],"about":[{"href":"https:\/\/www.sellersunionagent.com\/pl\/wp-json\/wp\/v2\/types\/product"}],"replies":[{"embeddable":true,"href":"https:\/\/www.sellersunionagent.com\/pl\/wp-json\/wp\/v2\/comments?post=10482"}],"wp:featuredmedia":[{"embeddable":true,"href":"https:\/\/www.sellersunionagent.com\/pl\/wp-json\/wp\/v2\/media\/10487"}],"wp:attachment":[{"href":"https:\/\/www.sellersunionagent.com\/pl\/wp-json\/wp\/v2\/media?parent=10482"}],"wp:term":[{"taxonomy":"product_brand","embeddable":true,"href":"https:\/\/www.sellersunionagent.com\/pl\/wp-json\/wp\/v2\/product_brand?post=10482"},{"taxonomy":"product_cat","embeddable":true,"href":"https:\/\/www.sellersunionagent.com\/pl\/wp-json\/wp\/v2\/product_cat?post=10482"},{"taxonomy":"product_tag","embeddable":true,"href":"https:\/\/www.sellersunionagent.com\/pl\/wp-json\/wp\/v2\/product_tag?post=10482"}],"curies":[{"name":"wp","href":"https:\/\/api.w.org\/{rel}","templated":true}]}}