{"id":10474,"date":"2022-09-14T13:38:58","date_gmt":"2022-09-14T05:38:58","guid":{"rendered":"https:\/\/sellersunionagent.com\/?post_type=product&#038;p=10474"},"modified":"2022-09-14T13:43:59","modified_gmt":"2022-09-14T05:43:59","slug":"wielofunkcyjny-przenosny-zestaw-misek-skladanych-do-podrozy-sluzbowych","status":"publish","type":"product","link":"https:\/\/www.sellersunionagent.com\/pl\/multi-functional-travel-business-trip-portable-folding-bowl-set\/","title":{"rendered":"Wielofunkcyjny przeno\u015bny zestaw misek sk\u0142adanych do podr\u00f3\u017cy s\u0142u\u017cbowych"},"content":{"rendered":"<h2>Wielofunkcyjny przeno\u015bny zestaw misek sk\u0142adanych do podr\u00f3\u017cy s\u0142u\u017cbowych<\/h2>\n<div class=\"elementor-element elementor-element-42815df elementor-widget elementor-widget-heading\" data-id=\"42815df\" data-element_type=\"widget\" data-widget_type=\"heading.default\">\n<div class=\"elementor-widget-container\">\n<p class=\"elementor-heading-title elementor-size-default\"><strong>Typ<\/strong>: Zestaw misek<\/p>\n<\/div>\n<\/div>\n<div class=\"elementor-element elementor-element-c17fac7 elementor-widget elementor-widget-woocommerce-product-short-description\" data-id=\"c17fac7\" data-element_type=\"widget\" data-widget_type=\"woocommerce-product-short-description.default\">\n<div class=\"elementor-widget-container\">\n<div class=\"woocommerce-product-details__short-description\">\n<p><strong>Numer pozycji:<\/strong> LF-ZD027-3<\/p>\n<p><strong>Rozmiar elementu<\/strong>\u015br. 19\/15\/12cm<\/p>\n<p><strong>Kolory<\/strong>: R\u00f3\u017cowy\/zielony<\/p>\n<p><strong>Materia\u0142:<\/strong>pp+tpr<\/p>\n<\/div>\n<\/div>\n<\/div>\n<p>&nbsp;<\/p>\n<p>&nbsp;<\/p>\n<ul>\n<li>Wielofunkcyjno\u015b\u0107<\/li>\n<li>Materia\u0142 przyjazny dla \u015brodowiska<\/li>\n<li>Sk\u0142adany i przeno\u015bny<\/li>\n<\/ul>\n<p><img fetchpriority=\"high\" decoding=\"async\" class=\"aligncenter wp-image-10476\" src=\"https:\/\/www.sellersunionagent.com\/wp-content\/uploads\/2022\/09\/22165013201_1430113251.jpg\" alt=\"Wielofunkcyjno\u015b\u0107 \" width=\"600\" height=\"600\" \/> <img decoding=\"async\" class=\"aligncenter wp-image-10477\" src=\"https:\/\/www.sellersunionagent.com\/wp-content\/uploads\/2022\/09\/1663126526812.png\" alt=\"Wielofunkcyjno\u015b\u0107 \" width=\"600\" height=\"600\" \/> <img decoding=\"async\" class=\"aligncenter wp-image-10478\" src=\"https:\/\/www.sellersunionagent.com\/wp-content\/uploads\/2022\/09\/1663126547703.png\" alt=\"Wielofunkcyjno\u015b\u0107 \" width=\"600\" height=\"551\" \/> <img loading=\"lazy\" decoding=\"async\" class=\"aligncenter wp-image-10479\" src=\"https:\/\/www.sellersunionagent.com\/wp-content\/uploads\/2022\/09\/1663126594846.png\" alt=\"Wielofunkcyjno\u015b\u0107 \" width=\"600\" height=\"451\" \/> <img loading=\"lazy\" decoding=\"async\" class=\"aligncenter wp-image-10480\" src=\"https:\/\/www.sellersunionagent.com\/wp-content\/uploads\/2022\/09\/O1CN01jlqqqA2Keblr6XpBQ_2208740189582-0-cib.jpg\" alt=\"Wielofunkcyjno\u015b\u0107 \" width=\"600\" height=\"600\" \/><\/p>","protected":false},"excerpt":{"rendered":"<p><strong>MOQ<\/strong>:  500 szt.<br \/>\n<strong>Bezp\u0142atna pr\u00f3bka<\/strong>:  Obs\u0142ugiwane<br \/>\n<strong>Personalizacja<\/strong>logo \/ kolor \/ materia\u0142y \/ opakowanie itp.<br \/>\n<strong>Zni\u017cka<\/strong>:  Pierwsze zam\u00f3wienia ju\u017c od 10% taniej.<br \/>\n<strong>Wska\u017anik terminowo\u015bci dostaw<\/strong>:\u00a0 100%<br \/>\n<strong>Przesy\u0142ki og\u00f3\u0142em<\/strong>:  10000 szt.<br \/>\n<strong>Wysy\u0142ka<\/strong>: Fracht morski Fracht l\u0105dowy<\/p>","protected":false},"featured_media":10476,"comment_status":"open","ping_status":"closed","template":"","meta":{"_acf_changed":false},"product_brand":[],"product_cat":[188],"product_tag":[196,195,60],"class_list":{"0":"post-10474","1":"product","2":"type-product","3":"status-publish","4":"has-post-thumbnail","6":"product_cat-kitchen","7":"product_tag-folding","8":"product_tag-multi-functional","9":"product_tag-portable","11":"first","12":"instock","13":"shipping-taxable","14":"product-type-simple","15":"swiper-slide"},"acf":[],"_links":{"self":[{"href":"https:\/\/www.sellersunionagent.com\/pl\/wp-json\/wp\/v2\/product\/10474","targetHints":{"allow":["GET"]}}],"collection":[{"href":"https:\/\/www.sellersunionagent.com\/pl\/wp-json\/wp\/v2\/product"}],"about":[{"href":"https:\/\/www.sellersunionagent.com\/pl\/wp-json\/wp\/v2\/types\/product"}],"replies":[{"embeddable":true,"href":"https:\/\/www.sellersunionagent.com\/pl\/wp-json\/wp\/v2\/comments?post=10474"}],"wp:featuredmedia":[{"embeddable":true,"href":"https:\/\/www.sellersunionagent.com\/pl\/wp-json\/wp\/v2\/media\/10476"}],"wp:attachment":[{"href":"https:\/\/www.sellersunionagent.com\/pl\/wp-json\/wp\/v2\/media?parent=10474"}],"wp:term":[{"taxonomy":"product_brand","embeddable":true,"href":"https:\/\/www.sellersunionagent.com\/pl\/wp-json\/wp\/v2\/product_brand?post=10474"},{"taxonomy":"product_cat","embeddable":true,"href":"https:\/\/www.sellersunionagent.com\/pl\/wp-json\/wp\/v2\/product_cat?post=10474"},{"taxonomy":"product_tag","embeddable":true,"href":"https:\/\/www.sellersunionagent.com\/pl\/wp-json\/wp\/v2\/product_tag?post=10474"}],"curies":[{"name":"wp","href":"https:\/\/api.w.org\/{rel}","templated":true}]}}