{"id":10440,"date":"2022-09-09T11:53:18","date_gmt":"2022-09-09T03:53:18","guid":{"rendered":"https:\/\/sellersunionagent.com\/?post_type=product&#038;p=10440"},"modified":"2022-09-14T11:29:10","modified_gmt":"2022-09-14T03:29:10","slug":"producent-sprzedaz-bezposrednia-wielofunkcyjny-skladany-stojak-kuchenny-stojak-do-przechowywania-zastawy-stolowej","status":"publish","type":"product","link":"https:\/\/www.sellersunionagent.com\/pl\/manufacturer-direct-sales-multi-functional-folding-kitchen-drain-rack-tableware-storage-rack\/","title":{"rendered":"Producent Sprzeda\u017c bezpo\u015brednia Wielofunkcyjny sk\u0142adany stojak na naczynia kuchenne Stojak do przechowywania zastawy sto\u0142owej"},"content":{"rendered":"<div class=\"elementor-element elementor-element-42815df elementor-widget elementor-widget-heading\" data-id=\"42815df\" data-element_type=\"widget\" data-widget_type=\"heading.default\">\n<div class=\"elementor-widget-container\">\n<p class=\"elementor-heading-title elementor-size-default\"><strong>Typ<\/strong>: Rega\u0142 magazynowy<\/p>\n<\/div>\n<\/div>\n<div class=\"elementor-element elementor-element-c17fac7 elementor-widget elementor-widget-woocommerce-product-short-description\" data-id=\"c17fac7\" data-element_type=\"widget\" data-widget_type=\"woocommerce-product-short-description.default\">\n<div class=\"elementor-widget-container\">\n<div class=\"woocommerce-product-details__short-description\">\n<p><strong>Numer pozycji:<\/strong> LF-ZD022<\/p>\n<p><strong>Rozmiar elementu<\/strong>: 36,5x31x12,5(5,5)cm<\/p>\n<p><strong>Kolory<\/strong>: Szary\/niebieski<\/p>\n<p><strong>Materia\u0142:<\/strong>pp+tpr<\/p>\n<\/div>\n<\/div>\n<\/div>\n<p>&nbsp;<\/p>\n<p>&nbsp;<\/p>\n<ul>\n<li>Du\u017ca pojemno\u015b\u0107<\/li>\n<li>Wielofunkcyjno\u015b\u0107<\/li>\n<li>Wyb\u00f3r materia\u0142u<\/li>\n<li>Sk\u0142adany i przeno\u015bny<\/li>\n<li style=\"list-style-type: none\"><img fetchpriority=\"high\" decoding=\"async\" class=\"aligncenter wp-image-10448\" src=\"https:\/\/www.sellersunionagent.com\/wp-content\/uploads\/2022\/09\/O1CN01sljA362KebqofPeWc_2208740189582-0-cib.jpg\" alt=\"Sprzeda\u017c bezpo\u015brednia producenta\" width=\"600\" height=\"600\" \/><img decoding=\"async\" class=\"aligncenter wp-image-10445\" src=\"https:\/\/www.sellersunionagent.com\/wp-content\/uploads\/2022\/09\/22093161138_1430113251.jpg\" alt=\"Sprzeda\u017c bezpo\u015brednia producenta\" width=\"600\" height=\"600\" \/><img decoding=\"async\" class=\"aligncenter wp-image-10449\" src=\"https:\/\/www.sellersunionagent.com\/wp-content\/uploads\/2022\/09\/2e6511c40fd0c2d67351772e9f5198d9_22092504382_1430113251-1.jpg\" alt=\"Sprzeda\u017c bezpo\u015brednia producenta\" width=\"600\" height=\"346\" \/> <img loading=\"lazy\" decoding=\"async\" class=\"aligncenter wp-image-10450\" src=\"https:\/\/www.sellersunionagent.com\/wp-content\/uploads\/2022\/09\/6b115635e559d97ece6140e8e15b0f97_22264073104_1430113251.jpg\" alt=\"Sprzeda\u017c bezpo\u015brednia producenta\" width=\"600\" height=\"600\" \/> <img loading=\"lazy\" decoding=\"async\" class=\"aligncenter wp-image-10452\" src=\"https:\/\/www.sellersunionagent.com\/wp-content\/uploads\/2022\/09\/cb5c5b7036f4719affb6e4fc12629056_22093269282_1430113251.jpg\" alt=\"Sprzeda\u017c bezpo\u015brednia producenta\" width=\"600\" height=\"600\" \/><\/li>\n<li style=\"list-style-type: none\"><img loading=\"lazy\" decoding=\"async\" class=\"aligncenter wp-image-10443\" src=\"https:\/\/www.sellersunionagent.com\/wp-content\/uploads\/2022\/09\/08eeda64468f12fbd2579c2fefc48fef_22092519248_1430113251.jpg\" alt=\"Sprzeda\u017c bezpo\u015brednia producenta\" width=\"750\" height=\"242\" \/><\/li>\n<li style=\"list-style-type: none\"><img loading=\"lazy\" decoding=\"async\" class=\"aligncenter wp-image-10446 size-full\" src=\"https:\/\/www.sellersunionagent.com\/wp-content\/uploads\/2022\/09\/a970c067e4df2392c6efaa1c0c8a1455_22092525005_1430113251.jpg\" alt=\"Sprzeda\u017c bezpo\u015brednia producenta\" width=\"750\" height=\"244\" \/><\/li>\n<li style=\"list-style-type: none\"><img loading=\"lazy\" decoding=\"async\" class=\"aligncenter wp-image-10444\" src=\"https:\/\/www.sellersunionagent.com\/wp-content\/uploads\/2022\/09\/5513a42de9163b1848915e4012297cc6_22263317979_1430113251.jpg\" alt=\"Sprzeda\u017c bezpo\u015brednia producenta\" width=\"600\" height=\"792\" \/><\/li>\n<\/ul>","protected":false},"excerpt":{"rendered":"<p><strong>MOQ<\/strong>:  500 szt.<br \/>\n<strong>Bezp\u0142atna pr\u00f3bka<\/strong>:  Obs\u0142ugiwane<br \/>\n<strong>Personalizacja<\/strong>logo \/ kolor \/ materia\u0142y \/ opakowanie itp.<br \/>\n<strong>Zni\u017cka<\/strong>:  Pierwsze zam\u00f3wienia ju\u017c od 10% taniej.<br \/>\n<strong>Wska\u017anik terminowo\u015bci dostaw<\/strong>:\u00a0 100%<br \/>\n<strong>Przesy\u0142ki og\u00f3\u0142em<\/strong>:  10000 szt.<br \/>\n<strong>Wysy\u0142ka<\/strong>: Fracht morski Fracht l\u0105dowy<\/p>","protected":false},"featured_media":10450,"comment_status":"open","ping_status":"closed","template":"","meta":{"_acf_changed":false},"product_brand":[],"product_cat":[31,188],"product_tag":[194,89],"class_list":{"0":"post-10440","1":"product","2":"type-product","3":"status-publish","4":"has-post-thumbnail","6":"product_cat-home-storage","7":"product_cat-kitchen","8":"product_tag-manufacturer-direct-sales","9":"product_tag-multi-function","11":"first","12":"instock","13":"shipping-taxable","14":"product-type-simple","15":"swiper-slide"},"acf":[],"_links":{"self":[{"href":"https:\/\/www.sellersunionagent.com\/pl\/wp-json\/wp\/v2\/product\/10440","targetHints":{"allow":["GET"]}}],"collection":[{"href":"https:\/\/www.sellersunionagent.com\/pl\/wp-json\/wp\/v2\/product"}],"about":[{"href":"https:\/\/www.sellersunionagent.com\/pl\/wp-json\/wp\/v2\/types\/product"}],"replies":[{"embeddable":true,"href":"https:\/\/www.sellersunionagent.com\/pl\/wp-json\/wp\/v2\/comments?post=10440"}],"wp:featuredmedia":[{"embeddable":true,"href":"https:\/\/www.sellersunionagent.com\/pl\/wp-json\/wp\/v2\/media\/10450"}],"wp:attachment":[{"href":"https:\/\/www.sellersunionagent.com\/pl\/wp-json\/wp\/v2\/media?parent=10440"}],"wp:term":[{"taxonomy":"product_brand","embeddable":true,"href":"https:\/\/www.sellersunionagent.com\/pl\/wp-json\/wp\/v2\/product_brand?post=10440"},{"taxonomy":"product_cat","embeddable":true,"href":"https:\/\/www.sellersunionagent.com\/pl\/wp-json\/wp\/v2\/product_cat?post=10440"},{"taxonomy":"product_tag","embeddable":true,"href":"https:\/\/www.sellersunionagent.com\/pl\/wp-json\/wp\/v2\/product_tag?post=10440"}],"curies":[{"name":"wp","href":"https:\/\/api.w.org\/{rel}","templated":true}]}}