{"id":10427,"date":"2022-09-09T11:27:02","date_gmt":"2022-09-09T03:27:02","guid":{"rendered":"https:\/\/sellersunionagent.com\/?post_type=product&#038;p=10427"},"modified":"2022-09-09T11:27:02","modified_gmt":"2022-09-09T03:27:02","slug":"wielofunkcyjny-przenosny-skladany-kuchenny-kosz-do-odsaczania","status":"publish","type":"product","link":"https:\/\/www.sellersunionagent.com\/pl\/multifunctional-portable-folding-kitchen-draining-basket\/","title":{"rendered":"Wielofunkcyjny przeno\u015bny sk\u0142adany kuchenny kosz do ods\u0105czania"},"content":{"rendered":"<div class=\"elementor-element elementor-element-42815df elementor-widget elementor-widget-heading\" data-id=\"42815df\" data-element_type=\"widget\" data-widget_type=\"heading.default\">\n<div class=\"elementor-widget-container\">\n<h2>Wielofunkcyjny przeno\u015bny sk\u0142adany kuchenny kosz do ods\u0105czania<\/h2>\n<\/div>\n<\/div>\n<div class=\"elementor-element elementor-element-42815df elementor-widget elementor-widget-heading\" data-id=\"42815df\" data-element_type=\"widget\" data-widget_type=\"heading.default\">\n<div class=\"elementor-widget-container\">\n<p class=\"elementor-heading-title elementor-size-default\"><strong>Typ<\/strong>: Kosz do przechowywania<\/p>\n<\/div>\n<\/div>\n<div class=\"elementor-element elementor-element-c17fac7 elementor-widget elementor-widget-woocommerce-product-short-description\" data-id=\"c17fac7\" data-element_type=\"widget\" data-widget_type=\"woocommerce-product-short-description.default\">\n<div class=\"elementor-widget-container\">\n<div class=\"woocommerce-product-details__short-description\">\n<p><strong>Numer pozycji:<\/strong> LF-ZD022<\/p>\n<p><strong>Rozmiar elementu<\/strong>: 36,5x31x12,5(5,5)cm<\/p>\n<p><strong>Kolory<\/strong>: Szary\/zielony\/niebieski\/r\u00f3\u017cowy<\/p>\n<p><strong>Materia\u0142:<\/strong>pp+tpr<\/p>\n<\/div>\n<\/div>\n<\/div>\n<p>&nbsp;<\/p>\n<p>&nbsp;<\/p>\n<ul>\n<li>Du\u017ca pojemno\u015b\u0107<\/li>\n<li>Wielofunkcyjno\u015b\u0107<\/li>\n<li>Wyb\u00f3r materia\u0142u<\/li>\n<li>Sk\u0142adany i przeno\u015bny<\/li>\n<li style=\"list-style-type: none\"><\/li>\n<\/ul>\n<p><img fetchpriority=\"high\" decoding=\"async\" class=\"aligncenter wp-image-10431\" src=\"https:\/\/www.sellersunionagent.com\/wp-content\/uploads\/2022\/09\/O1CN01imr4Ox2KebmeWP8Rh_2208740189582-0-cib.jpg\" alt=\"\" width=\"600\" height=\"600\" \/><img decoding=\"async\" class=\"aligncenter wp-image-10438\" src=\"https:\/\/www.sellersunionagent.com\/wp-content\/uploads\/2022\/09\/9c952a6f41ec2cd8314d2b069116779b_O1CN01hp2MOI2KebmOjKAxP_2208740189582-0-cib-1.jpg\" alt=\"\" width=\"600\" height=\"490\" \/><\/p>\n<p><img decoding=\"async\" class=\"aligncenter wp-image-10429\" src=\"https:\/\/www.sellersunionagent.com\/wp-content\/uploads\/2022\/09\/04c9b35e1ca4efc02e7879b5a7b2fc6c_22059798059_1430113251.jpg\" alt=\"\" width=\"600\" height=\"600\" \/><img loading=\"lazy\" decoding=\"async\" class=\"aligncenter wp-image-10428\" src=\"https:\/\/www.sellersunionagent.com\/wp-content\/uploads\/2022\/09\/2bd922a45246876794dec682fe5804c0_22230374502_1430113251.jpg\" alt=\"\" width=\"600\" height=\"694\" \/><br \/>\n<img loading=\"lazy\" decoding=\"async\" class=\"aligncenter wp-image-10434\" src=\"https:\/\/www.sellersunionagent.com\/wp-content\/uploads\/2022\/09\/69a9c6d43b201bb877940fc2ac8cccf4_22140235745_1430113251.jpg\" alt=\"\" width=\"600\" height=\"600\" \/><img loading=\"lazy\" decoding=\"async\" class=\"aligncenter wp-image-10430\" src=\"https:\/\/www.sellersunionagent.com\/wp-content\/uploads\/2022\/09\/e39a0ee24498eef9beb1e2251cded8ae_22060047132_1430113251.jpg\" alt=\"\" width=\"600\" height=\"892\" \/> <img loading=\"lazy\" decoding=\"async\" class=\"aligncenter wp-image-10432\" src=\"https:\/\/www.sellersunionagent.com\/wp-content\/uploads\/2022\/09\/e07c16f02c1e883fc0b888c32ecdb6f0_22060035537_1430113251.jpg\" alt=\"\" width=\"600\" height=\"400\" \/><\/p>","protected":false},"excerpt":{"rendered":"<p><strong>MOQ<\/strong>:  500 szt.<br \/>\n<strong>Bezp\u0142atna pr\u00f3bka<\/strong>:  Obs\u0142ugiwane<br \/>\n<strong>Personalizacja<\/strong>logo \/ kolor \/ materia\u0142y \/ opakowanie itp.<br \/>\n<strong>Zni\u017cka<\/strong>:  Pierwsze zam\u00f3wienia ju\u017c od 10% taniej.<br \/>\n<strong>Wska\u017anik terminowo\u015bci dostaw<\/strong>:\u00a0 100%<br \/>\n<strong>Przesy\u0142ki og\u00f3\u0142em<\/strong>:  10000 szt.<br \/>\n<strong>Wysy\u0142ka<\/strong>: Fracht morski Fracht l\u0105dowy<\/p>","protected":false},"featured_media":10435,"comment_status":"open","ping_status":"closed","template":"","meta":{"_acf_changed":false},"product_brand":[],"product_cat":[188,31],"product_tag":[193,192],"class_list":{"0":"post-10427","1":"product","2":"type-product","3":"status-publish","4":"has-post-thumbnail","6":"product_cat-kitchen","7":"product_cat-home-storage","8":"product_tag-foldable","9":"product_tag-kitchen-draining-basket","11":"first","12":"instock","13":"shipping-taxable","14":"product-type-simple","15":"swiper-slide"},"acf":[],"_links":{"self":[{"href":"https:\/\/www.sellersunionagent.com\/pl\/wp-json\/wp\/v2\/product\/10427","targetHints":{"allow":["GET"]}}],"collection":[{"href":"https:\/\/www.sellersunionagent.com\/pl\/wp-json\/wp\/v2\/product"}],"about":[{"href":"https:\/\/www.sellersunionagent.com\/pl\/wp-json\/wp\/v2\/types\/product"}],"replies":[{"embeddable":true,"href":"https:\/\/www.sellersunionagent.com\/pl\/wp-json\/wp\/v2\/comments?post=10427"}],"wp:featuredmedia":[{"embeddable":true,"href":"https:\/\/www.sellersunionagent.com\/pl\/wp-json\/wp\/v2\/media\/10435"}],"wp:attachment":[{"href":"https:\/\/www.sellersunionagent.com\/pl\/wp-json\/wp\/v2\/media?parent=10427"}],"wp:term":[{"taxonomy":"product_brand","embeddable":true,"href":"https:\/\/www.sellersunionagent.com\/pl\/wp-json\/wp\/v2\/product_brand?post=10427"},{"taxonomy":"product_cat","embeddable":true,"href":"https:\/\/www.sellersunionagent.com\/pl\/wp-json\/wp\/v2\/product_cat?post=10427"},{"taxonomy":"product_tag","embeddable":true,"href":"https:\/\/www.sellersunionagent.com\/pl\/wp-json\/wp\/v2\/product_tag?post=10427"}],"curies":[{"name":"wp","href":"https:\/\/api.w.org\/{rel}","templated":true}]}}