{"id":10342,"date":"2022-09-02T17:21:34","date_gmt":"2022-09-02T09:21:34","guid":{"rendered":"https:\/\/sellersunionagent.com\/?post_type=product&#038;p=10342"},"modified":"2022-09-02T17:21:35","modified_gmt":"2022-09-02T09:21:35","slug":"hurtowa-wielofunkcyjna-polka-obrotowa","status":"publish","type":"product","link":"https:\/\/www.sellersunionagent.com\/pl\/wholesale-multifunctional-rotatable-shelf\/","title":{"rendered":"Hurtownia wielofunkcyjnych p\u00f3\u0142ek obrotowych"},"content":{"rendered":"<h2 id=\"title\" class=\"a-size-large a-spacing-none\"><span id=\"productTitle\" class=\"a-size-large product-title-word-break\">Wielowarstwowy kuchenny stojak do przechowywania Obrotowy organizer na warzywa P\u00f3\u0142ka na przyprawy<\/span><\/h2>\n<p>&nbsp;<\/p>\n<p>1. DU\u017bA POJEMNO\u015a\u0106, REGULOWANA i OD\u0141\u0104CZANA<br \/>\n2. WIELOFUNKCYJNY<br \/>\n3. wysokiej jako\u015bci materia\u0142y i konstrukcja<br \/>\n4. DOBRA OBS\u0141UGA<\/p>\n<p>&nbsp;<\/p>\n<p style=\"text-align: center\"><strong>Typ<\/strong>: Przechowywanie w domu<\/p>\n<p style=\"text-align: center\"><strong>Numer pozycji:<\/strong> YM-6329 YM-6330<\/p>\n<p style=\"text-align: center\"><strong>Rozmiar elementu<\/strong>:<\/p>\n<p style=\"text-align: center\">25cm\/30cm<\/p>\n<p style=\"text-align: center\"><strong>Waga przedmiotu<\/strong>328g\u3001423g<\/p>\n<p style=\"text-align: center\"><strong>Kolory<\/strong>: Bia\u0142y + szary<br \/>\nBia\u0142y + niebieski<\/p>\n<p style=\"text-align: center\"><img fetchpriority=\"high\" decoding=\"async\" class=\"aligncenter wp-image-10346\" src=\"https:\/\/www.sellersunionagent.com\/wp-content\/uploads\/2022\/09\/O1CN013QvD9C1KlTaiqrM0S_1681711204-0-cib.jpg\" alt=\"Przechowywanie w kuchni\" width=\"600\" height=\"600\" \/> <img decoding=\"async\" class=\"aligncenter wp-image-10345\" src=\"https:\/\/www.sellersunionagent.com\/wp-content\/uploads\/2022\/09\/O1CN01Z1Cakz1KlTaiqsxog_1681711204-0-cib.jpg\" alt=\"Przechowywanie w kuchni\" width=\"600\" height=\"600\" \/> <img decoding=\"async\" class=\"aligncenter wp-image-10343\" src=\"https:\/\/www.sellersunionagent.com\/wp-content\/uploads\/2022\/09\/O1CN01Gl6wJQ1SRnV71Y6l8_6000000002244-0-tbvideo.jpg\" alt=\"Przechowywanie w kuchni\" width=\"600\" height=\"800\" \/> <img loading=\"lazy\" decoding=\"async\" class=\"alignnone wp-image-10344\" src=\"https:\/\/www.sellersunionagent.com\/wp-content\/uploads\/2022\/09\/O1CN01utvUeW1KlTaiwRyPU_1681711204-0-cib.jpg\" alt=\"Przechowywanie w kuchni\" width=\"600\" height=\"600\" \/><\/p>","protected":false},"excerpt":{"rendered":"<p><strong>MOQ<\/strong>:  1000 szt.<br \/>\n<strong>Bezp\u0142atna pr\u00f3bka<\/strong>:  Obs\u0142ugiwane<br \/>\n<strong>Personalizacja<\/strong>logo \/ kolor \/ materia\u0142y \/ opakowanie itp.<br \/>\n<strong>Zni\u017cka<\/strong>:  Pierwsze zam\u00f3wienia ju\u017c od 10% taniej.<br \/>\n<strong>Wska\u017anik terminowo\u015bci dostaw<\/strong>:\u00a0 100%<br \/>\n<strong>Przesy\u0142ki og\u00f3\u0142em<\/strong>:  10000 szt.<br \/>\n<strong>Wysy\u0142ka<\/strong>: Fracht morski Fracht l\u0105dowy<\/p>","protected":false},"featured_media":10347,"comment_status":"open","ping_status":"closed","template":"","meta":{"_acf_changed":false},"product_brand":[],"product_cat":[31,188],"product_tag":[87,46,73],"class_list":{"0":"post-10342","1":"product","2":"type-product","3":"status-publish","4":"has-post-thumbnail","6":"product_cat-home-storage","7":"product_cat-kitchen","8":"product_tag-bulk-wholesale","9":"product_tag-customization","10":"product_tag-home-storagewholesaledurable","12":"first","13":"instock","14":"shipping-taxable","15":"product-type-simple","16":"swiper-slide"},"acf":[],"_links":{"self":[{"href":"https:\/\/www.sellersunionagent.com\/pl\/wp-json\/wp\/v2\/product\/10342","targetHints":{"allow":["GET"]}}],"collection":[{"href":"https:\/\/www.sellersunionagent.com\/pl\/wp-json\/wp\/v2\/product"}],"about":[{"href":"https:\/\/www.sellersunionagent.com\/pl\/wp-json\/wp\/v2\/types\/product"}],"replies":[{"embeddable":true,"href":"https:\/\/www.sellersunionagent.com\/pl\/wp-json\/wp\/v2\/comments?post=10342"}],"wp:featuredmedia":[{"embeddable":true,"href":"https:\/\/www.sellersunionagent.com\/pl\/wp-json\/wp\/v2\/media\/10347"}],"wp:attachment":[{"href":"https:\/\/www.sellersunionagent.com\/pl\/wp-json\/wp\/v2\/media?parent=10342"}],"wp:term":[{"taxonomy":"product_brand","embeddable":true,"href":"https:\/\/www.sellersunionagent.com\/pl\/wp-json\/wp\/v2\/product_brand?post=10342"},{"taxonomy":"product_cat","embeddable":true,"href":"https:\/\/www.sellersunionagent.com\/pl\/wp-json\/wp\/v2\/product_cat?post=10342"},{"taxonomy":"product_tag","embeddable":true,"href":"https:\/\/www.sellersunionagent.com\/pl\/wp-json\/wp\/v2\/product_tag?post=10342"}],"curies":[{"name":"wp","href":"https:\/\/api.w.org\/{rel}","templated":true}]}}