{"id":10330,"date":"2022-09-02T13:53:13","date_gmt":"2022-09-02T05:53:13","guid":{"rendered":"https:\/\/sellersunionagent.com\/?post_type=product&#038;p=10330"},"modified":"2022-09-02T13:53:16","modified_gmt":"2022-09-02T05:53:16","slug":"hurtowy-domowy-kosz-do-przechowywania-w-kuchni","status":"publish","type":"product","link":"https:\/\/www.sellersunionagent.com\/pl\/wholesale-household-storage-basket-for-kitchen\/","title":{"rendered":"Hurtowy kosz do przechowywania artyku\u0142\u00f3w gospodarstwa domowego do kuchni"},"content":{"rendered":"<h2 id=\"title\" class=\"a-size-large a-spacing-none\"><span id=\"productTitle\" class=\"a-size-large product-title-word-break\">Domowy kosz do przechowywania \u017cywno\u015bci do kuchni, blat\u00f3w, szafek, lod\u00f3wek, zamra\u017carek, sypialni, \u0142azienek\u00a0<\/span><\/h2>\n<p>&nbsp;<\/p>\n<p>&nbsp;<\/p>\n<ul>\n<li>Praktyczna konstrukcja pomaga zmaksymalizowa\u0107 przestrze\u0144. U\u017cywaj ich obok siebie, aby przedmioty by\u0142y uporz\u0105dkowane i \u0142atwe do znalezienia.<\/li>\n<\/ul>\n<p>&nbsp;<\/p>\n<p>&nbsp;<\/p>\n<ul>\n<li>Idealny do kuchni, blat\u00f3w, p\u00f3\u0142ek spi\u017carni, lod\u00f3wek, zamra\u017carek, szafek, \u015bwietny do szaf, sypialni, \u0142azienek, pralni, pomieszcze\u0144 rzemie\u015blniczych, b\u0142otnik\u00f3w, biur, pokoj\u00f3w zabaw, gara\u017cy lub dowolnego pomieszczenia w domu \/ mieszkaniu \/ mieszkaniu \/ akademiku \/ kamperze lub kamperze.<\/li>\n<\/ul>\n<p>&nbsp;<\/p>\n<p>&nbsp;<\/p>\n<ul>\n<li>Doskona\u0142e do przechowywania suchych produkt\u00f3w w spi\u017carni, takich jak zupy, paczki \u017cywno\u015bciowe, aromaty, artyku\u0142y do pieczenia, torebki z przek\u0105skami, \u017cywno\u015b\u0107 w pude\u0142kach, konserwy. Ziemniaki, cebula i inne. U\u017cyj go jako organizera do lod\u00f3wki do przechowywania owoc\u00f3w, warzyw, jogurt\u00f3w, sera lub mi\u0119sa w lod\u00f3wce lub zamra\u017carce.<\/li>\n<\/ul>\n<p style=\"text-align: center\"><strong>Typ<\/strong>: Przechowywanie w domu<\/p>\n<p style=\"text-align: center\"><strong>Numer pozycji:<\/strong> YM6446-6448<\/p>\n<p style=\"text-align: center\"><strong>Rozmiar elementu<\/strong>:<\/p>\n<p style=\"text-align: center\">Pude\u0142ko wewn\u0119trzne: 31,5*12,5*9,5cm<br \/>\nRozmiar produktu: 12,9 * 9,5 * 32,9 cm<\/p>\n<p style=\"text-align: center\">13,2*6,9*28,1 cm<\/p>\n<p style=\"text-align: center\">Pude\u0142ko wewn\u0119trzne: 31,5*12*11cm<br \/>\nRozmiar produktu: 12,6 * 11,5 * 32,6 cm<\/p>\n<p style=\"text-align: center\"><strong>Waga przedmiotu<\/strong>: 374g,391g,607g<\/p>\n<p style=\"text-align: center\"><strong>Kolory<\/strong>: turkusowy, ciemnozielony, przezroczysty<\/p>\n<p style=\"text-align: center\"><strong>Materia\u0142:<\/strong>PET + stal nierdzewna<\/p>\n<p><img fetchpriority=\"high\" decoding=\"async\" class=\"aligncenter wp-image-10333\" src=\"https:\/\/www.sellersunionagent.com\/wp-content\/uploads\/2022\/09\/O1CN0104mab91KlTXMS0jWJ_1681711204-0-cib.jpg\" alt=\"Przechowywanie w kuchni\" width=\"600\" height=\"600\" \/> <img decoding=\"async\" class=\"aligncenter wp-image-10332\" src=\"https:\/\/www.sellersunionagent.com\/wp-content\/uploads\/2022\/09\/O1CN01pPz4gT1KlTXN1OxQj_1681711204-0-cib.jpg\" alt=\"Przechowywanie w kuchni\" width=\"600\" height=\"600\" \/> <img decoding=\"async\" class=\"aligncenter wp-image-10331\" src=\"https:\/\/www.sellersunionagent.com\/wp-content\/uploads\/2022\/09\/O1CN01klayzy1KlTXQTA6pN_1681711204-0-cib.jpg\" alt=\"Przechowywanie w kuchni\" width=\"600\" height=\"600\" \/><\/p>","protected":false},"excerpt":{"rendered":"<p><strong>MOQ<\/strong>:  1000 szt.<br \/>\n<strong>Bezp\u0142atna pr\u00f3bka<\/strong>:  Obs\u0142ugiwane<br \/>\n<strong>Personalizacja<\/strong>logo \/ kolor \/ materia\u0142y \/ opakowanie itp.<br \/>\n<strong>Zni\u017cka<\/strong>:  Pierwsze zam\u00f3wienia ju\u017c od 10% taniej.<br \/>\n<strong>Wska\u017anik terminowo\u015bci dostaw<\/strong>:\u00a0 100%<br \/>\n<strong>Przesy\u0142ki og\u00f3\u0142em<\/strong>:  10000 szt.<br \/>\n<strong>Wysy\u0142ka<\/strong>: Fracht morski Fracht l\u0105dowy<\/p>","protected":false},"featured_media":10334,"comment_status":"open","ping_status":"closed","template":"","meta":{"_acf_changed":false},"product_brand":[],"product_cat":[31,188],"product_tag":[87,46,73],"class_list":{"0":"post-10330","1":"product","2":"type-product","3":"status-publish","4":"has-post-thumbnail","6":"product_cat-home-storage","7":"product_cat-kitchen","8":"product_tag-bulk-wholesale","9":"product_tag-customization","10":"product_tag-home-storagewholesaledurable","12":"first","13":"instock","14":"shipping-taxable","15":"product-type-simple","16":"swiper-slide"},"acf":[],"_links":{"self":[{"href":"https:\/\/www.sellersunionagent.com\/pl\/wp-json\/wp\/v2\/product\/10330","targetHints":{"allow":["GET"]}}],"collection":[{"href":"https:\/\/www.sellersunionagent.com\/pl\/wp-json\/wp\/v2\/product"}],"about":[{"href":"https:\/\/www.sellersunionagent.com\/pl\/wp-json\/wp\/v2\/types\/product"}],"replies":[{"embeddable":true,"href":"https:\/\/www.sellersunionagent.com\/pl\/wp-json\/wp\/v2\/comments?post=10330"}],"wp:featuredmedia":[{"embeddable":true,"href":"https:\/\/www.sellersunionagent.com\/pl\/wp-json\/wp\/v2\/media\/10334"}],"wp:attachment":[{"href":"https:\/\/www.sellersunionagent.com\/pl\/wp-json\/wp\/v2\/media?parent=10330"}],"wp:term":[{"taxonomy":"product_brand","embeddable":true,"href":"https:\/\/www.sellersunionagent.com\/pl\/wp-json\/wp\/v2\/product_brand?post=10330"},{"taxonomy":"product_cat","embeddable":true,"href":"https:\/\/www.sellersunionagent.com\/pl\/wp-json\/wp\/v2\/product_cat?post=10330"},{"taxonomy":"product_tag","embeddable":true,"href":"https:\/\/www.sellersunionagent.com\/pl\/wp-json\/wp\/v2\/product_tag?post=10330"}],"curies":[{"name":"wp","href":"https:\/\/api.w.org\/{rel}","templated":true}]}}