{"id":10316,"date":"2022-09-01T18:41:13","date_gmt":"2022-09-01T10:41:13","guid":{"rendered":"https:\/\/sellersunionagent.com\/?post_type=product&#038;p=10316"},"modified":"2022-09-02T12:28:11","modified_gmt":"2022-09-02T04:28:11","slug":"goraca-sprzedaz-stojacy-kosz-do-przechowywania","status":"publish","type":"product","link":"https:\/\/www.sellersunionagent.com\/pl\/hot-sales-floor-standing-stackable-storage-basket\/","title":{"rendered":"Gor\u0105ca sprzeda\u017c Stoj\u0105cy kosz do przechowywania z mo\u017cliwo\u015bci\u0105 uk\u0142adania w stosy"},"content":{"rendered":"<h2 id=\"title\" class=\"a-size-large a-spacing-none\"><span id=\"productTitle\" class=\"a-size-large product-title-word-break\">Organizery domowe do pralni, \u0142azienek, sypialni, kuchni, szafek, na blat, pod zlew\u00a0<\/span><\/h2>\n<p>&nbsp;<\/p>\n<ul>\n<li>KONFIGURACJA PRODUKTU<\/li>\n<\/ul>\n<p>&nbsp;<\/p>\n<ul>\n<li>TRWA\u0141O\u015a\u0106 i BEZPIECZE\u0143STWO<\/li>\n<\/ul>\n<p>&nbsp;<\/p>\n<ul>\n<li>WIELOZADANIOWO\u015a\u0106<\/li>\n<\/ul>\n<p>&nbsp;<\/p>\n<ul>\n<li>\u0141ATWY W U\u017bYCIU<\/li>\n<\/ul>\n<p>&nbsp;<\/p>\n<ul>\n<li>100% ZADOWOLONY SERWIS<\/li>\n<\/ul>\n<p style=\"text-align: center\"><strong>Typ<\/strong>: Przechowywanie w domu<\/p>\n<p style=\"text-align: center\"><strong>Numer pozycji:<\/strong> YM6184<\/p>\n<p style=\"text-align: center\"><strong>Rozmiar elementu<\/strong>:<\/p>\n<p style=\"text-align: center\">31*27,5*25cm<\/p>\n<p style=\"text-align: center\"><strong>Waga przedmiotu<\/strong>: 690g<\/p>\n<p style=\"text-align: center\"><strong>Kolory<\/strong>: Bia\u0142y<\/p>\n<p style=\"text-align: center\"><img fetchpriority=\"high\" decoding=\"async\" class=\"aligncenter wp-image-10317\" src=\"https:\/\/www.sellersunionagent.com\/wp-content\/uploads\/2022\/09\/O1CN01hgCtyv1KlTayPQfNU_1681711204-0-cib.jpg\" alt=\"Przechowywanie w kuchni\" width=\"600\" height=\"600\" \/> <img decoding=\"async\" class=\"aligncenter wp-image-10318\" src=\"https:\/\/www.sellersunionagent.com\/wp-content\/uploads\/2022\/09\/O1CN01hpGkJK1KlTb1Gn5cp_1681711204-0-cib.jpg\" alt=\"Przechowywanie w kuchni\" width=\"600\" height=\"600\" \/> <img decoding=\"async\" class=\"aligncenter wp-image-10319\" src=\"https:\/\/www.sellersunionagent.com\/wp-content\/uploads\/2022\/09\/O1CN01OVyEVG1KlTawJ9Ra6_1681711204-0-cib.jpg\" alt=\"Przechowywanie w kuchni\" width=\"600\" height=\"600\" \/> <img loading=\"lazy\" decoding=\"async\" class=\"aligncenter wp-image-10320\" src=\"https:\/\/www.sellersunionagent.com\/wp-content\/uploads\/2022\/09\/O1CN01sH3Xxe1KlTay0dkuk_1681711204-0-cib.jpg\" alt=\"Przechowywanie w kuchni\" width=\"600\" height=\"600\" \/> <img loading=\"lazy\" decoding=\"async\" class=\"aligncenter wp-image-10321\" src=\"https:\/\/www.sellersunionagent.com\/wp-content\/uploads\/2022\/09\/O1CN01X84iic1KlTb0cuaes_1681711204-0-cib.jpg\" alt=\"Przechowywanie w kuchni\" width=\"600\" height=\"600\" \/><\/p>","protected":false},"excerpt":{"rendered":"<p><strong>MOQ<\/strong>:  1000 szt.<br \/>\n<strong>Bezp\u0142atna pr\u00f3bka<\/strong>:  Obs\u0142ugiwane<br \/>\n<strong>Personalizacja<\/strong>logo \/ kolor \/ materia\u0142y \/ opakowanie itp.<br \/>\n<strong>Zni\u017cka<\/strong>:  Pierwsze zam\u00f3wienia ju\u017c od 10% taniej.<br \/>\n<strong>Wska\u017anik terminowo\u015bci dostaw<\/strong>:\u00a0 100%<br \/>\n<strong>Przesy\u0142ki og\u00f3\u0142em<\/strong>:  10000 szt.<br \/>\n<strong>Wysy\u0142ka<\/strong>: Fracht morski Fracht l\u0105dowy<\/p>","protected":false},"featured_media":10322,"comment_status":"open","ping_status":"closed","template":"","meta":{"_acf_changed":false},"product_brand":[],"product_cat":[31,188],"product_tag":[87,73,190],"class_list":{"0":"post-10316","1":"product","2":"type-product","3":"status-publish","4":"has-post-thumbnail","6":"product_cat-home-storage","7":"product_cat-kitchen","8":"product_tag-bulk-wholesale","9":"product_tag-home-storagewholesaledurable","10":"product_tag-kitchen","12":"first","13":"instock","14":"shipping-taxable","15":"product-type-simple","16":"swiper-slide"},"acf":[],"_links":{"self":[{"href":"https:\/\/www.sellersunionagent.com\/pl\/wp-json\/wp\/v2\/product\/10316","targetHints":{"allow":["GET"]}}],"collection":[{"href":"https:\/\/www.sellersunionagent.com\/pl\/wp-json\/wp\/v2\/product"}],"about":[{"href":"https:\/\/www.sellersunionagent.com\/pl\/wp-json\/wp\/v2\/types\/product"}],"replies":[{"embeddable":true,"href":"https:\/\/www.sellersunionagent.com\/pl\/wp-json\/wp\/v2\/comments?post=10316"}],"wp:featuredmedia":[{"embeddable":true,"href":"https:\/\/www.sellersunionagent.com\/pl\/wp-json\/wp\/v2\/media\/10322"}],"wp:attachment":[{"href":"https:\/\/www.sellersunionagent.com\/pl\/wp-json\/wp\/v2\/media?parent=10316"}],"wp:term":[{"taxonomy":"product_brand","embeddable":true,"href":"https:\/\/www.sellersunionagent.com\/pl\/wp-json\/wp\/v2\/product_brand?post=10316"},{"taxonomy":"product_cat","embeddable":true,"href":"https:\/\/www.sellersunionagent.com\/pl\/wp-json\/wp\/v2\/product_cat?post=10316"},{"taxonomy":"product_tag","embeddable":true,"href":"https:\/\/www.sellersunionagent.com\/pl\/wp-json\/wp\/v2\/product_tag?post=10316"}],"curies":[{"name":"wp","href":"https:\/\/api.w.org\/{rel}","templated":true}]}}