{"id":10310,"date":"2022-09-01T18:33:43","date_gmt":"2022-09-01T10:33:43","guid":{"rendered":"https:\/\/sellersunionagent.com\/?post_type=product&#038;p=10310"},"modified":"2022-09-02T12:27:26","modified_gmt":"2022-09-02T04:27:26","slug":"wholesale-multifunctional-divided-serving-tray-for-kitchen-refrigerators","status":"publish","type":"product","link":"https:\/\/www.sellersunionagent.com\/pl\/wholesale-multifunctional-divided-serving-tray-for-kitchen-refrigerators\/","title":{"rendered":"Hurtowa wielofunkcyjna dzielona taca do serwowania do kuchni\/lod\u00f3wek"},"content":{"rendered":"<h2>Home Storage Multifunctional Divided Serving Tray for Kitchen\/Refrigerators<\/h2>\n<p>&nbsp;<\/p>\n<p>&nbsp;<\/p>\n<ul>\n<li>ANGLED EDGES PREVENT SPILLS<\/li>\n<\/ul>\n<p>&nbsp;<\/p>\n<ul>\n<li>CLASSIC COLOR<\/li>\n<\/ul>\n<p>&nbsp;<\/p>\n<ul>\n<li>VERSATILE SERVING PLATTERS<\/li>\n<\/ul>\n<p>&nbsp;<\/p>\n<ul>\n<li>WIDE APPLICATION\n<p style=\"text-align: center\"><strong>Typ<\/strong>: Przechowywanie w domu<\/p>\n<p style=\"text-align: center\"><strong>Numer pozycji:<\/strong> YM6502<\/p>\n<p style=\"text-align: center\"><strong>Rozmiar elementu<\/strong>:<\/p>\n<p style=\"text-align: center\">42*25*8.5cm<\/p>\n<p style=\"text-align: center\"><strong>Waga przedmiotu<\/strong>: 1143g<\/p>\n<p style=\"text-align: center\"><strong>Kolory<\/strong>: White, dark green<\/p>\n<p style=\"text-align: center\"><strong>Packaging:<\/strong> Heat shrinkable<\/p>\n<p><img fetchpriority=\"high\" decoding=\"async\" class=\"aligncenter wp-image-10314\" src=\"https:\/\/www.sellersunionagent.com\/wp-content\/uploads\/2022\/09\/O1CN01x83jsM1KlTal43kQd_1681711204-0-cib.jpg\" alt=\"Przechowywanie w kuchni\" width=\"600\" height=\"600\" \/> <img decoding=\"async\" class=\"aligncenter wp-image-10313\" src=\"https:\/\/www.sellersunionagent.com\/wp-content\/uploads\/2022\/09\/O1CN01rgB9rF1KlTarpcsQx_1681711204-0-cib.jpg\" alt=\"Przechowywanie w kuchni\" width=\"600\" height=\"600\" \/> <img decoding=\"async\" class=\"aligncenter wp-image-10312\" src=\"https:\/\/www.sellersunionagent.com\/wp-content\/uploads\/2022\/09\/O1CN01qI1FPK1KlTar6ddq7_1681711204-0-cib.jpg\" alt=\"Przechowywanie w kuchni\" width=\"600\" height=\"600\" \/> <img loading=\"lazy\" decoding=\"async\" class=\"aligncenter wp-image-10311\" src=\"https:\/\/www.sellersunionagent.com\/wp-content\/uploads\/2022\/09\/O1CN01CWQkIh1KlTate2qIT_1681711204-0-cib.jpg\" alt=\"Przechowywanie w kuchni\" width=\"600\" height=\"600\" \/><\/li>\n<\/ul>","protected":false},"excerpt":{"rendered":"<p><strong>MOQ<\/strong>:  1000 szt.<br \/>\n<strong>Bezp\u0142atna pr\u00f3bka<\/strong>:  Obs\u0142ugiwane<br \/>\n<strong>Personalizacja<\/strong>logo \/ kolor \/ materia\u0142y \/ opakowanie itp.<br \/>\n<strong>Zni\u017cka<\/strong>:  Pierwsze zam\u00f3wienia ju\u017c od 10% taniej.<br \/>\n<strong>Wska\u017anik terminowo\u015bci dostaw<\/strong>:\u00a0 100%<br \/>\n<strong>Przesy\u0142ki og\u00f3\u0142em<\/strong>:  10000 szt.<br \/>\n<strong>Wysy\u0142ka<\/strong>: Fracht morski Fracht l\u0105dowy<\/p>","protected":false},"featured_media":10315,"comment_status":"open","ping_status":"closed","template":"","meta":{"_acf_changed":false},"product_brand":[],"product_cat":[31,188],"product_tag":[87,70,190,93],"class_list":{"0":"post-10310","1":"product","2":"type-product","3":"status-publish","4":"has-post-thumbnail","6":"product_cat-home-storage","7":"product_cat-kitchen","8":"product_tag-bulk-wholesale","9":"product_tag-home-storage","10":"product_tag-kitchen","11":"product_tag-storage","13":"first","14":"instock","15":"shipping-taxable","16":"product-type-simple","17":"swiper-slide"},"acf":[],"_links":{"self":[{"href":"https:\/\/www.sellersunionagent.com\/pl\/wp-json\/wp\/v2\/product\/10310","targetHints":{"allow":["GET"]}}],"collection":[{"href":"https:\/\/www.sellersunionagent.com\/pl\/wp-json\/wp\/v2\/product"}],"about":[{"href":"https:\/\/www.sellersunionagent.com\/pl\/wp-json\/wp\/v2\/types\/product"}],"replies":[{"embeddable":true,"href":"https:\/\/www.sellersunionagent.com\/pl\/wp-json\/wp\/v2\/comments?post=10310"}],"wp:featuredmedia":[{"embeddable":true,"href":"https:\/\/www.sellersunionagent.com\/pl\/wp-json\/wp\/v2\/media\/10315"}],"wp:attachment":[{"href":"https:\/\/www.sellersunionagent.com\/pl\/wp-json\/wp\/v2\/media?parent=10310"}],"wp:term":[{"taxonomy":"product_brand","embeddable":true,"href":"https:\/\/www.sellersunionagent.com\/pl\/wp-json\/wp\/v2\/product_brand?post=10310"},{"taxonomy":"product_cat","embeddable":true,"href":"https:\/\/www.sellersunionagent.com\/pl\/wp-json\/wp\/v2\/product_cat?post=10310"},{"taxonomy":"product_tag","embeddable":true,"href":"https:\/\/www.sellersunionagent.com\/pl\/wp-json\/wp\/v2\/product_tag?post=10310"}],"curies":[{"name":"wp","href":"https:\/\/api.w.org\/{rel}","templated":true}]}}