{"id":10303,"date":"2022-09-01T18:23:17","date_gmt":"2022-09-01T10:23:17","guid":{"rendered":"https:\/\/sellersunionagent.com\/?post_type=product&#038;p=10303"},"modified":"2022-09-02T12:28:44","modified_gmt":"2022-09-02T04:28:44","slug":"dodatkowy-regal-do-przechowywania-w-kuchni","status":"publish","type":"product","link":"https:\/\/www.sellersunionagent.com\/pl\/extra-storage-rack-for-kitchen\/","title":{"rendered":"Dodatkowy stojak do przechowywania w kuchni"},"content":{"rendered":"<h1 class=\"a-size-large a-spacing-none\"><span class=\"a-size-large product-title-word-break\">Dodatkowy stojak do przechowywania P\u00f3\u0142ki \u015bcienne <\/span><span id=\"productTitle\" class=\"a-size-large product-title-word-break\">dla kuchni <\/span><span id=\"productTitle\" class=\"a-size-large product-title-word-break\">- Du\u017cy<\/span><\/h1>\n<p>&nbsp;<\/p>\n<p>&nbsp;<\/p>\n<ul>\n<li>Najbardziej warto\u015bciowy zestaw z lepsz\u0105 wydajno\u015bci\u0105<\/li>\n<\/ul>\n<p>&nbsp;<\/p>\n<p>&nbsp;<\/p>\n<ul>\n<li>Niezawodny materia\u0142 dla d\u0142u\u017cszej \u017cywotno\u015bci<\/li>\n<\/ul>\n<p>&nbsp;<\/p>\n<p>&nbsp;<\/p>\n<ul>\n<li>Pe\u0142ne wykorzystanie przestrzeni na \u015bcianie<\/li>\n<\/ul>\n<p>&nbsp;<\/p>\n<p>&nbsp;<\/p>\n<ul>\n<li>Szerokie zastosowanie w dowolnym miejscu<\/li>\n<\/ul>\n<p>&nbsp;<\/p>\n<p>&nbsp;<\/p>\n<ul>\n<li>\u0141atwa instalacja i serwis posprzeda\u017cowy<\/li>\n<\/ul>\n<p>&nbsp;<\/p>\n<p style=\"text-align: center\"><strong>Typ<\/strong>: Przechowywanie w domu<\/p>\n<p style=\"text-align: center\"><strong>Numer pozycji:<\/strong> YM6539<\/p>\n<p style=\"text-align: center\"><strong>Waga przedmiotu<\/strong>:316g<\/p>\n<p style=\"text-align: center\"><strong>Kolory<\/strong>: Bia\u0142y<\/p>\n<p style=\"text-align: center\"><img fetchpriority=\"high\" decoding=\"async\" class=\"aligncenter wp-image-10308\" src=\"https:\/\/www.sellersunionagent.com\/wp-content\/uploads\/2022\/09\/O1CN015ZMJcZ1KlTcyRdyuf_1681711204-0-cib.jpg\" alt=\"Przechowywanie w kuchni\" width=\"600\" height=\"600\" \/> <img decoding=\"async\" class=\"aligncenter wp-image-10307\" src=\"https:\/\/www.sellersunionagent.com\/wp-content\/uploads\/2022\/09\/O1CN01wfFPug1KlTd533B9k_1681711204-0-cib.jpg\" alt=\"Przechowywanie w kuchni\" width=\"600\" height=\"600\" \/> <img decoding=\"async\" class=\"aligncenter wp-image-10305\" src=\"https:\/\/www.sellersunionagent.com\/wp-content\/uploads\/2022\/09\/O1CN01g5U6cK1KlTctiYIgI_1681711204-0-cib.jpg\" alt=\"Przechowywanie w kuchni\" width=\"600\" height=\"600\" \/> <img loading=\"lazy\" decoding=\"async\" class=\"alignnone wp-image-10304\" src=\"https:\/\/www.sellersunionagent.com\/wp-content\/uploads\/2022\/09\/O1CN01AiQ3p01KlTd0GqHcN_1681711204-0-cib.jpg\" alt=\"Przechowywanie w kuchni\" width=\"600\" height=\"600\" \/><\/p>\n<p>&nbsp;<\/p>","protected":false},"excerpt":{"rendered":"<p><strong>MOQ<\/strong>:  1000 szt.<br \/>\n<strong>Bezp\u0142atna pr\u00f3bka<\/strong>:  Obs\u0142ugiwane<br \/>\n<strong>Personalizacja<\/strong>logo \/ kolor \/ materia\u0142y \/ opakowanie itp.<br \/>\n<strong>Zni\u017cka<\/strong>:  Pierwsze zam\u00f3wienia ju\u017c od 10% taniej.<br \/>\n<strong>Wska\u017anik terminowo\u015bci dostaw<\/strong>:\u00a0 100%<br \/>\n<strong>Przesy\u0142ki og\u00f3\u0142em<\/strong>:  10000 szt.<br \/>\n<strong>Wysy\u0142ka<\/strong>: Fracht morski Fracht l\u0105dowy<\/p>","protected":false},"featured_media":10309,"comment_status":"open","ping_status":"closed","template":"","meta":{"_acf_changed":false},"product_brand":[],"product_cat":[31,188],"product_tag":[87,73,190],"class_list":{"0":"post-10303","1":"product","2":"type-product","3":"status-publish","4":"has-post-thumbnail","6":"product_cat-home-storage","7":"product_cat-kitchen","8":"product_tag-bulk-wholesale","9":"product_tag-home-storagewholesaledurable","10":"product_tag-kitchen","12":"first","13":"instock","14":"shipping-taxable","15":"product-type-simple","16":"swiper-slide"},"acf":[],"_links":{"self":[{"href":"https:\/\/www.sellersunionagent.com\/pl\/wp-json\/wp\/v2\/product\/10303","targetHints":{"allow":["GET"]}}],"collection":[{"href":"https:\/\/www.sellersunionagent.com\/pl\/wp-json\/wp\/v2\/product"}],"about":[{"href":"https:\/\/www.sellersunionagent.com\/pl\/wp-json\/wp\/v2\/types\/product"}],"replies":[{"embeddable":true,"href":"https:\/\/www.sellersunionagent.com\/pl\/wp-json\/wp\/v2\/comments?post=10303"}],"wp:featuredmedia":[{"embeddable":true,"href":"https:\/\/www.sellersunionagent.com\/pl\/wp-json\/wp\/v2\/media\/10309"}],"wp:attachment":[{"href":"https:\/\/www.sellersunionagent.com\/pl\/wp-json\/wp\/v2\/media?parent=10303"}],"wp:term":[{"taxonomy":"product_brand","embeddable":true,"href":"https:\/\/www.sellersunionagent.com\/pl\/wp-json\/wp\/v2\/product_brand?post=10303"},{"taxonomy":"product_cat","embeddable":true,"href":"https:\/\/www.sellersunionagent.com\/pl\/wp-json\/wp\/v2\/product_cat?post=10303"},{"taxonomy":"product_tag","embeddable":true,"href":"https:\/\/www.sellersunionagent.com\/pl\/wp-json\/wp\/v2\/product_tag?post=10303"}],"curies":[{"name":"wp","href":"https:\/\/api.w.org\/{rel}","templated":true}]}}